{"id":125,"date":"2012-09-05T21:34:11","date_gmt":"2012-09-05T21:34:11","guid":{"rendered":"http:\/\/mk.robal.org\/c5\/?page_id=19"},"modified":"2019-02-22T23:10:51","modified_gmt":"2019-02-22T22:10:51","slug":"archiwalia","status":"publish","type":"page","link":"https:\/\/czarna5.zhp.net.pl\/?page_id=125","title":{"rendered":"archiwalia"},"content":{"rendered":"<p>Tutaj znajduj\u0105 si\u0119 starocie. Materia\u0142y kt\u00f3re kiedy\u015b wypracowali\u015bmy i mo\u017ce komu\u015b si\u0119 jeszcze przydadz\u0105 \ud83d\ude09<\/p>\n<p>Konstytucja Szczepu &#8211; <a href=\"http:\/\/czarna5.zhp.net.pl\/wp-content\/uploads\/2012\/09\/konstytucja-zmiany-31.08.15.doc\">do pobrania<\/a><\/p>\n<p>Archiwalna Konstytucja naszego Szczepu &#8211; <a href=\".\/archiwalia\/pobieralnia\/konstytucja.doc\" target=\"_blank\"> do pobrania<\/a><br \/>\nZa\u0142\u0105cznik do Konstytucji &#8211; <a href=\".\/archiwalia\/pobieralnia\/plakietki.doc\" target=\"_blank\">Nadawanie plakietek Szczepu<\/a><br \/>\nPunktacja do GOT z obozu w\u0119drownego w\u00a0<a href=\".\/archiwalia\/pobieralnia\/gotwedr04.doc\" target=\"_blank\">Pieniny<\/a><br \/>\nPunktacja do GOT z zimowiska na <a href=\".\/archiwalia\/pobieralnia\/gotrog.doc\" target=\"_blank\">Rogaczu<\/a><br \/>\nPunktacja do GOT z obozu w <a href=\".\/archiwalia\/pobieralnia\/gotprzes.doc\" target=\"_blank\">Przesiece<\/a><\/p>\n<p>Materia\u0142y dotycz\u0105ce pakowania <a href=\".\/archiwalia\/pobieralnia\/pakowanie.doc\" target=\"_blank\">plecaka <\/a> (specjalnie dla Tomka)<\/p>\n<p>Gry, zabawy i inne pomys\u0142y<br \/>\nplan Hepenningu ekologicznego\u00a0<a href=\".\/archiwalia\/gry\/ekohepening.txt\" target=\"_blank\">EKOHEPENING<\/a><br \/>\ngra fabularna <a href=\".\/archiwalia\/gry\/fantasy.txt\" target=\"_blank\">W\u0141ADCA PIER\u015aCIENI<\/a><br \/>\ni jeszcze jedna gra fabularna <a href=\".\/archiwalia\/gry\/fortwoya.txt\" target=\"_blank\">FORT WOYART<\/a><br \/>\nzestaw <a href=\".\/archiwalia\/gry\/gry_ratownicze.txt\" target=\"_blank\">GIER RATOWNICZYCH<\/a><br \/>\ngry <a href=\".\/archiwalia\/gry\/gry_wojskowe.txt\" target=\"_blank\">WOJSKOWE<\/a><br \/>\nkilka pomys\u0142\u00f3w <a href=\".\/archiwalia\/gry\/pomysly_na_deszcz.txt\" target=\"_blank\">NA DESZCZ<\/a><br \/>\ni na <a href=\".\/archiwalia\/gry\/pozoracje.txt\" target=\"_blank\">POZORACJE<\/a><br \/>\noraz pozoracje <a href=\".\/archiwalia\/gry\/pozoracje_grupowe.txt\" target=\"_blank\">GRUPOWE<\/a><br \/>\ntutaj jest kilka gier <a href=\".\/archiwalia\/gry\/taktyka.txt\" target=\"_blank\">TAKTYCZNYCH<\/a><br \/>\na tu jest pomys\u0142 na turniej <a href=\".\/archiwalia\/gry\/rycerze.txt\" target=\"_blank\">RYCERSKI<\/a><\/p>\n","protected":false},"excerpt":{"rendered":"<p>Tutaj znajduj\u0105 si\u0119 starocie. Materia\u0142y kt\u00f3re kiedy\u015b wypracowali\u015bmy i mo\u017ce komu\u015b si\u0119 jeszcze przydadz\u0105 \ud83d\ude09 Konstytucja Szczepu &#8211; do pobrania Archiwalna Konstytucja naszego Szczepu &#8211; do pobrania Za\u0142\u0105cznik do Konstytucji &#8211; Nadawanie plakietek Szczepu Punktacja do GOT z obozu w\u0119drownego &hellip; <a class=\"more-link\" href=\"https:\/\/czarna5.zhp.net.pl\/?page_id=125\">Czytaj dalej <span class=\"meta-nav\">&rarr;<\/span><\/a><\/p>\n","protected":false},"author":1,"featured_media":0,"parent":0,"menu_order":0,"comment_status":"closed","ping_status":"open","template":"","meta":[],"_links":{"self":[{"href":"https:\/\/czarna5.zhp.net.pl\/index.php?rest_route=\/wp\/v2\/pages\/125"}],"collection":[{"href":"https:\/\/czarna5.zhp.net.pl\/index.php?rest_route=\/wp\/v2\/pages"}],"about":[{"href":"https:\/\/czarna5.zhp.net.pl\/index.php?rest_route=\/wp\/v2\/types\/page"}],"author":[{"embeddable":true,"href":"https:\/\/czarna5.zhp.net.pl\/index.php?rest_route=\/wp\/v2\/users\/1"}],"replies":[{"embeddable":true,"href":"https:\/\/czarna5.zhp.net.pl\/index.php?rest_route=%2Fwp%2Fv2%2Fcomments&post=125"}],"version-history":[{"count":10,"href":"https:\/\/czarna5.zhp.net.pl\/index.php?rest_route=\/wp\/v2\/pages\/125\/revisions"}],"predecessor-version":[{"id":1729,"href":"https:\/\/czarna5.zhp.net.pl\/index.php?rest_route=\/wp\/v2\/pages\/125\/revisions\/1729"}],"wp:attachment":[{"href":"https:\/\/czarna5.zhp.net.pl\/index.php?rest_route=%2Fwp%2Fv2%2Fmedia&parent=125"}],"curies":[{"name":"wp","href":"https:\/\/api.w.org\/{rel}","templated":true}]}}