{"id":127,"date":"2012-11-18T06:08:33","date_gmt":"2012-11-18T06:08:33","guid":{"rendered":"http:\/\/mk.robal.org\/c5\/?page_id=127"},"modified":"2024-09-12T13:43:26","modified_gmt":"2024-09-12T12:43:26","slug":"5-ddh","status":"publish","type":"page","link":"https:\/\/czarna5.zhp.net.pl\/?page_id=127","title":{"rendered":"5  D\u0105browska Dru\u017cyna Harcerska        &#8222;ad infinitum&#8221;"},"content":{"rendered":"<p>5 D\u0105browska Dru\u017cyna Harcerska \u201ead infinitum\u201d im. Janusza Korczaka posiada ponad 30-letni\u0105 histori\u0119. Dru\u017cyna zosta\u0142a za\u0142o\u017cona w 1992 r., kilka lat p\u00f3\u017aniej ze \u015brodowiska wyr\u00f3s\u0142 szczep, kt\u00f3ry dzia\u0142a do chwili obecnej.<\/p>\n<p>\u015arodowisko dzia\u0142a przy Zespole Szk\u00f3\u0142 Technicznych w D\u0105browie G\u00f3rniczej, terenem dzia\u0142ania obejmuj\u0105c centrum miasta.<\/p>\n<p>Zapraszamy wszystkich ch\u0119tnych od 4 \u2013 6 klasy do wsp\u00f3lnej przygody, kt\u00f3r\u0105 odkrywamy na ka\u017cdej zbi\u00f3rce, biwaku lub obozie.<\/p>\n<p>Zbi\u00f3rki odbywaj\u0105 si\u0119 w ka\u017cdy pi\u0105tek w Zespole Szk\u00f3\u0142 Technicznych w D\u0105browie G\u00f3rniczej w godzinach 18:00 \u2013 20:00.<br \/>\nKontakt: dru\u017cynowy &#8211; \u0107w. Marcin Wojtacha,<br \/>\ne-mail: <a href=\"mailto:marcin.wojtacha@zhp.pl\">marcin.wojtacha@zhp.pl<\/a><br \/>\nOpiekun dru\u017cyny: hm. Patrycja Makarska,<br \/>\ne-mail:\u00a0<a href=\"mailto:patrycja.makarska@zhp.net.pl\">patrycja.makarska@zhp.net.pl<\/a><\/p>\n","protected":false},"excerpt":{"rendered":"<p>5 D\u0105browska Dru\u017cyna Harcerska \u201ead infinitum\u201d im. Janusza Korczaka posiada ponad 30-letni\u0105 histori\u0119. Dru\u017cyna zosta\u0142a za\u0142o\u017cona w 1992 r., kilka lat p\u00f3\u017aniej ze \u015brodowiska wyr\u00f3s\u0142 szczep, kt\u00f3ry dzia\u0142a do chwili obecnej. \u015arodowisko dzia\u0142a przy Zespole Szk\u00f3\u0142 Technicznych w D\u0105browie G\u00f3rniczej, &hellip; <a class=\"more-link\" href=\"https:\/\/czarna5.zhp.net.pl\/?page_id=127\">Czytaj dalej <span class=\"meta-nav\">&rarr;<\/span><\/a><\/p>\n","protected":false},"author":1,"featured_media":0,"parent":0,"menu_order":0,"comment_status":"closed","ping_status":"closed","template":"","meta":[],"_links":{"self":[{"href":"https:\/\/czarna5.zhp.net.pl\/index.php?rest_route=\/wp\/v2\/pages\/127"}],"collection":[{"href":"https:\/\/czarna5.zhp.net.pl\/index.php?rest_route=\/wp\/v2\/pages"}],"about":[{"href":"https:\/\/czarna5.zhp.net.pl\/index.php?rest_route=\/wp\/v2\/types\/page"}],"author":[{"embeddable":true,"href":"https:\/\/czarna5.zhp.net.pl\/index.php?rest_route=\/wp\/v2\/users\/1"}],"replies":[{"embeddable":true,"href":"https:\/\/czarna5.zhp.net.pl\/index.php?rest_route=%2Fwp%2Fv2%2Fcomments&post=127"}],"version-history":[{"count":20,"href":"https:\/\/czarna5.zhp.net.pl\/index.php?rest_route=\/wp\/v2\/pages\/127\/revisions"}],"predecessor-version":[{"id":2151,"href":"https:\/\/czarna5.zhp.net.pl\/index.php?rest_route=\/wp\/v2\/pages\/127\/revisions\/2151"}],"wp:attachment":[{"href":"https:\/\/czarna5.zhp.net.pl\/index.php?rest_route=%2Fwp%2Fv2%2Fmedia&parent=127"}],"curies":[{"name":"wp","href":"https:\/\/api.w.org\/{rel}","templated":true}]}}