{"id":1331,"date":"2016-06-09T17:16:14","date_gmt":"2016-06-09T16:16:14","guid":{"rendered":"http:\/\/czarna5.zhp.net.pl\/?page_id=1331"},"modified":"2016-06-14T18:57:51","modified_gmt":"2016-06-14T17:57:51","slug":"rozkazy-zimowisko-2016","status":"publish","type":"page","link":"https:\/\/czarna5.zhp.net.pl\/?page_id=1331","title":{"rendered":"rozkazy zimowisko 2016"},"content":{"rendered":"<p>Zwi\u0105zek Harcerstwa Polskiego Rycerka Kolonia, dnia 28.02.2016r.<br \/>\nChor\u0105giew \u015al\u0105ska<br \/>\nHufiec D\u0105browa G\u00f3rnicza<br \/>\nV Szczep Harcerski \u201eCzarna Pi\u0105tka\u201d<br \/>\nKomendantka Zimowiska<br \/>\n<strong>Rozkaz L.5\/2015<br \/>\n<\/strong><br \/>\nNarnijczycy! Nasze harcowanie w Rycerce powoli dobiega ko\u0144ca. Bardzo Wam dzi\u0119kuj\u0119 za<br \/>\nten wsp\u00f3lnie sp\u0119dzony czas po\u015br\u00f3d zimy i \u015bniegu, w tej bajkowej krainie. \u017bywi\u0119 g\u0142\u0119bokie<br \/>\nprzekonanie, \u017ce po raz kolejny uda\u0142o nam si\u0119 wyczarowa\u0107 5 fantastycznych dni. Do<br \/>\nzobaczenia na imprezach szczepu i na obozie harcerskim.<br \/>\n1. Zwolnienia z funkcji<br \/>\n1.1 Z momentem przyjazdu do D\u0105browy G\u00f3rniczej zwalniam z funkcji nast\u0119puj\u0105ce druhny i<br \/>\ndruh\u00f3w:<br \/>\nphm. Dari\u0119 Galant \u2013 z funkcji kwatermistrza i obo\u017anej HAZ<br \/>\npwd. Ewelin\u0119 Stanek \u2013 zast\u0119pczyni komendantki HAZ ds. programu<br \/>\nzesp\u00f3\u0142 programowy w sk\u0142adzie: pwd. Martyna Filip, pwd. Magdalena Robakowska, pwd. Damian<br \/>\nTwarowski, dh. Mateusz W\u00f3jcik, dh. Klara Obarewicz, dh. Kacper Szymczak, dh. Martyna<br \/>\nOrszulak.<br \/>\n2. Rozwi\u0105zanie zast\u0119p\u00f3w i zwolnienia zast\u0119powych<br \/>\n2.1 Z momentem przyjazdu do D\u0105browy G\u00f3rniczej rozwi\u0105zuj\u0119 nast\u0119puj\u0105ce zast\u0119py i<br \/>\nzwalniam z funkcji zast\u0119powych nast\u0119puj\u0105ce druhny i druh\u00f3w: Twarde jak Aslan \u2013 zast\u0119powa<br \/>\nzuch Patrycja Okiennica, Zuchy Aslana \u2013 zast\u0119powy zuch ochoczy Rados\u0142aw Cio\u0142ek, Weso\u0142e<br \/>\nNarnijki \u2013 zast\u0119powa och. Julia Zarzycka, Uczynne Bobry \u2013 zast\u0119powy dh. Wojciech<br \/>\nChechelski, Pokojowy Zast\u0119p Zuzanny \u0141agodnej \u2013 zast\u0119powa trop. Zuzanna Czubak,<br \/>\nWaleczne Dzikie Koty \u00ac zast\u0119powy m\u0142odzik Marcin Sob\u00f3r, R\u00f3d Kartoflowego Pola \u2013<br \/>\nzast\u0119powy dh. Mateusz Robakowski.<br \/>\n3. Wst\u0105pienia do organizacji<br \/>\n3.1 Podaj\u0119 do wiadomo\u015bci, \u017ce w dniu dzisiejszym, w p\u00f3\u017anych godzinach nocnych i<br \/>\nwczesnych godzinach porannych Przyrzeczenie Harcerskie z\u0142o\u017cyli nast\u0119puj\u0105cy druhowie:<br \/>\nJakub Sadowski, Wojciech Banach i Piotr \u015awi\u0105tek. Gratulujemy Druhom i \u017cyczymy<br \/>\nwspania\u0142ej przygody na harcerskiej \u015bcie\u017cce.<br \/>\n4. Zwolnienia w szczepie<br \/>\n4.1 Na wniosek zainteresowanego zwalniam dh. hm. Roberta Latacza z funkcji zast\u0119pcy<br \/>\nkomendantki szczepu ds. finansowych i tym samym cz\u0142onka komendy szczepu i rady szczepu,<br \/>\nr\u00f3wnocze\u015bnie bardzo dzi\u0119kuj\u0105c Druhowi za rzeteln\u0105 i ofiarna s\u0142u\u017cb\u0119 na pe\u0142nionej funkcji.<br \/>\n4.2. Zwalniam z funkcji kwatermistrza szczepu pwd. Damiana Twarowskiego. Dzi\u0119kuj\u0119<br \/>\nDruhowi za dotychczasowe zaanga\u017cowanie i \u017cycz\u0119 dalszego rozwoju na innych funkcjach.<br \/>\n5. Mianowania<br \/>\n5.1 Na funkcj\u0119 kwatermistrza szczepu powo\u0142uj\u0119 wyw. Mateusza Robakowskiego. \u017bycz\u0119<br \/>\nDruhowi satysfakcji z przyj\u0119tej s\u0142u\u017cby na rzecz naszej szczepowej spo\u0142eczno\u015bci.<br \/>\n6. Plakietki szczepu<br \/>\n6.1 Na wniosek dru\u017cynowego 25 DDH \u201eastra\u201d przyznaj\u0119 plakietki szczepu nast\u0119puj\u0105cym<br \/>\ndruhnom i druhom: Jakub Sadowski, Wojciech Banach, Natalia W\u0142odarczyk, Borys Soczawa.<br \/>\n6.2 Na wniosek dru\u017cynowej 5 DDH \u201ead infinitum\u201d im. J. Korczaka przyznaj\u0119 plakietk\u0119<br \/>\nszczepu dh. Piotrowi \u015awi\u0105tkowi.<br \/>\n6.3 Przyznaj\u0119 plakietk\u0119 szczepu dh. Martynie Orszulak.<br \/>\n7. Pochwa\u0142y, nagrody, wyr\u00f3\u017cnienia<br \/>\nInformuj\u0119 z prawdziw\u0105 rado\u015bci\u0105, \u017ce tej nocy dwa Dzielne Muminki obieca\u0142y by\u0107 dobrymi<br \/>\nzuchami ochoczymi, czyli zdoby\u0142y swoj\u0105 pierwsz\u0105 zuchow\u0105 gwiazdk\u0119 \u2013 s\u0105 to zuch Bartosz<br \/>\nCie\u015blar i zuch Maksymilian Wojciechowski.<br \/>\n7.1 Wszem i wobec podaj\u0119 do wiadomo\u015bci wynik wsp\u00f3\u0142zawodnictwa narnijskich zast\u0119p\u00f3w:<br \/>\nMiejsce 7 \u2013 R\u00f3d Kartoflowego Pola pkt 6<br \/>\nMiejsce 6 \u2013 Zuchy Aslana \u2013 pkt 7<br \/>\nMiejsce 5 \u2013 Waleczne Dzikie Koty \u2013 pkt 10<br \/>\nMiejsce 4 \u2013 Twarde jak Aslan \u2013 pkt 12<br \/>\nMiejsce 3 \u2013 Uczynne Bobry \u2013 pkt 16<br \/>\nMiejsce 2 \u2013 Weso\u0142e Narnijki \u2013 pkt 17<br \/>\nMiejsc 1 \u2013 Pokojowy Zast\u0119p Zuzanny \u0141agodnej \u2013 pkt 20<br \/>\nGratuluj\u0119 zwyci\u0119zcom!<br \/>\n7.2 Podaj\u0119 r\u00f3wnie\u017c do wiadomo\u015bci wyniki konkursu plastycznego \u201eNarnia moimi oczami\u201d \u2013<br \/>\nkategoria zuchy \u2013 Patrycja Okienica, kategoria harcerze \u2013 Natalia W\u0142odarczyk, kategoria<br \/>\nharcerze starsi \u2013 Paulina \u0141yczek, w\u0119drownicy \u2013 Mateusz W\u00f3jcik. Wszystkie prace by\u0142y na<br \/>\nbardzo wysokim poziomie, gratulujemy talent\u00f3w!<br \/>\n7.3 Udzielam pochwa\u0142y dru\u017cynowym i przybocznym obecnym i nie obecnym na zimowisku<br \/>\nza zaanga\u017cowanie w przygotowanie i organizacj\u0119 zimowiska, szczeg\u00f3lnie za wspania\u0142\u0105<br \/>\nwsp\u00f3\u0142prac\u0119 i wzajemne uzupe\u0142nianie si\u0119. Praca z Wami to przyjemno\u015b\u0107.<br \/>\n7.4 Dzi\u0119kuj\u0119 phm. Darii Galant za pe\u0142nienie dw\u00f3ch funkcji i zaanga\u017cowanie w kwestie<br \/>\nwychowawcze.<br \/>\n7.5 Dzi\u0119kuj\u0119 pwd. Ewelinie Stanek za organizacj\u0119 kwestii programowych i rzetelno\u015b\u0107 oraz<br \/>\nniezawodno\u015b\u0107 w podejmowanych dzia\u0142aniach.<br \/>\n7.6 Sk\u0142adam podzi\u0119kowania hm. Robertowi Lataczowi za pomoc w organizacji zimowiska.<br \/>\n7.7 W imieniu uczestnik\u00f3w i kadry zimowiska \u201eNarnia\u201d sk\u0142adam gor\u0105ce podzi\u0119kowania dh.<br \/>\nphm. Aleksandrze Nadolnej za pomoc w organizacji dofinansowania i rozliczeniu narnijskich<br \/>\nharc\u00f3w.<br \/>\nCzuwaj!<br \/>\nhm. Patrycja Makarska\u00acChachaj<br \/>\n&#8212;&#8212;&#8212;&#8212;&#8212;&#8212;&#8212;&#8212;&#8212;&#8212;&#8212;&#8212;&#8212;&#8212;&#8212;&#8212;&#8212;&#8212;&#8212;&#8212;&#8212;-<br \/>\nZwi\u0105zek Harcerstwa Polskiego Rycerka Kolonia, dnia 27.02.2016r.<br \/>\nChor\u0105giew \u015al\u0105ska<br \/>\nHufiec D\u0105browa G\u00f3rnicza<br \/>\nV Szczep Harcerski \u201eCzarna Pi\u0105tka\u201d<br \/>\nKomendantka Zimowiska<br \/>\n<strong> Rozkaz L.4\/2016<\/strong><br \/>\n1. Podaj\u0119 do wiadomo\u015bci nast\u0119puj\u0105cy harmonogram dnia:<br \/>\n08:00 \u2013 \u015bniadanie<br \/>\n09:30 \u2013 zaj\u0119cia w dru\u017cynach<br \/>\n11:30 \u2013 zaj\u0119cia programowe przygotowywane przez PDS \u201eNiez\u0142omni\u201d.<br \/>\n13:30 \u2013 obiad<br \/>\n15:30 \u2013 zaj\u0119cia programowe dla wszystkich uczestnik\u00f3w zimowiska z zaproszonymi go\u015b\u0107mi<br \/>\n18:30 \u2013 kolacja<br \/>\n20:30 \u2013 warsztaty narnijskie<br \/>\n22:00 \u2013 cisza nocna<br \/>\n2. S\u0142u\u017cba<br \/>\n2.1 S\u0142u\u017cb\u0119 na zimowisku w dniu dzisiejszym pe\u0142ni 25 DDH \u201eastra\u201d. Instruktor s\u0142u\u017cbowy pwd.<br \/>\nDamian Twarowski.<br \/>\n3. Stopnie, sprawno\u015bci, pr\u00f3by<br \/>\n3.1 Na wniosek dru\u017cynowej 5 DDH \u201ead infinitum\u201d zamykam z wynikiem pozytywnym pr\u00f3b\u0119<br \/>\nna sprawno\u015b\u0107 Lilia i Koniczyna m\u0142. Filipowi Ba\u0144skiemu.<br \/>\n3.2 Na wniosek dru\u017cynowej 5 DDH \u201ead infinitum\u201d zamykam z wynikiem negatywnym<br \/>\nsprawno\u015b\u0107 milczka nast\u0119puj\u0105cym druhnom i druhom: Julia Zarzycka, Zuzanna Szyma\u0144ska,<br \/>\nKonrad Caban, Filip Ba\u0144ski.<br \/>\n3.3 Na wniosek dru\u017cynowej 5 DDH \u201ead infinitum\u201d zamykam z wynikiem pozytywnym<br \/>\nsprawno\u015b\u0107 milczka dh. Kamilowi Oleksy.<br \/>\n3.4 Na wniosek dru\u017cynowego 25 DDH \u201eastra\u201d przyznaj\u0119 sprawno\u015b\u0107 \u0142azika nast\u0119puj\u0105cym<br \/>\ndruhnom i druhom: Natalia W\u0142odarczyk, Borys Soczawa, Krystian G\u0105dek, Jakub Sadowski,<br \/>\nWojciech Banach i Oskar Twarowski.<br \/>\nCzuwaj!<br \/>\nhm. Patrycja Makarska\u00acChachaj<br \/>\n&#8212;&#8212;&#8212;&#8212;&#8212;&#8212;&#8212;&#8212;&#8212;&#8212;&#8212;&#8212;&#8212;&#8212;&#8212;&#8212;&#8212;&#8212;&#8212;-<br \/>\nZwi\u0105zek Harcerstwa Polskiego Rycerka Kolonia, dnia 26.02.2016r.<br \/>\nChor\u0105giew \u015al\u0105ska<br \/>\nHufiec D\u0105browa G\u00f3rnicza<br \/>\nV Szczep Harcerski \u201eCzarna Pi\u0105tka\u201d<br \/>\nKomendantka Zimowiska<br \/>\n<strong>Rozkaz L.3\/2016<\/strong><br \/>\nMieszka\u0144cy naszego kr\u00f3lestwa! W dniu dzisiejszym wyruszamy do s\u0105siednich kr\u00f3lestw<br \/>\nWis\u0142y i Ustronia.<br \/>\n1. Podaj\u0119 do wiadomo\u015bci nast\u0119puj\u0105cy harmonogram dnia:<br \/>\n08:30 \u2013 \u015bniadanie<br \/>\n09:00 \u2013 wycieczka<br \/>\n17:00 \u2013 obiadokolacja<br \/>\n20:00 \u2013 kolacja przy ognisku, zaj\u0119cia programowe<br \/>\n21:45 \u2013 toaleta wieczorna<br \/>\n22:00 \u2013 cisza nocna<br \/>\n2. S\u0142u\u017cba<br \/>\n2.1 S\u0142u\u017cb\u0119 na zimowisku w dniu dzisiejszym pe\u0142ni PDDS \u201eNiez\u0142omni\u201d. Instruktor s\u0142u\u017cbowy<br \/>\ndh. Kacper Szymczak.<br \/>\n3. Zatwierdzenie nazw zast\u0119p\u00f3w<br \/>\n3.1 Z dniem 25.02. zatwierdzam nazw\u0119 zast\u0119pu Kr\u00f3lestwa Narnii: R\u00f3d Kartoflowego Pola \u2013<br \/>\nzast\u0119powy dh. Mateusz Robakowski.<br \/>\n4. Stopnie, sprawno\u015bci<br \/>\n4.1 Na wniosek dru\u017cynowej 5 DDH \u201ead infinitum\u201d otwieram sprawno\u015b\u0107 milczka<br \/>\nnast\u0119puj\u0105cym druhnom i druhom: Julia Zarzycka, Zuzanna Szyma\u0144ska, Konrad Caban, Filip<br \/>\nBa\u0144ski i Kamil Oleksy.<br \/>\n4.2 Na wniosek dru\u017cynowej 5 DDH \u201ead infinitum\u201d przyznaj\u0119 stopie\u0144 m\u0142odzika dh. Filipowi<br \/>\nBa\u0144skiemu.<br \/>\n4.3 Na wniosek dru\u017cynowej 5 DDH \u201ead infinitum\u201d przyznaj\u0119 sprawno\u015b\u0107 sanitariusza dh.<br \/>\nFilipowi Ba\u0144skiemu.<br \/>\n4.4 Na wniosek dru\u017cynowej 5 DDH \u201ead infinitum\u201d przyznaj\u0119 sprawno\u015b\u0107 \u0142azika nast\u0119puj\u0105cym<br \/>\ndruhnom i druhom: Iga Kalinowska, Zuzanna Szyma\u0144ska, Piotr \u015awi\u0105tek i Wojciech Cisak.<br \/>\n4.5 Na wniosek kadry zuchowej naszego zimowiska przyznaj\u0119 sprawno\u015b\u0107 Pomocna d\u0142o\u0144<br \/>\ndruhnie Zuzannie Szyma\u0144skiej.<br \/>\n4.6 Na wniosek kadry zuchowej naszego zimowiska przyznaj\u0119 sprawno\u015b\u0107 Uczynna druhnie<br \/>\nJulii Zarzyckiej.<br \/>\n5. Przyznanie plakietek szczepu<br \/>\n5. 1 Na wniosek dru\u017cynowej 5 DDH \u201ead infinitum\u201d przyznaj\u0119 plakietk\u0119 szczepu<br \/>\nnast\u0119puj\u0105cym druhnom i druhom: Matylda Taborek, Adam Taborek, Kamil Kulka, Konrad<br \/>\nCaban i Kamil Oleksy.<br \/>\n6. Informacj\u0119<br \/>\n6.1 Wszem i wobec podaj\u0119 do wiadomo\u015bci, \u017ce dzisiejszej nocy przyrzecznie harcerskie<br \/>\nz\u0142o\u017cyli dh. Natalia W\u0142odarczyk, dh. Borys Soczawa i dh. Krystian G\u0105dek. Nowym cz\u0142onkom<br \/>\nnaszej organizacji \u017cycz\u0119, by harcowanie by\u0142o ich najwi\u0119ksz\u0105 przygod\u0105.<br \/>\nCzuwaj!<br \/>\nhm. Patrycja Makarska\u00acChachaj<br \/>\n&#8212;&#8212;&#8212;&#8212;&#8212;&#8212;&#8212;&#8212;&#8212;&#8212;&#8212;&#8212;&#8212;&#8212;&#8212;&#8212;&#8212;&#8212;&#8212;&#8212;&#8212;-<br \/>\nZwi\u0105zek Harcerstwa Polskiego Rycerka Kolonia, dnia 24.02.2016r.<br \/>\nChor\u0105giew \u015al\u0105ska<br \/>\nHufiec D\u0105browa G\u00f3rnicza<br \/>\nV Szczep Harcerski \u201eCzarna Pi\u0105tka\u201d<br \/>\nKomendantka Zimowiska<br \/>\n<strong>Rozkaz L.1\/2016<\/strong><br \/>\nZimowe harcowanie czas zacz\u0105\u0107! Przed nami pi\u0119\u0107 dni wsp\u00f3lnych prze\u017cy\u0107 \u2013 wszystkim nam<br \/>\n\u017cycz\u0119 wspania\u0142ej zabawy i kolejnych przyg\u00f3d.<br \/>\nWyci\u0105g z rozkazu Komendanta Hufca ZHP z dnia 31.01.2016r. L.1\/2016<br \/>\n6. Harcerska Akcja Letnia i Zimowa<br \/>\n6.1 Zwolnienia i mianowania komendant\u00f3w<br \/>\nMianuj\u0119 komendantk\u0105 zimowiska w Rajczy Nieckulinie dh. hm. Patrycj\u0119 Makarsk\u0105 \u2013 Chachaj\u201d<br \/>\nCzuwaj!<br \/>\nphm. Rados\u0142aw Nawrot<br \/>\n1. Mianowania<br \/>\n1.1 Powo\u0142uj\u0119 komend\u0119 HAZ 2016 w nast\u0119puj\u0105cym sk\u0142adzie:<br \/>\nphm. Daria Galant \u2013 kwatermistrz i obo\u017ana HAZ<br \/>\npwd. Ewelina Stanek \u2013 zast\u0119pczyni komendantki HAZ ds. programu<br \/>\nzesp\u00f3\u0142 programowy w sk\u0142adzie: pwd. Martyna Filip, pwd. Magdalena Robakowska, pwd. Damian<br \/>\nTwarowski, dh. Mateusz W\u00f3jcik, dh. Klara Obarewicz, dh. Kacper Szymczak, dh. Martyna<br \/>\nOrszulak.<br \/>\n2. Przyznanie stopni, sprawno\u015bci, uprawnie\u0144, odznak i zaliczenie zada\u0144<br \/>\n2.1 Zamkni\u0119cia pr\u00f3b na stopnie, sprawno\u015bci i inne<br \/>\n2.1.1 Na podstawie wniosku Przewodnicz\u0105cej Kapitu\u0142y Pr\u00f3b W\u0119drowniczych z dnia 10.01.2016r.<br \/>\ndzia\u0142aj\u0105cej przy Radzie Szczepu otwieram pr\u00f3b\u0119 w\u0119drownicz\u0105 dh. Kacprowi Szymczak oraz<br \/>\nzamykam z wynikiem negatywnym pr\u00f3b\u0119 w\u0119drownicz\u0105 dh. Mateuszowi W\u00f3jcikowi.<br \/>\n3. Podaj\u0119 do wiadomo\u015bci nast\u0119puj\u0105cy harmonogram dnia:<br \/>\n14:00 \u2013 obiad, cisza poobiednia<br \/>\n15:30 \u2013 zaj\u0119cia w dru\u017cynach<br \/>\n18:30 \u2013 kolacja<br \/>\n20:00 \u2013 zaj\u0119cia programowe<br \/>\n21:30 \u2013 toaleta wieczorna<br \/>\n22:00 \u2013 cisza nocna<br \/>\n4. S\u0142u\u017cba<br \/>\n4.1. S\u0142u\u017cb\u0119 na zimowisku w dniu dzisiejszym pe\u0142ni 5 DDH \u201ead infinitum\u201d. Instruktor s\u0142u\u017cbowy<br \/>\ndh. pwd. Magdalena Robakowska.<br \/>\n3. Informacje<br \/>\nInformuj\u0119, \u017ce w dniu jutrzejszym odb\u0119d\u0105 si\u0119 w\u0119dr\u00f3wki. Prosz\u0119 dru\u017cynowych o przygotowanie<br \/>\nzuch\u00f3w i harcerzy do zimowego w\u0119drowania adekwatnie do panuj\u0105cych warunk\u00f3w.<br \/>\nCzuwaj!<br \/>\nhm. Patrycja Makarska\u00acChachaj<br \/>\n&#8212;&#8212;&#8212;&#8212;&#8212;&#8212;&#8212;&#8212;&#8212;&#8212;&#8212;&#8212;&#8212;&#8212;&#8212;&#8212;&#8212;&#8212;&#8212;&#8211;<br \/>\nZwi\u0105zek Harcerstwa Polskiego Rycerka Kolonia, dnia 24.02.2016r.<br \/>\nChor\u0105giew \u015al\u0105ska<br \/>\nHufiec D\u0105browa G\u00f3rnicza<br \/>\nV Szczep Harcerski \u201eCzarna Pi\u0105tka\u201d<br \/>\nKomendantka Zimowiska<br \/>\n<strong>Rozkaz L.1\/2016<\/strong><br \/>\nZimowe harcowanie czas zacz\u0105\u0107! Przed nami pi\u0119\u0107 dni wsp\u00f3lnych prze\u017cy\u0107 \u2013 wszystkim nam<br \/>\n\u017cycz\u0119 wspania\u0142ej zabawy i kolejnych przyg\u00f3d.<br \/>\nWyci\u0105g z rozkazu Komendanta Hufca ZHP z dnia 31.01.2016r. L.1\/2016<br \/>\n<em>6. Harcerska Akcja Letnia i Zimowa<\/em><br \/>\n<em> 6.1 Zwolnienia i mianowania komendant\u00f3w<\/em><br \/>\n<em> Mianuj\u0119 komendantk\u0105 zimowiska w Rajczy Nieckulinie dh. hm. Patrycj\u0119 Makarsk\u0105 \u2013 Chachaj\u201d<\/em><br \/>\n<em> Czuwaj!<\/em><br \/>\n<em> phm. Rados\u0142aw Nawrot<\/em><br \/>\n1. Mianowania<br \/>\n1.1 Powo\u0142uj\u0119 komend\u0119 HAZ 2016 w nast\u0119puj\u0105cym sk\u0142adzie:<br \/>\nphm. Daria Galant \u2013 kwatermistrz i obo\u017ana HAZ<br \/>\npwd. Ewelina Stanek \u2013 zast\u0119pczyni komendantki HAZ ds. programu<br \/>\nzesp\u00f3\u0142 programowy w sk\u0142adzie: pwd. Martyna Filip, pwd. Magdalena Robakowska, pwd. Damian<br \/>\nTwarowski, dh. Mateusz W\u00f3jcik, dh. Klara Obarewicz, dh. Kacper Szymczak, dh. Martyna<br \/>\nOrszulak.<br \/>\n2. Przyznanie stopni, sprawno\u015bci, uprawnie\u0144, odznak i zaliczenie zada\u0144<br \/>\n2.1 Zamkni\u0119cia pr\u00f3b na stopnie, sprawno\u015bci i inne<br \/>\n2.1.1 Na podstawie wniosku Przewodnicz\u0105cej Kapitu\u0142y Pr\u00f3b W\u0119drowniczych z dnia 10.01.2016r.<br \/>\ndzia\u0142aj\u0105cej przy Radzie Szczepu otwieram pr\u00f3b\u0119 w\u0119drownicz\u0105 dh. Kacprowi Szymczak oraz<br \/>\nzamykam z wynikiem negatywnym pr\u00f3b\u0119 w\u0119drownicz\u0105 dh. Mateuszowi W\u00f3jcikowi.<br \/>\n3. Podaj\u0119 do wiadomo\u015bci nast\u0119puj\u0105cy harmonogram dnia:<br \/>\n14:00 \u2013 obiad, cisza poobiednia<br \/>\n15:30 \u2013 zaj\u0119cia w dru\u017cynach<br \/>\n18:30 \u2013 kolacja<br \/>\n20:00 \u2013 zaj\u0119cia programowe<br \/>\n21:30 \u2013 toaleta wieczorna<br \/>\n22:00 \u2013 cisza nocna<br \/>\n4. S\u0142u\u017cba<br \/>\n4.1. S\u0142u\u017cb\u0119 na zimowisku w dniu dzisiejszym pe\u0142ni 5 DDH \u201ead infinitum\u201d. Instruktor s\u0142u\u017cbowy<br \/>\ndh. pwd. Magdalena Robakowska.<br \/>\n3. Informacje<br \/>\nInformuj\u0119, \u017ce w dniu jutrzejszym odb\u0119d\u0105 si\u0119 w\u0119dr\u00f3wki. Prosz\u0119 dru\u017cynowych o przygotowanie<br \/>\nzuch\u00f3w i harcerzy do zimowego w\u0119drowania adekwatnie do panuj\u0105cych warunk\u00f3w.<br \/>\nCzuwaj!<br \/>\nhm. Patrycja Makarska\u00acChachaj<\/p>\n","protected":false},"excerpt":{"rendered":"<p>Zwi\u0105zek Harcerstwa Polskiego Rycerka Kolonia, dnia 28.02.2016r. Chor\u0105giew \u015al\u0105ska Hufiec D\u0105browa G\u00f3rnicza V Szczep Harcerski \u201eCzarna Pi\u0105tka\u201d Komendantka Zimowiska Rozkaz L.5\/2015 Narnijczycy! Nasze harcowanie w Rycerce powoli dobiega ko\u0144ca. Bardzo Wam dzi\u0119kuj\u0119 za ten wsp\u00f3lnie sp\u0119dzony czas po\u015br\u00f3d zimy i &hellip; <a class=\"more-link\" href=\"https:\/\/czarna5.zhp.net.pl\/?page_id=1331\">Czytaj dalej <span class=\"meta-nav\">&rarr;<\/span><\/a><\/p>\n","protected":false},"author":1,"featured_media":0,"parent":0,"menu_order":0,"comment_status":"closed","ping_status":"closed","template":"paget-posts.php","meta":[],"_links":{"self":[{"href":"https:\/\/czarna5.zhp.net.pl\/index.php?rest_route=\/wp\/v2\/pages\/1331"}],"collection":[{"href":"https:\/\/czarna5.zhp.net.pl\/index.php?rest_route=\/wp\/v2\/pages"}],"about":[{"href":"https:\/\/czarna5.zhp.net.pl\/index.php?rest_route=\/wp\/v2\/types\/page"}],"author":[{"embeddable":true,"href":"https:\/\/czarna5.zhp.net.pl\/index.php?rest_route=\/wp\/v2\/users\/1"}],"replies":[{"embeddable":true,"href":"https:\/\/czarna5.zhp.net.pl\/index.php?rest_route=%2Fwp%2Fv2%2Fcomments&post=1331"}],"version-history":[{"count":7,"href":"https:\/\/czarna5.zhp.net.pl\/index.php?rest_route=\/wp\/v2\/pages\/1331\/revisions"}],"predecessor-version":[{"id":1341,"href":"https:\/\/czarna5.zhp.net.pl\/index.php?rest_route=\/wp\/v2\/pages\/1331\/revisions\/1341"}],"wp:attachment":[{"href":"https:\/\/czarna5.zhp.net.pl\/index.php?rest_route=%2Fwp%2Fv2%2Fmedia&parent=1331"}],"curies":[{"name":"wp","href":"https:\/\/api.w.org\/{rel}","templated":true}]}}