{"id":15,"date":"2012-09-05T21:33:03","date_gmt":"2012-09-05T21:33:03","guid":{"rendered":"http:\/\/mk.robal.org\/c5\/?page_id=15"},"modified":"2015-10-28T19:28:31","modified_gmt":"2015-10-28T18:28:31","slug":"fotokroniki","status":"publish","type":"page","link":"https:\/\/czarna5.zhp.net.pl\/?page_id=15","title":{"rendered":"fotokroniki"},"content":{"rendered":"<p>Zdj\u0119\u0107 przez te wszystkie lat nazbiera\u0142o\u00a0si\u0119\u00a0sporo. Istnia\u0142o nawet kilka fotokronik. Niestety cz\u0119\u015b\u0107 zdj\u0119\u0107 przepad\u0142a w czarnych czelu\u015bciach internetu, a cz\u0119\u015b\u0107 porozrzucana jest po kilku ocala\u0142ych stronkach i galeriach.<\/p>\n<p>Poni\u017cej linki do tych galerii \u00a0&#8211; kt\u00f3re czekaj\u0105 na zebranie w jednym miejscu i stworzenie nowej galerii<\/p>\n<p><a href=\"https:\/\/picasaweb.google.com\/104157840077678087321\">https:\/\/picasaweb.google.com\/104157840077678087321<\/a><\/p>\n<p>starsze galerie<br \/>\n<a href=\"http:\/\/www.czarna5.dabrowa.pl\/galeria\/index.php\">http:\/\/www.czarna5.dabrowa.pl\/galeria\/index.php<\/a><br \/>\n<a href=\"http:\/\/www.czarna5.dabrowa.pl\/galeria2\/index.php\">http:\/\/www.czarna5.dabrowa.pl\/galeria2\/index.php<\/a><\/p>\n<p><a href=\"http:\/\/www.czarna5.dabrowa.pl\/strony\/wyjazdy.html\">http:\/\/www.czarna5.dabrowa.pl\/strony\/wyjazdy.html<\/a><\/p>\n<p><a href=\"https:\/\/picasaweb.google.com\/115480438333229797690\">https:\/\/picasaweb.google.com\/115480438333229797690<\/a><\/p>\n","protected":false},"excerpt":{"rendered":"<p>Zdj\u0119\u0107 przez te wszystkie lat nazbiera\u0142o\u00a0si\u0119\u00a0sporo. Istnia\u0142o nawet kilka fotokronik. Niestety cz\u0119\u015b\u0107 zdj\u0119\u0107 przepad\u0142a w czarnych czelu\u015bciach internetu, a cz\u0119\u015b\u0107 porozrzucana jest po kilku ocala\u0142ych stronkach i galeriach. Poni\u017cej linki do tych galerii \u00a0&#8211; kt\u00f3re czekaj\u0105 na zebranie w jednym &hellip; <a class=\"more-link\" href=\"https:\/\/czarna5.zhp.net.pl\/?page_id=15\">Czytaj dalej <span class=\"meta-nav\">&rarr;<\/span><\/a><\/p>\n","protected":false},"author":1,"featured_media":0,"parent":0,"menu_order":0,"comment_status":"closed","ping_status":"open","template":"","meta":[],"_links":{"self":[{"href":"https:\/\/czarna5.zhp.net.pl\/index.php?rest_route=\/wp\/v2\/pages\/15"}],"collection":[{"href":"https:\/\/czarna5.zhp.net.pl\/index.php?rest_route=\/wp\/v2\/pages"}],"about":[{"href":"https:\/\/czarna5.zhp.net.pl\/index.php?rest_route=\/wp\/v2\/types\/page"}],"author":[{"embeddable":true,"href":"https:\/\/czarna5.zhp.net.pl\/index.php?rest_route=\/wp\/v2\/users\/1"}],"replies":[{"embeddable":true,"href":"https:\/\/czarna5.zhp.net.pl\/index.php?rest_route=%2Fwp%2Fv2%2Fcomments&post=15"}],"version-history":[{"count":6,"href":"https:\/\/czarna5.zhp.net.pl\/index.php?rest_route=\/wp\/v2\/pages\/15\/revisions"}],"predecessor-version":[{"id":1193,"href":"https:\/\/czarna5.zhp.net.pl\/index.php?rest_route=\/wp\/v2\/pages\/15\/revisions\/1193"}],"wp:attachment":[{"href":"https:\/\/czarna5.zhp.net.pl\/index.php?rest_route=%2Fwp%2Fv2%2Fmedia&parent=15"}],"curies":[{"name":"wp","href":"https:\/\/api.w.org\/{rel}","templated":true}]}}