{"id":1645,"date":"2019-02-17T11:06:50","date_gmt":"2019-02-17T10:06:50","guid":{"rendered":"http:\/\/czarna5.zhp.net.pl\/?page_id=1645"},"modified":"2019-08-05T09:34:42","modified_gmt":"2019-08-05T08:34:42","slug":"1645-2","status":"publish","type":"page","link":"https:\/\/czarna5.zhp.net.pl\/?page_id=1645","title":{"rendered":"Galeria"},"content":{"rendered":"<p style=\"text-align: right;\">\n<div class=\"embed-gphotos alignright wp-caption\"><a href=\"https:\/\/photos.app.goo.gl\/qpaqyzVaLSHtyFPq7\" target=\"_blank\"><img loading=\"lazy\"    src=\"https:\/\/lh3.googleusercontent.com\/VRYXjGqOD4zktkgd15XckfMy7ZE1AIZrw16fh590XBHnubm0173b7Ms9_07Ltb4VvrHex8pRd5XksOGa5MOUVuEYI4pGu12bRkf_p5F5SzGVI80zeZAlZgaIuc95TNfthD3j4_oifw=w320-h180\" width=\"269\" height=\"180\"   ><\/a><\/p>\n<p class=\"wp-caption-text\"><a href=\"https:\/\/photos.app.goo.gl\/qpaqyzVaLSHtyFPq7\" target=\"_blank\">HAL 2019 V SH + 21 DDH + 7 DGZ<\/a><\/p>\n<\/div>\n<div class=\"embed-gphotos alignright wp-caption\"><a href=\"https:\/\/photos.app.goo.gl\/KHsYVZwj3iEhL1778\" target=\"_blank\"><img loading=\"lazy\"    src=\"https:\/\/lh3.googleusercontent.com\/vdqIlAxuwbRQwJglNJqzieHDiVG4uTUA8ExI9Y_ekeoslYVWXKgIQvBCBze90vZg5Py2GAVAJdsfTEGTtC5OSJDMISiLVsjYgyYmkgw78KnFz225OT-bgamyCEpyDUH_GyI2sN0E3A=w320-h180\" width=\"269\" height=\"180\"   ><\/a><\/p>\n<p class=\"wp-caption-text\"><a href=\"https:\/\/photos.app.goo.gl\/KHsYVZwj3iEhL1778\" target=\"_blank\">HAZ 2019<\/a><\/p>\n<\/div>\n<div class=\"embed-gphotos alignright wp-caption\"><a href=\"https:\/\/photos.app.goo.gl\/LSJAnvk6J3dqH9WP9\" target=\"_blank\"><img loading=\"lazy\"    src=\"https:\/\/lh3.googleusercontent.com\/lINIQehX52q47e3BMlh8t9VxzjrALdsJcInsT96wZEmb3qHcZs7UeRro50nfSn3hHXrWBUWr0y7SbrEzQtur0sg-dltS9zIxC6TqsC1RooeuPywRMafhhYVAxkFxwzxcp1KaA0ounw=w320-h180\" width=\"240\" height=\"180\"   ><\/a><\/p>\n<p class=\"wp-caption-text\"><a href=\"https:\/\/photos.app.goo.gl\/LSJAnvk6J3dqH9WP9\" target=\"_blank\">Zimowisko na G\u0142od\u00f3wce 2017<\/a><\/p>\n<\/div>\n<div class=\"embed-gphotos alignright wp-caption\"><a href=\"https:\/\/photos.app.goo.gl\/oBeizrxdh8UTYdNK6\" target=\"_blank\"><img loading=\"lazy\"    src=\"https:\/\/lh3.googleusercontent.com\/FbHhfVAW_HO9Bv0h8_QlhCCt3-lb_3FopK-p9VWRknpUZuqlbaIoUtldkcvPY9KNNviRrDWuF4Mt_eA8TAOGexLUOSRB695fm8X2tkXDfWdSM2UQ7dFcl_KxgbzsjvRVO2yDlNP5YA=w320-h180\" width=\"240\" height=\"180\"   ><\/a><\/p>\n<p class=\"wp-caption-text\"><a href=\"https:\/\/photos.app.goo.gl\/oBeizrxdh8UTYdNK6\" target=\"_blank\">Ob\u00f3z w Ba\u0142dach 2016<\/a><\/p>\n<\/div>\n<div class=\"embed-gphotos alignright wp-caption\"><a href=\"https:\/\/photos.app.goo.gl\/xFjG7moaajNdYAEe7\" target=\"_blank\"><img loading=\"lazy\"    src=\"https:\/\/lh3.googleusercontent.com\/HdRSE0c_okIxVhSMNrdOuTqhIxUCjpoTIehjqs3mhC4pExPGnHNep-_V9ItVAUi9lEkEhpqdXeGaHDzSChW-osJcCMlMrahcomq2vjV_msrRpZiw7ennQSNj4h7D62ZBUq_fu4pBiw=w320-h180\" width=\"271\" height=\"180\"   ><\/a><\/p>\n<p class=\"wp-caption-text\"><a href=\"https:\/\/photos.app.goo.gl\/xFjG7moaajNdYAEe7\" target=\"_blank\">Zimowisko szczepu w Zawoi<\/a><\/p>\n<\/div>\n<p>&nbsp;<\/p>\n<div class=\"embed-gphotos alignright wp-caption\"><a href=\"https:\/\/photos.app.goo.gl\/tEvxx4d4Qy6KyoDLA\" target=\"_blank\"><img loading=\"lazy\"    src=\"https:\/\/lh3.googleusercontent.com\/B2BfBh1wLk1ajQDIb_-9nVmi5W0l0AdOoZrzKjP5JTJqtEP2yx_B-KSw6f8FTVZECNlx18fbBMH1k_ZjxFO61217UUU9A0xfkEIacrm6_TMdVPp9BHPnYOd-vVEyd7JOnNWk2AI4YA=w320-h180\" width=\"278\" height=\"180\"   ><\/a><\/p>\n<p class=\"wp-caption-text\"><a href=\"https:\/\/photos.app.goo.gl\/tEvxx4d4Qy6KyoDLA\" target=\"_blank\">Wigilia Szczepu<\/a><\/p>\n<\/div>\n<p>&nbsp;<\/p>\n<div class=\"embed-gphotos alignright wp-caption\"><a href=\"https:\/\/photos.app.goo.gl\/GQhLnjvZbJrManEw9\" target=\"_blank\"><img loading=\"lazy\"    src=\"https:\/\/lh3.googleusercontent.com\/aSSGoPXyCAMaff3yvx8cTLrSE6xrrQNu98t8u7AWKybWKK85PlkBQybuM1R-zRmrGIkoKP8Fb1w4pmTUA6qmEYWvbYOG0YgDS5N4p-QnAEnts8_AUsxKRcXz7rKe7_cgwFUroXREig=w320-h180\" width=\"270\" height=\"180\"   ><\/a><\/p>\n<p class=\"wp-caption-text\"><a href=\"https:\/\/photos.app.goo.gl\/GQhLnjvZbJrManEw9\" target=\"_blank\">Biwak w Drogomy\u015blu<\/a><\/p>\n<\/div>\n<p>&nbsp;<\/p>\n<div class=\"embed-gphotos alignright wp-caption\"><a href=\"https:\/\/photos.app.goo.gl\/tcKHSbMNgBDKjtLz5\" target=\"_blank\"><img loading=\"lazy\"    src=\"https:\/\/lh3.googleusercontent.com\/5VSYzDWC4nL1QYk5H5KKzUCmsGS1qHW7GhNbj_YFfOxY2VT2ZZR4Wzd5ASpW-s7HJU-0YEUheg5sBEM6f7SQ7s2da3hEjUyCSQabdLTpqSVB9mcWk8chB8fuZU_QamgvD7YeHKC9ng=w320-h180\" width=\"269\" height=\"180\"   ><\/a><\/p>\n<p class=\"wp-caption-text\"><a href=\"https:\/\/photos.app.goo.gl\/tcKHSbMNgBDKjtLz5\" target=\"_blank\">Piknik rodzinny 2014<\/a><\/p>\n<\/div>\n<p>&nbsp;<\/p>\n<div class=\"embed-gphotos alignright wp-caption\"><a href=\"https:\/\/photos.app.goo.gl\/oLu83by9LjtQnY3PA\" target=\"_blank\"><img loading=\"lazy\"    src=\"https:\/\/lh3.googleusercontent.com\/9Ss5bAiUSJIRaxdMgXdw9H2TtyLExMKYpKmlORKfgFRCu_kd5K4odkkDKEwfE03NlG5hzHs3_UsjfZG8Q39i1GQx-C_noPf5qA8Jli1oRxFOGYgtzom-H1C5ov98RLpmxVO8YNcEFA=w320-h180\" width=\"271\" height=\"180\"   ><\/a><\/p>\n<p class=\"wp-caption-text\"><a href=\"https:\/\/photos.app.goo.gl\/oLu83by9LjtQnY3PA\" target=\"_blank\">DMB Czarnej Piatki<\/a><\/p>\n<\/div>\n<p>&nbsp;<\/p>\n<div class=\"embed-gphotos alignright wp-caption\"><a href=\"https:\/\/photos.app.goo.gl\/WWDTLJpGDo1MWt9HA\" target=\"_blank\"><img loading=\"lazy\"    src=\"https:\/\/lh3.googleusercontent.com\/cua69-JnCUdAbm1d11TQRIefpx3SYYuO9yFHTek6WsaYc3Dvb3OBlmVeDL5hHPG4PVYTi_xITw1k-_zFxxVNFHKih1JZUOyeYsk2R-gZuqZ0TPBPx7GCM4vq4xwboqUBBu-VVZEdcA=w320-h180\" width=\"271\" height=\"180\"   ><\/a><\/p>\n<p class=\"wp-caption-text\"><a href=\"https:\/\/photos.app.goo.gl\/WWDTLJpGDo1MWt9HA\" target=\"_blank\">Wigilia Szczepu<\/a><\/p>\n<\/div>\n<p>&nbsp;<\/p>\n<div class=\"embed-gphotos alignright wp-caption\"><a href=\"https:\/\/photos.app.goo.gl\/M8fjkkX9ZotmXZyG8\" target=\"_blank\"><img loading=\"lazy\"    src=\"https:\/\/lh3.googleusercontent.com\/3K_C-Z9ycm_gXo1UDYS6i02rLLviqoId3PzP3TFKJJBuHGSGHpg0-HoAGAAsnO6o87DV_XWDO54ALPoOhBsyIYQmy9N4ljzjhsWkTQe7iimkUFmcdEhlS1DjFdLE-oT06R_bZaE3Gg=w320-h180\" width=\"240\" height=\"180\"   ><\/a><\/p>\n<p class=\"wp-caption-text\"><a href=\"https:\/\/photos.app.goo.gl\/M8fjkkX9ZotmXZyG8\" target=\"_blank\">Ob\u00f3z \u015awietou\u015b\u0107<\/a><\/p>\n<\/div>\n<p>&nbsp;<\/p>\n<div class=\"embed-gphotos alignright wp-caption\"><a href=\"https:\/\/photos.app.goo.gl\/3kH5DRJ2pyhwrJnTA\" target=\"_blank\"><img loading=\"lazy\"    src=\"https:\/\/lh3.googleusercontent.com\/uJpfJYMsyhZ5CQjKY_D5VFsU-EXwVojguljTJDe33FNiHHQFOZbYA8RaxJx9_inYWsTfg6AclEPfOnNk7upC1IUfhwaakDwruvbI9pm0m3UBwjsUgtvZZoLRSLKw5lu1zW6kYMCNiw=w320-h180\" width=\"240\" height=\"180\"   ><\/a><\/p>\n<p class=\"wp-caption-text\"><a href=\"https:\/\/photos.app.goo.gl\/3kH5DRJ2pyhwrJnTA\" target=\"_blank\">Biwak w Kokotku<\/a><\/p>\n<\/div>\n<p>&nbsp;<\/p>\n<div class=\"embed-gphotos alignright wp-caption\"><a href=\"https:\/\/photos.app.goo.gl\/SGpAEbqFKG2661QS7\" target=\"_blank\"><img loading=\"lazy\"    src=\"https:\/\/lh3.googleusercontent.com\/hA_oG8v_B0H7px5gu3rg6xbU_uAdCVxeBbjXfiCi1-Zww1tsC7U6K4FkAhoPyAaAdIMi5zgFS4QnPPnacDnKYkpUJLP7BwNXc_CFm3dqD-_RoBb9mbyI-wk3toYJMtYRmd8-Wfd7Pg=w320-h180\" width=\"271\" height=\"180\"   ><\/a><\/p>\n<p class=\"wp-caption-text\"><a href=\"https:\/\/photos.app.goo.gl\/SGpAEbqFKG2661QS7\" target=\"_blank\">Zbi\u00f3rka ZOY\u00d3W \ud83d\ude42<\/a><\/p>\n<\/div>\n<p>&nbsp;<\/p>\n<div class=\"embed-gphotos alignright wp-caption\"><a href=\"https:\/\/photos.app.goo.gl\/Eutr7MiCSXGtMi6J9\" target=\"_blank\"><img loading=\"lazy\"    src=\"https:\/\/lh3.googleusercontent.com\/gxbsO3c_g74amEEW6h3gqDbl3Pg3iUwzPZ-7tkC9fnNrNscfVGECC6KEo_vk352kP2gVC73_2CITDN-Ug9DLwfwmehYqusBgPcbFoTBKO2qv2q2sJW5KalEI7cC3zIdoUepngbrcKw=w320-h180\" width=\"271\" height=\"180\"   ><\/a><\/p>\n<p class=\"wp-caption-text\"><a href=\"https:\/\/photos.app.goo.gl\/Eutr7MiCSXGtMi6J9\" target=\"_blank\">Zbi\u00f3rka szczepu<\/a><\/p>\n<\/div>\n<p>&nbsp;<\/p>\n<div class=\"embed-gphotos alignright wp-caption\"><a href=\"https:\/\/photos.app.goo.gl\/1TGA7Bwv3xCxjPu39\" target=\"_blank\"><img loading=\"lazy\"    src=\"https:\/\/lh3.googleusercontent.com\/PGuEZNrQp6YeBje6yeWoxiQfuCXZyWt9pRzu_lNWzmJtVIBMaBPSodls0ctb4rc7V7ujozvpZggT902i4kkRax0FKaMQWSv_Heo_HBcBLwJR74iFwGZtINItYTVq0OHDGAucSODLyw=w320-h180\" width=\"240\" height=\"180\"   ><\/a><\/p>\n<p class=\"wp-caption-text\"><a href=\"https:\/\/photos.app.goo.gl\/1TGA7Bwv3xCxjPu39\" target=\"_blank\">Zimowisko<\/a><\/p>\n<\/div>\n<p>&nbsp;<\/p>\n<div class=\"embed-gphotos alignright wp-caption\"><a href=\"https:\/\/photos.app.goo.gl\/6NCHXmo3EzDMjfoc8\" target=\"_blank\"><img loading=\"lazy\"    src=\"https:\/\/lh3.googleusercontent.com\/5Qd1OvAZRPJtT6KJCR8QinygICvwed_vzQgl0dfab3-m8rk1XhVtWhoYxkWl0JHlot55CECE7lgnxbZqnVcB_uOhWuQx2k5CgRtmptkZK45UlPuAsJ9OCE9NWWx_pcr79GzkaH8qmQ=w320-h180\" width=\"271\" height=\"180\"   ><\/a><\/p>\n<p class=\"wp-caption-text\"><a href=\"https:\/\/photos.app.goo.gl\/6NCHXmo3EzDMjfoc8\" target=\"_blank\">Wigilia szczepu<\/a><\/p>\n<\/div>\n<p>&nbsp;<\/p>\n<div class=\"embed-gphotos alignright wp-caption\"><a href=\"https:\/\/photos.app.goo.gl\/nLcPKi6sWyyhiDZn7\" target=\"_blank\"><img loading=\"lazy\"    src=\"https:\/\/lh3.googleusercontent.com\/Xyun7_TXPjQ9MGtmw5USr9yAUrLtaGM6UppHXcFllt1T6Jv18IXY8vFqLgy91ahM44D9riu12Wy6oQk3I2AAcvFbMq46DGgNZXxFIpGIQDP4dsnveBmd7QkIwQK-x0arZ8KN-8AY1g=w320-h180\" width=\"240\" height=\"180\"   ><\/a><\/p>\n<p class=\"wp-caption-text\"><a href=\"https:\/\/photos.app.goo.gl\/nLcPKi6sWyyhiDZn7\" target=\"_blank\">Biwak Ko\u0144ski w Kucobach<\/a><\/p>\n<\/div>\n<p>&nbsp;<\/p>\n<div class=\"embed-gphotos alignright wp-caption\"><a href=\"https:\/\/photos.app.goo.gl\/RbQLQifemjNrosR59\" target=\"_blank\"><img loading=\"lazy\"    src=\"https:\/\/lh3.googleusercontent.com\/PN45O7V3msi9pivC-XSMvDO1CTGfyi4JDcpmL44epGVDYx7YxrCCtIRjC7KaWgizHS8GyFprgmTxUz7OlMcRmIV4kAsZkh0qGF3owAKbWHTEQhqECSgcHqr8T64ETkJcrXHdmimgMg=w320-h180\" width=\"271\" height=\"180\"   ><\/a><\/p>\n<p class=\"wp-caption-text\"><a href=\"https:\/\/photos.app.goo.gl\/RbQLQifemjNrosR59\" target=\"_blank\">wigilia szczepu na zamku w B\u0119dzinie<\/a><\/p>\n<\/div>\n","protected":false},"excerpt":{"rendered":"<p>&nbsp; &nbsp; &nbsp; &nbsp; &nbsp; &nbsp; &nbsp; &nbsp; &nbsp; &nbsp; &nbsp; &nbsp; &nbsp;<\/p>\n","protected":false},"author":1,"featured_media":0,"parent":0,"menu_order":0,"comment_status":"closed","ping_status":"closed","template":"","meta":[],"_links":{"self":[{"href":"https:\/\/czarna5.zhp.net.pl\/index.php?rest_route=\/wp\/v2\/pages\/1645"}],"collection":[{"href":"https:\/\/czarna5.zhp.net.pl\/index.php?rest_route=\/wp\/v2\/pages"}],"about":[{"href":"https:\/\/czarna5.zhp.net.pl\/index.php?rest_route=\/wp\/v2\/types\/page"}],"author":[{"embeddable":true,"href":"https:\/\/czarna5.zhp.net.pl\/index.php?rest_route=\/wp\/v2\/users\/1"}],"replies":[{"embeddable":true,"href":"https:\/\/czarna5.zhp.net.pl\/index.php?rest_route=%2Fwp%2Fv2%2Fcomments&post=1645"}],"version-history":[{"count":65,"href":"https:\/\/czarna5.zhp.net.pl\/index.php?rest_route=\/wp\/v2\/pages\/1645\/revisions"}],"predecessor-version":[{"id":1867,"href":"https:\/\/czarna5.zhp.net.pl\/index.php?rest_route=\/wp\/v2\/pages\/1645\/revisions\/1867"}],"wp:attachment":[{"href":"https:\/\/czarna5.zhp.net.pl\/index.php?rest_route=%2Fwp%2Fv2%2Fmedia&parent=1645"}],"curies":[{"name":"wp","href":"https:\/\/api.w.org\/{rel}","templated":true}]}}