{"id":2066,"date":"2022-11-09T16:58:39","date_gmt":"2022-11-09T15:58:39","guid":{"rendered":"https:\/\/czarna5.zhp.net.pl\/?page_id=2066"},"modified":"2022-11-09T19:13:00","modified_gmt":"2022-11-09T18:13:00","slug":"phm-kacper-szymczak","status":"publish","type":"page","link":"https:\/\/czarna5.zhp.net.pl\/?page_id=2066","title":{"rendered":"phm. Kacper Szymczak"},"content":{"rendered":"\n<p> \u2013 Komendant Szczepu <br><\/p>\n\n\n\n<div class=\"wp-block-image\"><figure class=\"alignright size-large is-resized\"><img loading=\"lazy\" src=\"https:\/\/czarna5.zhp.net.pl\/wp-content\/uploads\/2019\/02\/38847475_2171810126181899_687764859844034560_o.jpg\" alt=\"\" class=\"wp-image-1732\" width=\"340\" height=\"354\" srcset=\"https:\/\/czarna5.zhp.net.pl\/wp-content\/uploads\/2019\/02\/38847475_2171810126181899_687764859844034560_o.jpg 454w, https:\/\/czarna5.zhp.net.pl\/wp-content\/uploads\/2019\/02\/38847475_2171810126181899_687764859844034560_o-384x400.jpg 384w, https:\/\/czarna5.zhp.net.pl\/wp-content\/uploads\/2019\/02\/38847475_2171810126181899_687764859844034560_o-288x300.jpg 288w\" sizes=\"(max-width: 340px) 100vw, 340px\" \/><\/figure><\/div>\n\n\n\n<p>2014-2015 Zast\u0119powy zast\u0119pu \u201eKamienie\u201d w 50 DDW \u201eZoya\u201d i 15 DDS \u201eNiez\u0142omni\u201d<\/p>\n\n\n\n<p>2015-2017 Przyboczny 15 DDS \u201eNiez\u0142omni\u201d<\/p>\n\n\n\n<p>2016-2022 Stra\u017cnik Konstytucji 50 DDW \u201eZoya\u201d<\/p>\n\n\n\n<p>2017-2022 Cz\u0142onek Kapitu\u0142y Pr\u00f3b W\u0119drowniczych<\/p>\n\n\n\n<p>2017-2021 Dru\u017cynowy 15 DDS \u201eNiez\u0142omni\u201d<\/p>\n\n\n\n<p>2019-do teraz Namiestnik Starszoharcerski Hufca ZHP D\u0105browa G\u00f3rnicza<\/p>\n\n\n\n<p>2019-do teraz Cz\u0142onek Zespo\u0142u Kadry Kszta\u0142c\u0105cej Hufca ZHP D\u0105browa G\u00f3rnicza<\/p>\n\n\n\n<p>2021-do teraz Cz\u0142onek Wydzia\u0142u Starszoharcerskiego przy GK ZHP<\/p>\n\n\n\n<p>2022-do teraz Komendant V Szczepu Harcerskiego \u201eCzarna Pi\u0105tka\u201d<\/p>\n\n\n\n<p>Od 3 Sierpnia 2018 instruktor ZHP.<\/p>\n\n\n\n<p>Marzenia:<\/p>\n\n\n\n<p>Wychowa\u0107 nast\u0119pc\u0119 i przekaza\u0107 mu dru\u017cyn\u0119 &#8211; zrealizowane<\/p>\n\n\n\n<p>Zorganizowa\u0107 og\u00f3lnopolsk\u0105 imprez\u0119 \u2013 w toku<\/p>\n\n\n\n<p>Przeprowadzi\u0107 zbi\u00f3rk\u0119 dru\u017cyny, w kt\u00f3rej we\u017amie udzia\u0142 co najmniej 30 os\u00f3b &#8211; zrealizowane<\/p>\n","protected":false},"excerpt":{"rendered":"<p>\u2013 Komendant Szczepu 2014-2015 Zast\u0119powy zast\u0119pu \u201eKamienie\u201d w 50 DDW \u201eZoya\u201d i 15 DDS \u201eNiez\u0142omni\u201d 2015-2017 Przyboczny 15 DDS \u201eNiez\u0142omni\u201d 2016-2022 Stra\u017cnik Konstytucji 50 DDW \u201eZoya\u201d 2017-2022 Cz\u0142onek Kapitu\u0142y Pr\u00f3b W\u0119drowniczych 2017-2021 Dru\u017cynowy 15 DDS \u201eNiez\u0142omni\u201d 2019-do teraz Namiestnik Starszoharcerski &hellip; <a class=\"more-link\" href=\"https:\/\/czarna5.zhp.net.pl\/?page_id=2066\">Czytaj dalej <span class=\"meta-nav\">&rarr;<\/span><\/a><\/p>\n","protected":false},"author":1,"featured_media":0,"parent":0,"menu_order":0,"comment_status":"closed","ping_status":"closed","template":"","meta":[],"_links":{"self":[{"href":"https:\/\/czarna5.zhp.net.pl\/index.php?rest_route=\/wp\/v2\/pages\/2066"}],"collection":[{"href":"https:\/\/czarna5.zhp.net.pl\/index.php?rest_route=\/wp\/v2\/pages"}],"about":[{"href":"https:\/\/czarna5.zhp.net.pl\/index.php?rest_route=\/wp\/v2\/types\/page"}],"author":[{"embeddable":true,"href":"https:\/\/czarna5.zhp.net.pl\/index.php?rest_route=\/wp\/v2\/users\/1"}],"replies":[{"embeddable":true,"href":"https:\/\/czarna5.zhp.net.pl\/index.php?rest_route=%2Fwp%2Fv2%2Fcomments&post=2066"}],"version-history":[{"count":4,"href":"https:\/\/czarna5.zhp.net.pl\/index.php?rest_route=\/wp\/v2\/pages\/2066\/revisions"}],"predecessor-version":[{"id":2123,"href":"https:\/\/czarna5.zhp.net.pl\/index.php?rest_route=\/wp\/v2\/pages\/2066\/revisions\/2123"}],"wp:attachment":[{"href":"https:\/\/czarna5.zhp.net.pl\/index.php?rest_route=%2Fwp%2Fv2%2Fmedia&parent=2066"}],"curies":[{"name":"wp","href":"https:\/\/api.w.org\/{rel}","templated":true}]}}