{"id":2086,"date":"2022-11-09T17:29:43","date_gmt":"2022-11-09T16:29:43","guid":{"rendered":"https:\/\/czarna5.zhp.net.pl\/?page_id=2086"},"modified":"2022-11-09T18:58:11","modified_gmt":"2022-11-09T17:58:11","slug":"2086-2","status":"publish","type":"page","link":"https:\/\/czarna5.zhp.net.pl\/?page_id=2086","title":{"rendered":"\u0107w. Nikodem Leszczawski"},"content":{"rendered":"<p>&#8211; Dru\u017cynowy 50 DDW<br \/>\n<a href=\"https:\/\/czarna5.zhp.net.pl\/wp-content\/uploads\/2022\/11\/289094428_5405493639501855_4651741369134483490_n.jpg\"><img loading=\"lazy\" class=\"wp-image-2081 alignright\" src=\"https:\/\/czarna5.zhp.net.pl\/wp-content\/uploads\/2022\/11\/289094428_5405493639501855_4651741369134483490_n-150x150.jpg\" alt=\"\" width=\"225\" height=\"225\" \/><\/a><\/p>\n<p>Rocznik: 2004<br \/>\nW ZHP od: 2018<br \/>\nPe\u0142nione funkcje:<br \/>\nZast\u0119powy 15 DDS \u201eNiez\u0142omni\u201d<br \/>\nPrzyboczny 50 DDW \u201eZoya\u201d<br \/>\nObecnie dru\u017cynowy 50 DDW \u201eZoya\u201d<br \/>\nUlubiony cytat:<br \/>\n\u201e\u015awiat jest mi\u0119sem, z tym, \u017ce ja poprosz\u0119 krwiste\u2026\u201d &#8211; Filip Szcze\u015bniak<\/p>\n<p>Zainteresowania:<br \/>\nOd zawsze moje \u017cycie kr\u0119ci si\u0119 wok\u00f3\u0142 muzyki, uko\u0144czy\u0142em 1 st. szko\u0142y muzycznej i zacz\u0105\u0142em 2 lata 2 st. Aktualnie jestem w 4 klasie w technikum na kierunku technik realizacji nagra\u0144. Pracowa\u0142em w wielu instytucjach typu Pa\u0142ac Kultury Zag\u0142\u0119bia czy Opera \u015al\u0105ska. Powszechna produkcja muzyki i samo poj\u0119cie muzyki jest moj\u0105 wielk\u0105 pasj\u0105.<\/p>\n<p>Marzenia:<br \/>\n&#8211; Napisa\u0107 i zda\u0107 matur\u0119 z historii muzyki na poziomie rozszerzonym<br \/>\n&#8211; Wychowa\u0107 nast\u0119pc\u0119<br \/>\n&#8211; Dru\u017cyna w\u0119drownicza licz\u0105ca 30 os\u00f3b, w kt\u00f3rej przynajmniej po\u0142owa nie jest kadr\u0105 w szczepie<br \/>\n&#8211; Wydanie w\u0142asnej p\u0142yty<\/p>\n","protected":false},"excerpt":{"rendered":"<p>&#8211; Dru\u017cynowy 50 DDW Rocznik: 2004 W ZHP od: 2018 Pe\u0142nione funkcje: Zast\u0119powy 15 DDS \u201eNiez\u0142omni\u201d Przyboczny 50 DDW \u201eZoya\u201d Obecnie dru\u017cynowy 50 DDW \u201eZoya\u201d Ulubiony cytat: \u201e\u015awiat jest mi\u0119sem, z tym, \u017ce ja poprosz\u0119 krwiste\u2026\u201d &#8211; Filip Szcze\u015bniak Zainteresowania: &hellip; <a class=\"more-link\" href=\"https:\/\/czarna5.zhp.net.pl\/?page_id=2086\">Czytaj dalej <span class=\"meta-nav\">&rarr;<\/span><\/a><\/p>\n","protected":false},"author":1,"featured_media":0,"parent":0,"menu_order":0,"comment_status":"closed","ping_status":"closed","template":"","meta":[],"_links":{"self":[{"href":"https:\/\/czarna5.zhp.net.pl\/index.php?rest_route=\/wp\/v2\/pages\/2086"}],"collection":[{"href":"https:\/\/czarna5.zhp.net.pl\/index.php?rest_route=\/wp\/v2\/pages"}],"about":[{"href":"https:\/\/czarna5.zhp.net.pl\/index.php?rest_route=\/wp\/v2\/types\/page"}],"author":[{"embeddable":true,"href":"https:\/\/czarna5.zhp.net.pl\/index.php?rest_route=\/wp\/v2\/users\/1"}],"replies":[{"embeddable":true,"href":"https:\/\/czarna5.zhp.net.pl\/index.php?rest_route=%2Fwp%2Fv2%2Fcomments&post=2086"}],"version-history":[{"count":2,"href":"https:\/\/czarna5.zhp.net.pl\/index.php?rest_route=\/wp\/v2\/pages\/2086\/revisions"}],"predecessor-version":[{"id":2114,"href":"https:\/\/czarna5.zhp.net.pl\/index.php?rest_route=\/wp\/v2\/pages\/2086\/revisions\/2114"}],"wp:attachment":[{"href":"https:\/\/czarna5.zhp.net.pl\/index.php?rest_route=%2Fwp%2Fv2%2Fmedia&parent=2086"}],"curies":[{"name":"wp","href":"https:\/\/api.w.org\/{rel}","templated":true}]}}