{"id":253,"date":"2013-01-09T11:06:23","date_gmt":"2013-01-09T10:06:23","guid":{"rendered":"http:\/\/czarna5.zhp.net.pl\/?page_id=253"},"modified":"2022-11-19T06:19:37","modified_gmt":"2022-11-19T05:19:37","slug":"kregowcy","status":"publish","type":"page","link":"https:\/\/czarna5.zhp.net.pl\/?page_id=253","title":{"rendered":"hm. Patrycja Makarska"},"content":{"rendered":"<p>&#8211; Dru\u017cynowa 5 DDH, Zast\u0119pczyni Komendanta Szczepu<a href=\"http:\/\/czarna5.zhp.net.pl\/wp-content\/uploads\/2013\/01\/pati1.jpg\"><img loading=\"lazy\" class=\"alignright size-medium wp-image-364\" style=\"border: 2px solid black;\" title=\"pati\" src=\"http:\/\/czarna5.zhp.net.pl\/wp-content\/uploads\/2013\/01\/pati1-214x300.jpg\" alt=\"\" width=\"214\" height=\"300\" srcset=\"https:\/\/czarna5.zhp.net.pl\/wp-content\/uploads\/2013\/01\/pati1-214x300.jpg 214w, https:\/\/czarna5.zhp.net.pl\/wp-content\/uploads\/2013\/01\/pati1.jpg 500w\" sizes=\"(max-width: 214px) 100vw, 214px\" \/><\/a><\/p>\n<p>Rocznik:1978<br \/>\nW ZHP od: 15.09.1996r.<br \/>\nPe\u0142nione funkcje:<br \/>\n2000-2002 \u2013 przyboczna Dru\u017cyny Starszoharcerskiej \u201eKamienie\u201d im. A. Einsteina 2<br \/>\n2002-2003 \u2013 dru\u017cynowa w\/w dru\u017cyny<br \/>\n2005-2011 \u2013 cz\u0142onek Kapitu\u0142y Pr\u00f3b W\u0119drowniczych<br \/>\n2006-2007 \u2013 cz\u0142onek Komisji Rewizyjnej Hufca<br \/>\n2007-2010 \u2013 zast\u0119pca Komendantki Hufca kolejno \u2013 ds. programu nast\u0119pnie ds. organizacyjnych 2005 do 2013 \u2013 zast\u0119pca Komendanta V SH \u201eCzarna Pi\u0105tka\u201d ds. programu<br \/>\n2010 do 2014\u2013 kierowniczka Referatu Starszoharcerskiego Chor\u0105gwi \u015al\u0105skiej<br \/>\n2011 do nadal \u2013 komendantka Kr\u0119gu Instruktorskiego i Starszyzny \u201eDroga Ognia\u201d<br \/>\n2014 do 2018 \u2013 komendantka szczepu \u201eCzarna Pi\u0105tka\u201d<br \/>\n2014 do 2018 \u2013 zast\u0119pczyni Komendantki Chor\u0105gwi ds. programowych<br \/>\n2018 do 2022 \u2013 cz\u0142onek S\u0105du Harcerskiego Chor\u0105gwi \u015al\u0105skiej<br \/>\n2022 do nadal \u2013 dru\u017cynowa 5 DDH \u201ead infinitum\u201d im. J. Korczaka<\/p>\n<p>Uko\u0144czone kursy:<br \/>\nkierownik\u00f3w plac\u00f3wek wypoczynku, opiekun\u00f3w pr\u00f3b, systemu pracy z wolontariuszami w praktyce, Lider +<\/p>\n","protected":false},"excerpt":{"rendered":"<p>&#8211; Dru\u017cynowa 5 DDH, Zast\u0119pczyni Komendanta Szczepu Rocznik:1978 W ZHP od: 15.09.1996r. Pe\u0142nione funkcje: 2000-2002 \u2013 przyboczna Dru\u017cyny Starszoharcerskiej \u201eKamienie\u201d im. A. Einsteina 2 2002-2003 \u2013 dru\u017cynowa w\/w dru\u017cyny 2005-2011 \u2013 cz\u0142onek Kapitu\u0142y Pr\u00f3b W\u0119drowniczych 2006-2007 \u2013 cz\u0142onek Komisji Rewizyjnej &hellip; <a class=\"more-link\" href=\"https:\/\/czarna5.zhp.net.pl\/?page_id=253\">Czytaj dalej <span class=\"meta-nav\">&rarr;<\/span><\/a><\/p>\n","protected":false},"author":1,"featured_media":0,"parent":0,"menu_order":0,"comment_status":"closed","ping_status":"open","template":"","meta":[],"_links":{"self":[{"href":"https:\/\/czarna5.zhp.net.pl\/index.php?rest_route=\/wp\/v2\/pages\/253"}],"collection":[{"href":"https:\/\/czarna5.zhp.net.pl\/index.php?rest_route=\/wp\/v2\/pages"}],"about":[{"href":"https:\/\/czarna5.zhp.net.pl\/index.php?rest_route=\/wp\/v2\/types\/page"}],"author":[{"embeddable":true,"href":"https:\/\/czarna5.zhp.net.pl\/index.php?rest_route=\/wp\/v2\/users\/1"}],"replies":[{"embeddable":true,"href":"https:\/\/czarna5.zhp.net.pl\/index.php?rest_route=%2Fwp%2Fv2%2Fcomments&post=253"}],"version-history":[{"count":17,"href":"https:\/\/czarna5.zhp.net.pl\/index.php?rest_route=\/wp\/v2\/pages\/253\/revisions"}],"predecessor-version":[{"id":2136,"href":"https:\/\/czarna5.zhp.net.pl\/index.php?rest_route=\/wp\/v2\/pages\/253\/revisions\/2136"}],"wp:attachment":[{"href":"https:\/\/czarna5.zhp.net.pl\/index.php?rest_route=%2Fwp%2Fv2%2Fmedia&parent=253"}],"curies":[{"name":"wp","href":"https:\/\/api.w.org\/{rel}","templated":true}]}}