{"id":358,"date":"2013-03-18T11:11:52","date_gmt":"2013-03-18T10:11:52","guid":{"rendered":"http:\/\/czarna5.zhp.net.pl\/?page_id=358"},"modified":"2022-11-09T19:54:45","modified_gmt":"2022-11-09T18:54:45","slug":"rada-szczepu","status":"publish","type":"page","link":"https:\/\/czarna5.zhp.net.pl\/?page_id=358","title":{"rendered":"Rada Szczepu"},"content":{"rendered":"<p><a href=\"https:\/\/czarna5.zhp.net.pl\/wp-content\/uploads\/2019\/02\/38847475_2171810126181899_687764859844034560_o.jpg\"><img loading=\"lazy\" class=\"wp-image-1732 alignleft\" src=\"https:\/\/czarna5.zhp.net.pl\/wp-content\/uploads\/2019\/02\/38847475_2171810126181899_687764859844034560_o-384x400.jpg\" alt=\"\" width=\"150\" height=\"150\" \/><\/a><\/p>\n<p><a href=\"https:\/\/czarna5.zhp.net.pl\/?page_id=2066\">phm. Kacper Szymczak<\/a><\/p>\n<p>&#8211; Komendant Szczepu<\/p>\n<p>\u00a0<\/p>\n<p><a href=\"http:\/\/czarna5.zhp.net.pl\/wp-content\/uploads\/2013\/01\/pati1.jpg\"><img loading=\"lazy\" class=\"wp-image-364 alignleft\" title=\"pati\" src=\"http:\/\/czarna5.zhp.net.pl\/wp-content\/uploads\/2013\/01\/pati1-150x150.jpg\" alt=\"\" width=\"150\" height=\"150\" \/><\/a><\/p>\n<p><a href=\"http:\/\/czarna5.zhp.net.pl\/?page_id=253\">hm. Patrycja MAKARSKA<\/a><\/p>\n<p>&#8211; Dru\u017cynowa 5 DDH,<br \/>&#8211; Zast\u0119pczyni Komendanta Szczepu<br \/>&#8211; Przewodnicz\u0105ca Kr\u0119gu Instruktorskiego &#8222;Droga Ognia&#8221;<\/p>\n<p>\u00a0<\/p>\n<p><a href=\"https:\/\/czarna5.zhp.net.pl\/wp-content\/uploads\/2022\/11\/1667658271293.jpg\"><img loading=\"lazy\" class=\"size-thumbnail wp-image-2074 alignleft\" src=\"https:\/\/czarna5.zhp.net.pl\/wp-content\/uploads\/2022\/11\/1667658271293-150x150.jpg\" alt=\"\" width=\"150\" height=\"150\" \/><\/a><\/p>\n<p><a href=\"https:\/\/czarna5.zhp.net.pl\/?page_id=2073\">\u0107w. Kacper Szymankiewicz<\/a><\/p>\n<p>&#8211; Dru\u017cynowy 15 DDS,<br \/>&#8211; Zast\u0119pca Komendanta Szczepu\u00a0<\/p>\n<p>\u00a0<\/p>\n<p><a href=\"http:\/\/czarna5.zhp.net.pl\/wp-content\/uploads\/2019\/02\/DSC_8715.jpg\" rel=\"attachment wp-att-1743\"><img loading=\"lazy\" class=\"size-thumbnail wp-image-1743 alignleft\" src=\"http:\/\/czarna5.zhp.net.pl\/wp-content\/uploads\/2019\/02\/DSC_8715-150x150.jpg\" alt=\"DSC_8715\" width=\"150\" height=\"150\" \/><\/a><\/p>\n<p><a href=\"https:\/\/czarna5.zhp.net.pl\/?page_id=2117\" rel=\"attachment wp-att-1743\">pwd. Natalia SKRZYNIARZ<\/a><\/p>\n<p>&#8211; Dru\u017cynowa 25 DDH,<br \/>&#8211; Zast\u0119pczyni Komendanta Szczepu<\/p>\n<p>\u00a0<\/p>\n<p><a href=\"http:\/\/czarna5.zhp.net.pl\/wp-content\/uploads\/2019\/02\/DSC_8715.jpg\" rel=\"attachment wp-att-1743\"><img loading=\"lazy\" class=\"size-thumbnail wp-image-1743 alignleft\" src=\"https:\/\/czarna5.zhp.net.pl\/wp-content\/uploads\/2022\/11\/289094428_5405493639501855_4651741369134483490_n.jpg\" width=\"150\" height=\"150\" \/><\/a><\/p>\n<p><a href=\"https:\/\/czarna5.zhp.net.pl\/?page_id=2086\">\u0107w. Nikodem Leszczawski<\/a><\/p>\n<p>&#8211; Dru\u017cynowy 50 DDW<\/p>\n\n\n<p><\/p>\n","protected":false},"excerpt":{"rendered":"<p>phm. Kacper Szymczak &#8211; Komendant Szczepu \u00a0 hm. Patrycja MAKARSKA &#8211; Dru\u017cynowa 5 DDH,&#8211; Zast\u0119pczyni Komendanta Szczepu&#8211; Przewodnicz\u0105ca Kr\u0119gu Instruktorskiego &#8222;Droga Ognia&#8221; \u00a0 \u0107w. Kacper Szymankiewicz &#8211; Dru\u017cynowy 15 DDS,&#8211; Zast\u0119pca Komendanta Szczepu\u00a0 \u00a0 pwd. Natalia SKRZYNIARZ &#8211; Dru\u017cynowa 25 &hellip; <a class=\"more-link\" href=\"https:\/\/czarna5.zhp.net.pl\/?page_id=358\">Czytaj dalej <span class=\"meta-nav\">&rarr;<\/span><\/a><\/p>\n","protected":false},"author":1,"featured_media":0,"parent":0,"menu_order":0,"comment_status":"closed","ping_status":"closed","template":"","meta":[],"_links":{"self":[{"href":"https:\/\/czarna5.zhp.net.pl\/index.php?rest_route=\/wp\/v2\/pages\/358"}],"collection":[{"href":"https:\/\/czarna5.zhp.net.pl\/index.php?rest_route=\/wp\/v2\/pages"}],"about":[{"href":"https:\/\/czarna5.zhp.net.pl\/index.php?rest_route=\/wp\/v2\/types\/page"}],"author":[{"embeddable":true,"href":"https:\/\/czarna5.zhp.net.pl\/index.php?rest_route=\/wp\/v2\/users\/1"}],"replies":[{"embeddable":true,"href":"https:\/\/czarna5.zhp.net.pl\/index.php?rest_route=%2Fwp%2Fv2%2Fcomments&post=358"}],"version-history":[{"count":195,"href":"https:\/\/czarna5.zhp.net.pl\/index.php?rest_route=\/wp\/v2\/pages\/358\/revisions"}],"predecessor-version":[{"id":2132,"href":"https:\/\/czarna5.zhp.net.pl\/index.php?rest_route=\/wp\/v2\/pages\/358\/revisions\/2132"}],"wp:attachment":[{"href":"https:\/\/czarna5.zhp.net.pl\/index.php?rest_route=%2Fwp%2Fv2%2Fmedia&parent=358"}],"curies":[{"name":"wp","href":"https:\/\/api.w.org\/{rel}","templated":true}]}}