{"id":495,"date":"2013-07-05T19:03:44","date_gmt":"2013-07-05T18:03:44","guid":{"rendered":"http:\/\/czarna5.zhp.net.pl\/?page_id=495"},"modified":"2013-08-06T09:06:11","modified_gmt":"2013-08-06T08:06:11","slug":"korespondent-specjalny-donosi","status":"publish","type":"page","link":"https:\/\/czarna5.zhp.net.pl\/?page_id=495","title":{"rendered":"Korespondent specjalny donosi:"},"content":{"rendered":"<p>najlepiej czyta\u0107 wpisy od do\u0142u zachowuj\u0105c chronologie \ud83d\ude42<br \/>\n&#8212;&#8212;&#8212;&#8212;&#8212;&#8212;&#8212;&#8212;&#8212;&#8212;&#8212;&#8212;&#8212;&#8212;&#8212;&#8212;&#8212;&#8212;&#8212;&#8212;&#8212;&#8212;&#8212;&#8212;&#8212;&#8212;&#8212;-<br \/>\n<strong>Sp\u00f3\u017aniony 04.08.2013r, D\u0105browa G\u00f3rnicza<\/strong><\/p>\n<p>Ostatnie dni obozu by\u0142y wielkim zamieszaniem, kt\u00f3re da\u0142o si\u0119 okie\u0142zna\u0107 dopiero teraz.<br \/>\nTak wi\u0119c poznawali\u015bmy si\u0119 z innymi podobozami poprzez cepeliadowe stoiska. Przygl\u0105dali\u015bmy si\u0119 zmaganiom m\u0142odych par w ich przed\u015blubnym torze przeszk\u00f3d. Rozpisywali\u015bmy stopnie i sprawno\u015bci pod okiem kadry, a kilkoro w\u0119drownik\u00f3w: dh. Natalia, dh. Patrycja, dh. Magda, dh. Damian i dh. Artur otworzyli swoje pr\u00f3by w\u0119drownicze.<br \/>\nNa ognisku nast\u0105pi\u0142 prze\u0142omowy moment w \u017cyciu kilku harcerzy, kt\u00f3rzy  opu\u015bcili 5, by sta\u0107 si\u0119 cz\u0142onkami Zoyi. Natomiast w szeregi 5 wst\u0105pili Agnieszka i Marcin. Dzi\u0119kujemy wam wszystkim za lata sp\u0119dzone z nami na zbi\u00f3rkach, biwakach i obozach. \u017byczymy wam wielu nowych przyja\u017ani, wspomnie\u0144 i umiej\u0119tno\u015bci. Pragniemy r\u00f3wnie\u017c podzi\u0119kowa\u0107 i pogratulowa\u0107 dh. Twaro\u017ckowi wzorowo zorganizowanej wampiriady! <\/p>\n<p>Ostatniego dnia na ostatnim apelu nast\u0105pi\u0142o rozdanie nagr\u00f3d, podzi\u0119kowa\u0144 i dyplom\u00f3w. Sza\u0142em by\u0142y mini plecaki Prazo.<br \/>\nOstatnie b\u0142ogie chwile na obozie przerwa\u0142 nam alarm plecakowy i ostatni przemarsz na teren Trampa. Stamt\u0105d wyjechali\u015bmy autokarami do domu.<br \/>\nNa parkingu w D\u0105browie nie oby\u0142o si\u0119 bez \u0142ez, gdy \u017cegnali\u015bmy si\u0119, obiecuj\u0105c sobie zachowa\u0107 kontakt i \u017cycz\u0105c udanej reszty wakacji. Rozstali\u015bmy si\u0119 po puszczeniu w kr\u0119gu iskierki, kt\u00f3r\u0105 przerwa\u0107 chcia\u0142 pan kierowca &#8211; ulica, nawet parkingowa, definitywnie nale\u017cy do autokaru. Dzi\u0119kujemy za wszystkie dobre i z\u0142e chwile, zabawy, \u015bpiewanki, w\u0119dr\u00f3wki i czas sp\u0119dzony z nami. Druhny i druhowie&#8230; Przy innym ogniu, w inn\u0105 noc, do zobaczenia zn\u00f3w&#8230; Czuwaj! <\/p>\n<p>&#8212;&#8212;&#8212;&#8212;&#8212;&#8212;&#8212;&#8212;&#8212;&#8212;&#8212;&#8212;&#8212;&#8212;&#8212;&#8212;&#8212;&#8212;&#8212;&#8212;&#8212;&#8212;&#8212;&#8212;&#8212;&#8212;&#8212;&#8212;&#8212;<\/p>\n<p><strong><br \/>\n07.07.2013r., \u015awi\u0119tou\u015b\u0107 <\/strong><br \/>\nNiedziela rozpocz\u0119\u0142a si\u0119 msz\u0105 \u015bwi\u0119t\u0105 na o\u015brodku TRAMP, kt\u00f3r\u0105 poprowadzi\u0142 proboszcz z Ko\u0142czewa. Nasi harcerze przygotowali specjalny repertuar, kt\u00f3ry od\u015bpiewali\u015bmy w ramach eucharystii.<br \/>\nPo mszy kontynuowali\u015bmy zaj\u0119cia z terenoznawstwa, zamieniaj\u0105c si\u0119 zrobionymi przez nas mapami.<br \/>\nPo powrocie czeka\u0142 na nas bieg na azymuty, a po kolacji kominek na nadmorskiej pla\u017cy, na kt\u00f3rym odpowiadali\u015bmy sobie na wa\u017cne pytanie: &#8222;Co by by\u0142o, gdyby istnia\u0142a tylko prawda?&#8221;.<br \/>\nNoc\u0105 nast\u0105pi\u0142o jedno z najwa\u017cniejszych wydarze\u0144 w harcerskim \u017cyciu dh. Patrycji Obarewicz. Gratulujemy z\u0142o\u017cenia Przyrzeczenia Harcerskiego i z ca\u0142ego serca \u017cyczymy satysfakcji z Twej harcerskiej drogi.<\/p>\n<p>&#8212;&#8212;&#8212;&#8212;&#8212;&#8212;&#8212;&#8212;&#8212;&#8212;&#8212;&#8212;&#8212;&#8212;&#8212;&#8212;&#8212;&#8212;&#8212;&#8212;&#8212;&#8212;&#8212;&#8212;&#8212;&#8212;&#8212;<\/p>\n<p><strong>6.07.2013r, \u015awi\u0119tou\u015b\u0107 <\/strong><br \/>\nDzisiejszy dzie\u0144 min\u0105\u0142 nam na terenoznawstwie. Wyruszyli\u015bmy zast\u0119pami w nieznany sobie teren, aby ukry\u0107 gdzie\u015b paczk\u0119 i, co wi\u0119cej, narysowa\u0107 map\u0119, prowadz\u0105c\u0105 do skarbu. Ka\u017cdy z 4 zast\u0119p\u00f3w obra\u0142 jedn\u0105 \u0107wier\u0107 z ko\u0142a azymut\u00f3w i zabawa si\u0119 rozpocz\u0119\u0142a. Wr\u00f3cili\u015bmy na obiad, aby po nim przygotowa\u0107 si\u0119 do olimpiady ca\u0142ego zgrupowania. W mieszanych patrolach pokonywali\u015bmy tory przeszk\u00f3d, \u015bcigali\u015bmy si\u0119 w workach, \u015blizgali\u015bmy si\u0119 na wodnej \u015blizgawce i brali\u015bmy udzia\u0142 w wielu<br \/>\ninnych konkurencjach.<br \/>\nPodsumowali\u015bmy to gr\u0105 nocn\u0105, kt\u00f3r\u0105 dla nas oraz dla PDDH &#8222;Mg\u0142a&#8221; i 27DDH &#8222;Heca&#8221; przygotowa\u0142 dh. Kacper.<br \/>\nWarto napomkn\u0105\u0107, i\u017c tego dnia nasz ob\u00f3z odwiedzi\u0142 sam komendant chor\u0105gwi, hm. Andrzej Lichota. Dh. Artur, kt\u00f3ry akurat pe\u0142ni\u0142 s\u0142u\u017cb\u0119, zosta\u0142 uhonorowany przez dh. Lichot\u0119 pochwa\u0142\u0105 w rozkazie za wzorowane pe\u0142nienie funkcji instruktora s\u0142u\u017cbowego i podw\u00f3jnym u\u015bciskiem d\u0142oni. Artur, prosimy, nie traktuj tego jako kpiny! : ) Gratulujemy wyr\u00f3\u017cnienia, a dh. Kacprowi \u015bwietnej<br \/>\norganizacji gry nocnej.<\/p>\n<p>&#8212;&#8212;&#8212;&#8212;&#8212;&#8212;&#8212;&#8212;&#8212;&#8212;&#8212;&#8212;&#8212;&#8212;&#8212;&#8212;&#8212;&#8212;&#8212;&#8212;&#8212;&#8212;&#8212;&#8212;&#8212;&#8212;&#8212;&#8211;<\/p>\n<p><strong>05.07.2013r, \u015awi\u0119tou\u015b\u0107 \/ \u015awiniouj\u015bcie <\/strong><br \/>\nZaj\u0119cia rozpocz\u0119li\u015bmy ju\u017c noc\u0105. Po alarmie mundurowym nakazano nam&#8230; rozpocz\u0105\u0107 maskowanie si\u0119. G\u0142\u0119boko w lesie musieli\u015bmy podej\u015b\u0107 dh. Patrycj\u0119 &#8211; do tej pory czujemy te mr\u00f3wki, kt\u00f3re cz\u0119\u015b\u0107 z nas zaatakowa\u0142y.<br \/>\nRano, po \u015bniadanku, wyjechali\u015bmy na ca\u0142odzienn\u0105 wycieczk\u0119 do \u015awinouj\u015bcia. Na miejscu przep\u0142yn\u0119li\u015bmy promem na drug\u0105 stron\u0119 rzeki \u015awini, a p\u00f3\u017aniej zwiedzili\u015bmy stary m\u0142yn, 4 pruskie forty wybudowane w czasie II Wojny \u015awiatowej. Na ostatnim z nich, Forcie Gerharda, czeka\u0142o nas szkolenie wojskowe, gdzie musieli\u015bmy wykaza\u0107 si\u0119 m.in sprawno\u015bci\u0105 fizyczn\u0105 i odwag\u0105.<br \/>\nNa zako\u0144czenie wszyscy zostali\u015bmy pasowani na \u017co\u0142nierzy przez srogich \u017co\u0142dak\u00f3w pruskich. Aby ceremonia\u0142 si\u0119 dope\u0142ni\u0142, po dotkni\u0119ciu mieczem nale\u017ca\u0142o g\u0142o\u015bno wym\u00f3wi\u0107 \u201aChwa\u0142a Tobie Twierdzo\u2019. W ten spos\u00f3b najnowsza &#8222;armia pruska&#8221; powi\u0119kszy\u0142a si\u0119 o harcerzy z d\u0105browskiego hufca.<br \/>\nNast\u0119pnie udali\u015bmy si\u0119 na nasz\u0105 kolacj\u0119, czyli kie\u0142baski z ogniska. Konsumpcj\u0119 przerwa\u0142a nam&#8230; koza, kt\u00f3ra wesz\u0142a sobie na st\u00f3\u0142 i zacz\u0119\u0142a po\u017cera\u0107 nasze tekturowe tacki z chlebem. P\u00f3\u017ano wr\u00f3cili\u015bmy do obozu, weso\u0142o wspominaj\u0105c Kropk\u0119, bo tak zwa\u0142a si\u0119 koza, kt\u00f3ra si\u0119 do do\u0142\u0105czy\u0142a do naszej kolacji.<\/p>\n<p>&#8212;&#8212;&#8212;&#8212;&#8212;&#8212;&#8212;&#8212;&#8212;&#8212;&#8212;&#8212;&#8212;&#8212;&#8212;&#8212;&#8212;&#8212;&#8212;&#8212;&#8212;&#8212;&#8212;&#8212;&#8212;&#8212;&#8212;-<\/p>\n<p><strong><\/strong><strong>4.07.2013r., \u015awi\u0119tou\u015b\u0107 <\/strong><br \/>\nI nast\u0105pi\u0142a rebelia, a wtedy powsta\u0142 chaos. Rz\u0105dy przej\u0119li harcerze. Nowa kadra ju\u017c od rana prowadzi\u0142a nas na zapraw\u0119, apel, posi\u0142ki&#8230; Dh. Kacper \u015bwietnie spisywa\u0142 si\u0119 w swej nowej roli obo\u017anego. Przed po\u0142udniem wyruszyli\u015bmy na pla\u017c\u0119, gdze odby\u0142 si\u0119 konkurs wszystkich gildii na najlepszy zamek z piasku.<br \/>\nJu\u017c po sp\u00f3\u017anionym obiedzie kr\u0119cili\u015bmy naszego harlem shake&#8217;a, a p\u00f3\u017aniej udali\u015bmy si\u0119 na mecz siatk\u00f3wki i, dla ch\u0119tnych, badmintona w dru\u017cynach mieszanych.<br \/>\nUkoronowaniem dnia by\u0142a dyskoteka, organizowana przez Zoyoki. Dzi\u0119kujemy za zwariowan\u0105 republik\u0119!<\/p>\n<p>&#8212;&#8212;&#8212;&#8212;&#8212;&#8212;&#8212;&#8212;&#8212;&#8212;&#8212;&#8212;&#8212;&#8212;&#8212;&#8212;&#8212;&#8212;&#8212;&#8212;&#8212;&#8212;&#8212;&#8212;&#8212;&#8212;&#8212;-<\/p>\n<p><strong>3.07.2013r., Mi\u0119dzyzdroje\/ \u015awi\u0119tou\u015b\u0107<\/strong><br \/>\nNast\u0119pnego dnia dh. Obo\u017any obudzi\u0142 nas wyj\u0105tkowo o 8:00 i powita\u0142 kr\u00f3tk\u0105 zapraw\u0105. Wszyscy obudzili si\u0119 po\u0142amani, ale w dobrych humorach.<br \/>\nWkr\u00f3tce z\u0142o\u017cyli\u015bmy namioty i wyruszyli\u015bmy nad Turkusowe Jezioro, 10km od nas. Po drodze odwiedzili\u015bmy stare wyrzutnie pocisk\u00f3w V3. Gdy dotarli\u015bmy nad jezioro, rozpocz\u0119\u0142a si\u0119 bitwa o fast-foody, kt\u00f3r\u0105 niestety przegrali\u015bmy. W ko\u0144cu doczekali\u015bmy si\u0119 autobusu, kt\u00f3ry odwi\u00f3z\u0142 nas na baz\u0119, gdzie ka\u017cdy rzuci\u0142 si\u0119 pod prysznice, a nast\u0119pnie na sto\u0142\u00f3wk\u0119. Niestety, jedzenie nas nie zachwyci\u0142o. Ruszyli\u015bmy na pla\u017c\u0119, gdzie w ko\u0144cu wyk\u0105pali\u015bmy si\u0119 w Ba\u0142tyku &#8211; pozdrowienia dla dh. Artura, kt\u00f3ry k\u0105pa\u0142 w ubraniu ; )<br \/>\nWieczorem czeka\u0142o na nas ognisko podsumowuj\u0105ce w\u0119dr\u00f3wk\u0119, a nasza kadra zgotowa\u0142a nam nie lada niespodziank\u0119 &#8211; zaprosi\u0142a 27DHH &#8222;Hec\u0119&#8221; oraz PDH &#8222;Mg\u0142\u0119&#8221;. Wsp\u00f3lnie zako\u0144czyli\u015bmy dzie\u0144 zabawami, piosenkami i, oczywi\u015bcie, iskierk\u0105.<\/p>\n<p>&#8212;&#8212;&#8212;&#8212;&#8212;&#8212;&#8212;&#8212;&#8212;&#8212;&#8212;&#8212;&#8212;&#8212;&#8212;&#8212;&#8212;&#8212;&#8212;&#8212;&#8212;&#8212;&#8212;&#8212;&#8212;&#8212;&#8212;-<\/p>\n<p><strong>2.07.2013r., \u015awi\u0119tou\u015b\u0107\/Mi\u0119dzyzdroje <\/strong><br \/>\nW ko\u0144cu nadszed\u0142 czas na sprawdzenie naszej wytrzyma\u0142o\u015bci. Wyruszili\u015bmy na w\u0119dr\u00f3wk\u0119. Trasa prowadzi\u0142a nas dwoma szlakami &#8211; czarnym i czerwonym &#8211; na kt\u00f3rych zobaczyli\u015bmy m.in. najwy\u017cszy klif w Polsce. W\u0119drowali\u015bmy lasem, oraz brzegiem morza, wspierani szumem fal i s\u0142o\u0144cem, kt\u00f3re co jaki\u015b czas chowa\u0142o si\u0119, ust\u0119puj\u0105c deszczowi. Nawet to nie popsu\u0142o nam humor\u00f3w, gdy strudzeni dotarli\u015bmy do Woli\u0144skiego Parku Narodowego, w kt\u00f3rym odwiedzili\u015bmy \u017bubrowni\u0119. Wszyscy pokochali ma\u0142ego \u017cubra, kt\u00f3ry niestety nie zaszczyci\u0142 nas uwag\u0105.<br \/>\nPod koniec dnia w Mi\u0119dzyzdroju, celu naszej w\u0119dr\u00f3wki, musieli\u015bmy rozstawi\u0107 sobie sami nasze namioty, kt\u00f3re ze sob\u0105 nie\u015bli\u015bmy. Nieszcz\u0119\u015bliwym zbiegiem okoliczno\u015bci, 9.4 kg namiot, kt\u00f3ry targa\u0142o ze sob\u0105 6 Zoyok\u00f3w, okaza\u0142 si\u0119 atrap\u0105 &#8211; nios\u0142y ze sob\u0105 sam szkielet! Rozczarowanie szybko zast\u0105pi\u0142 optymizm, i ostatecznie namiot ten zosta\u0142 zamieszkany przez Damiana, Artura i nasze Prazoplecaki : )<br \/>\nNaszymi ostatnimi zaj\u0119ciami na ten dzie\u0144 by\u0142 quiz przygotowany przez dh. Roksan\u0119 i dh. Dari\u0119, a wi\u0105za\u0142 si\u0119 on z przebyt\u0105 przez nas tras\u0105. Zaraz po nim usn\u0119li\u015bmy szybciej ni\u017c kiedykolwiek, maj\u0105c nadziej\u0119, \u017ce magicznym sposobem nasze odciski, otarcia i zm\u0119czenie znikn\u0105.<\/p>\n<p>&#8212;&#8212;&#8212;&#8212;&#8212;&#8212;&#8212;&#8212;&#8212;&#8212;&#8212;&#8212;&#8212;&#8212;&#8212;&#8212;&#8212;&#8212;&#8212;&#8212;&#8212;&#8212;&#8212;&#8212;&#8212;&#8212;&#8212;-<\/p>\n<p><strong>1.07.2013r., \u015awi\u0119tou\u015b\u0107<\/strong><br \/>\nDzie\u0144 kolejny min\u0105\u0142. Dzie\u0144, w kt\u00f3rym docenili\u015bmy korzy\u015bci p\u0142yn\u0105ce z obs\u0142ugi telefon\u00f3w polowych &#8211; o dziwo, wi\u0119ksz\u0105 zabaw\u0119 z telekomunikacji mia\u0142y harcerki z 50DDW.<br \/>\nOpr\u00f3cz powy\u017cszego, w ko\u0144cu zobaczyli\u015bmy morze w \u015bwietle dnia! Wierni dewizie: &#8222;pla\u017cing, le\u017cing, opala\u017cing&#8221;, czas ten sp\u0119dzili\u015bmy na ambitnym poznawaniu jako\u015bci piachu oraz sennym marzeniom na pla\u017cy.<br \/>\nDzie\u0144 zako\u0144czyli\u015bmy ogniskiem szczepu, na kt\u00f3rym to ka\u017cda z gildii zaprezentowa\u0142a sw\u0105 obrz\u0119dowo\u015b\u0107, by wype\u0142ni\u0107 Przymierze. Po tych atrakcjach szybko udali\u015bmy si\u0119 do naszych koi, by nabra\u0107 si\u0142 przed trudami dnia nast\u0119pnego.<\/p>\n<p>&#8212;&#8212;&#8212;&#8212;&#8212;&#8212;&#8212;&#8212;&#8212;&#8212;&#8212;&#8212;&#8212;&#8212;&#8212;&#8212;&#8212;&#8212;&#8212;&#8212;&#8212;&#8212;&#8212;&#8212;&#8212;&#8212;&#8212;-<\/p>\n<p><strong>30.06.2013r, \u015awi\u0119tou\u015b\u0107.<\/strong><br \/>\nDnia dzisiejszego ju\u017c od rana starali\u015bmy si\u0119 doko\u0144czy\u0107 pionierk\u0119. Harcerze z 5DDH cierpliwie przygotowywali p\u00f3\u0142ki dla ca\u0142ego szczepu pod bacznym okiem dh. Artura oraz rozk\u0142adali telekomunikacj\u0119 polow\u0105 pod wodz\u0105 dh. Damiana. Harcerki z 50 DWW pracowa\u0142y natomisst nad wsp\u00f3\u0142zawodnictwem w szczepie &#8211; koraliki punktowe wysz\u0142y fantastyczne.<br \/>\nWieczorem odby\u0142 si\u0119 pierwszy apel na naszym obozie, na kt\u00f3rym zosta\u0142a m.in. wybrana rada obozowa. P\u00f3\u017aniej dobrze bawili\u015bmy si\u0119 na rozpoczynaj\u0105cym ognisku &#8211; udowodnili\u015bmy swoj\u0105 sprawno\u015b\u0107 fizyczn\u0105 i umys\u0142ow\u0105.<br \/>\nJu\u017c pod os\u0142on\u0105 nocy, kadra szczepu przygotowa\u0142a dla harcerzy niespodziank\u0119 &#8211; no bo kt\u00f3\u017c chodzi z zawi\u0105zanymi oczami przez las, prowadzony przez duchy? Tylko 5 i 50, kt\u00f3rzy w nocy pod\u0105\u017cali ku swemu Przymierzu. Zawi\u0105zali\u015bmy je w naszych gildiach przy \u017cywio\u0142ach &#8211; powietrzu (bardzo wia\u0142o), ziemi (piachu co nie miara), ogniu (wszystko pod kontrol\u0105) oraz wodzie (morze wydawa\u0142o si\u0119 ciep\u0142e&#8230;). W namiotach znowu szybko usn\u0119li\u015bmy.<\/p>\n<p>&#8212;&#8212;&#8212;&#8212;&#8212;&#8212;&#8212;&#8212;&#8212;&#8212;&#8212;&#8212;&#8212;&#8212;&#8212;&#8212;&#8212;&#8212;&#8212;&#8212;&#8212;&#8212;&#8212;&#8212;&#8212;&#8212;&#8212;-<\/p>\n<p><strong>29.06.2013, \u015awiniou\u015b\u0107<\/strong> (czy jako\u015b tak) Po ok. 10-cio godzinnej podr\u00f3\u017cy autokarem, kt\u00f3ra up\u0142yn\u0119\u0142a nam przy d\u017awi\u0119kach rozm\u00f3w, gitar i chrapania co bardziej znu\u017conych, dotarli\u015bmy na baz\u0119 hufca Stargard Szczeci\u0144ski w \u015awi\u0119touj\u015bciu. Od razu wzi\u0119li\u015bmy si\u0119 do roboty, rozbijaj\u0105c namioty dla naszego szczepu. Postawili\u015bmy tak\u017ce suszarni\u0119, kosze na \u015bmieci, tablic\u0119 og\u0142osze\u0144, etc &#8211; s\u0142owem, rozpocz\u0119li\u015bmy obozow\u0105 pionierk\u0119. Ju\u017c po po\u0142udniu, gdy uporali\u015bmy si\u0119 z obiadem, zacz\u0119li\u015bmy pracowa\u0107 nad obrz\u0119dowo\u015bci\u0105 dru\u017cyn. Niestety lun\u0105\u0142 deszcz, wi\u0119c wraz z reszt\u0105 obozowicz\u00f3w urz\u0105dzili\u015bmy kr\u00f3tkie \u015bpiewogranie.<br \/>\nPierwszy dzie\u0144 obozu up\u0142yn\u0105\u0142 nam szybko, zm\u0119czeni pousypiali\u015bmy w naszych nowych mieszkankach zaraz po og\u0142oszeniu ciszy nocnej.<\/p>\n<p>MRu<\/p>\n","protected":false},"excerpt":{"rendered":"<p>najlepiej czyta\u0107 wpisy od do\u0142u zachowuj\u0105c chronologie \ud83d\ude42 &#8212;&#8212;&#8212;&#8212;&#8212;&#8212;&#8212;&#8212;&#8212;&#8212;&#8212;&#8212;&#8212;&#8212;&#8212;&#8212;&#8212;&#8212;&#8212;&#8212;&#8212;&#8212;&#8212;&#8212;&#8212;&#8212;&#8212;- Sp\u00f3\u017aniony 04.08.2013r, D\u0105browa G\u00f3rnicza Ostatnie dni obozu by\u0142y wielkim zamieszaniem, kt\u00f3re da\u0142o si\u0119 okie\u0142zna\u0107 dopiero teraz. Tak wi\u0119c poznawali\u015bmy si\u0119 z innymi podobozami poprzez cepeliadowe stoiska. Przygl\u0105dali\u015bmy si\u0119 zmaganiom m\u0142odych par &hellip; <a class=\"more-link\" href=\"https:\/\/czarna5.zhp.net.pl\/?page_id=495\">Czytaj dalej <span class=\"meta-nav\">&rarr;<\/span><\/a><\/p>\n","protected":false},"author":1,"featured_media":0,"parent":0,"menu_order":0,"comment_status":"closed","ping_status":"closed","template":"","meta":[],"_links":{"self":[{"href":"https:\/\/czarna5.zhp.net.pl\/index.php?rest_route=\/wp\/v2\/pages\/495"}],"collection":[{"href":"https:\/\/czarna5.zhp.net.pl\/index.php?rest_route=\/wp\/v2\/pages"}],"about":[{"href":"https:\/\/czarna5.zhp.net.pl\/index.php?rest_route=\/wp\/v2\/types\/page"}],"author":[{"embeddable":true,"href":"https:\/\/czarna5.zhp.net.pl\/index.php?rest_route=\/wp\/v2\/users\/1"}],"replies":[{"embeddable":true,"href":"https:\/\/czarna5.zhp.net.pl\/index.php?rest_route=%2Fwp%2Fv2%2Fcomments&post=495"}],"version-history":[{"count":7,"href":"https:\/\/czarna5.zhp.net.pl\/index.php?rest_route=\/wp\/v2\/pages\/495\/revisions"}],"predecessor-version":[{"id":501,"href":"https:\/\/czarna5.zhp.net.pl\/index.php?rest_route=\/wp\/v2\/pages\/495\/revisions\/501"}],"wp:attachment":[{"href":"https:\/\/czarna5.zhp.net.pl\/index.php?rest_route=%2Fwp%2Fv2%2Fmedia&parent=495"}],"curies":[{"name":"wp","href":"https:\/\/api.w.org\/{rel}","templated":true}]}}