{"id":612,"date":"2013-10-25T21:48:46","date_gmt":"2013-10-25T20:48:46","guid":{"rendered":"http:\/\/czarna5.zhp.net.pl\/?page_id=612"},"modified":"2020-10-16T15:49:18","modified_gmt":"2020-10-16T14:49:18","slug":"kapitula-prob-wedrowniczych","status":"publish","type":"page","link":"https:\/\/czarna5.zhp.net.pl\/?page_id=612","title":{"rendered":"Kapitu\u0142a Pr\u00f3b W\u0119drowniczych"},"content":{"rendered":"<p>&nbsp;<\/p>\n<div>Dokumenty:<\/div>\n<p>Regulamin Kapitu\u0142y &#8211; <a href=\"http:\/\/czarna5.zhp.net.pl\/wp-content\/uploads\/2013\/10\/REGULAMIN-KPW.pdf\">do pobrania<\/a><br \/>\nKarta pr\u00f3by w\u0119drowniczej &#8211; <a href=\"http:\/\/czarna5.zhp.net.pl\/wp-content\/uploads\/2013\/10\/KARTA-PR\u00d3BY-W\u0118DROWNICZEJ.doc\">do pobrania<\/a><\/p>\n<p>Sk\u0142ad kapitu\u0142y:<br \/>\nphm. Ewelina Twarowska- przewodnicz\u0105ca<br \/>\npwd. Kacper Szymczak<br \/>\nsam. Natalia Skrzyniarz<\/p>\n<div><\/div>\n","protected":false},"excerpt":{"rendered":"<p>&nbsp; Dokumenty: Regulamin Kapitu\u0142y &#8211; do pobrania Karta pr\u00f3by w\u0119drowniczej &#8211; do pobrania Sk\u0142ad kapitu\u0142y: phm. Ewelina Twarowska- przewodnicz\u0105ca pwd. Kacper Szymczak sam. Natalia Skrzyniarz<\/p>\n","protected":false},"author":1,"featured_media":0,"parent":0,"menu_order":0,"comment_status":"closed","ping_status":"closed","template":"","meta":[],"_links":{"self":[{"href":"https:\/\/czarna5.zhp.net.pl\/index.php?rest_route=\/wp\/v2\/pages\/612"}],"collection":[{"href":"https:\/\/czarna5.zhp.net.pl\/index.php?rest_route=\/wp\/v2\/pages"}],"about":[{"href":"https:\/\/czarna5.zhp.net.pl\/index.php?rest_route=\/wp\/v2\/types\/page"}],"author":[{"embeddable":true,"href":"https:\/\/czarna5.zhp.net.pl\/index.php?rest_route=\/wp\/v2\/users\/1"}],"replies":[{"embeddable":true,"href":"https:\/\/czarna5.zhp.net.pl\/index.php?rest_route=%2Fwp%2Fv2%2Fcomments&post=612"}],"version-history":[{"count":59,"href":"https:\/\/czarna5.zhp.net.pl\/index.php?rest_route=\/wp\/v2\/pages\/612\/revisions"}],"predecessor-version":[{"id":2004,"href":"https:\/\/czarna5.zhp.net.pl\/index.php?rest_route=\/wp\/v2\/pages\/612\/revisions\/2004"}],"wp:attachment":[{"href":"https:\/\/czarna5.zhp.net.pl\/index.php?rest_route=%2Fwp%2Fv2%2Fmedia&parent=612"}],"curies":[{"name":"wp","href":"https:\/\/api.w.org\/{rel}","templated":true}]}}