{"id":698,"date":"2013-12-24T22:34:53","date_gmt":"2013-12-24T21:34:53","guid":{"rendered":"http:\/\/czarna5.zhp.net.pl\/?page_id=698"},"modified":"2013-12-24T22:46:58","modified_gmt":"2013-12-24T21:46:58","slug":"698-2","status":"publish","type":"page","link":"https:\/\/czarna5.zhp.net.pl\/?page_id=698","title":{"rendered":""},"content":{"rendered":"<p>Trzy historie wigilijne \u2013 dobre historie \u2013 o spe\u0142nionych marzeniach, wyj\u0105tkowych ludziach i<br \/>\nm\u0105drej puencie wed\u0142ug\u2026<\/p>\n<p>Hakuna Matata<\/p>\n<p>Kubu\u015b Puchatek nie m\u00f3g\u0142 ju\u017c wytrzyma\u0107!!! Kiedy przyjdzie Prosiaczek, ile mo\u017cna czeka\u0107!<br \/>\nPrzecie\u017c dzisiaj jest 24 grudnia. WIGILIA. Nie b\u0119dzie mo\u017cna zacz\u0105\u0107 bez Prosiaczka, bo<br \/>\nProsiaczek mia\u0142 zorganizowa\u0107 w\u00f3zek. Bez w\u00f3zka nie przewioz\u0105 \u015bwi\u0105tecznych potraw do<br \/>\ndomu Mamy Kangurzycy. I miodku. Rety! \u2013 pomy\u015bla\u0142 Kubu\u015b Puchatek. \u2013 Wigilia bez miodku!<br \/>\nKatastrofa!!! Nagle us\u0142ysza\u0142 skrzypienie. Uff. To Prosiaczek z w\u00f3zkiem. Ale co on robi?! I<br \/>\ndlaczego ten w\u00f3zek tak wygl\u0105da?! Wybieg\u0142 z domu jak b\u0142yskawica (pomimo, \u017ce ma przecie\u017c<br \/>\nkr\u00f3tkie n\u00f3\u017cki)\u2026\u2026.<br \/>\nKubu\u015b po drodze w biegu znalaz\u0142 pieni\u0105\u017cek i zobaczy\u0142 \u015blad miodku. I poszed\u0142 dalej za \u015bladami.<br \/>\nTam w krzakach znalaz\u0142 beczu\u0142ki miodku. Jak to Kubu\u015b, zacz\u0105\u0142 si\u0119 nim objada\u0107. Ale nagle<br \/>\nprzypomnia\u0142 sobie o w\u00f3zku i wr\u00f3ci\u0142 do chatki. Poprosi\u0142 tam o pomoc wszystkich przyjaci\u00f3\u0142.<br \/>\nZobaczyli ten w\u00f3zek na drzewie i by\u0142 on ca\u0142y brudny i po\u0142atany. Ko\u0142o drzewa sta\u0142 Prosiaczek,<br \/>\nkt\u00f3ry by\u0142 przestraszony. Sowa wlecia\u0142a na drzewo i zdj\u0119\u0142a w\u00f3zek. Wyczy\u015bcili go i przerobili na\u2026 super\u00a0szybk\u0105 wy\u015bcig\u00f3wk\u0119. Wszyscy wskoczyli do wy\u015bcig\u00f3wki, a potem pojechali na wigili\u0119 do\u2026McDonalda.<\/p>\n<p>Ad Infinitum<\/p>\n<p>Na niebie pojawi\u0142a si\u0119 pierwsza gwiazda. TA PIERWSZA GWIAZDA. By\u0142 24 grudnia,<br \/>\ngdzie\u015b na p\u00f3\u0142kuli p\u00f3\u0142nocnej. Bo nie wa\u017cne gdzie, ale wa\u017cne kiedy. Jaki\u015b cie\u0144, ledwie widoczny<br \/>\nw \u015bwietle latarni ku\u015btykaj\u0105c, szed\u0142 chodnikiem. Chodnikiem, kt\u00f3ry m\u00f3g\u0142by by\u0107 chodnikiem<br \/>\njakiegokolwiek miasta na p\u00f3\u0142kuli p\u00f3\u0142nocnej. Wtem zza zakr\u0119tu, z piskiem opon, wyjecha\u0142<br \/>\nsrebrno\u00adszary Aston Martin DB5. Gwa\u0142townie zatrzyma\u0142 si\u0119 przed cz\u0142owiekiem, cieniem zaledwie\u2026..<br \/>\nSamoch\u00f3d sta\u0142 zaledwie kilka centymetr\u00f3w przed cieniem, gdy jego drzwi powoli si\u0119 otworzy\u0142y.<br \/>\nNa ulicy nasta\u0142a jeszcze wi\u0119ksza cisza. W czelu\u015bciach samochodu co\u015b si\u0119 poruszy\u0142o.<br \/>\nOd cienia cz\u0142owieka bi\u0142a niepewno\u015b\u0107. Wtedy z auta wysiad\u0142\u2026 James Bond w czerwonym stroju\u00a0Miko\u0142aja! Cie\u0144 ruszy\u0142 krok do przodu, w \u015bwiat\u0142o latarni i oczom Jamesa ukaza\u0142a si\u0119\u2026 Lara Croft,\u00a0r\u00f3wnie\u017c w \u015bwi\u0105tecznym stroju Miko\u0142aja.<br \/>\nWow \u2013 wykrztusi\u0142 James. \u2013 Zawsze chcia\u0142em ci\u0119 pozna\u0107!<br \/>\nAle masz super fur\u0119! \u2013 odpowiedzia\u0142a na to Lara.<br \/>\nChcesz si\u0119 przejecha\u0107? \u2013 zaproponowa\u0142.<br \/>\nBardzo ch\u0119tnie. \u2013 zgodzi\u0142a si\u0119 o wsiad\u0142a do samochodu.<br \/>\nHm, Aston odpali tylko i wy\u0142\u0105cznie wtedy, gdy dasz mi sw\u00f3j autograf. \u2013 rzuci\u0142 James, niby od<br \/>\nniechcenia. Lara bez wahania podpisa\u0142a kartk\u0119 z dedykacj\u0105.<br \/>\nMasz na sobie str\u00f3j Miko\u0142aja. \u2013 zauwa\u017cy\u0142a.<br \/>\nYhm. Ty te\u017c. Po co? \u2013 przytakn\u0105\u0142 Bond.<br \/>\nBo chcia\u0142am by\u0107 przez chwil\u0119 dobra \u2013 mrukn\u0119\u0142a Croft.<br \/>\nKa\u017cdy z nas ma w sobie dobro \u2013 zapewni\u0142 j\u0105. \u2013 Nie trzeba si\u0119 do tego przebiera\u0107 za Miko\u0142aja.<br \/>\nAle ty si\u0119 przebra\u0142e\u015b!<br \/>\nTo by\u0142o moje tajne zlecenie. \u2013 ruszy\u0142 z piskiem opon.<br \/>\nJakie\u2026? \u2013 zapyta\u0142a tajna agentka.<br \/>\nTy. \u2013 odpar\u0142 tajny agent, nie patrz\u0105c na ni\u0105.<\/p>\n<p>CI\u0104G DALSZY NAST\u0104PI.<\/p>\n<p>Zoya<\/p>\n<p>W g\u0142\u00f3wnym salonie wielkiego domu III\u00adego wicehrabiego Hampton w hrabstwie Essex sta\u0142a<br \/>\nolbrzymia choinka. Na razie bez ozd\u00f3b. By\u0142 dzie\u0144 24 grudnia, ko\u0142o godziny 11:30. Nagle silny<br \/>\nwiatr wiej\u0105cy przez wrzosowiska zatrz\u0105sn\u0105\u0142 szybami w oknach, zahucza\u0142o w kominie, a kucharce\u00a0w piecu opad\u0142 biszkopt.<br \/>\nO rety! \u00ad pomy\u015bla\u0142a. \u2013 Na \u015bwi\u0119ta nie b\u0119dzie ulubionego tortu marcepanowego hrabiny!<br \/>\nBiszkopt opad\u0142. Wydawa\u0142o si\u0119 to ko\u0144cem kariery kucharki hrabiny \u2013 czarne chmury zawis\u0142y nad\u00a0Essex i jej (blondw\u0142os\u0105 trwa\u0142\u0105). Przeczuwa\u0142a, \u017ce nachodzi dzie\u0144 zwolnienia. Nie myli\u0142a si\u0119 ani o\u00a0cal. W\u015bciek\u0142y hrabia wyrzuci\u0142 j\u0105 z rozleg\u0142ej posesji. Nast\u0119pnie zg\u0142osi\u0142a bezrobocie, a tego samego\u00a0dnia wieczorem dosta\u0142a list. Otwieraj\u0105c go, do domu wszed\u0142 \u015bw. Niko, dostrzegaj\u0105c w hrabim\u00a0lewicowe pogl\u0105dy, zmasakrowa\u0142 go.<br \/>\nA do hrabiny rzek\u0142: \u201eWsiadaj do mojego libero\u00admobilu, bejbe!\u201d<br \/>\nOdlecieli do krainy wolnej od lewak\u00f3w, a marzenia hrabiny wreszcie si\u0119 spe\u0142ni\u0142y. Zamieszka\u0142a w\u00a0prawicowym domu.<\/p>\n","protected":false},"excerpt":{"rendered":"<p>Trzy historie wigilijne \u2013 dobre historie \u2013 o spe\u0142nionych marzeniach, wyj\u0105tkowych ludziach i m\u0105drej puencie wed\u0142ug\u2026 Hakuna Matata Kubu\u015b Puchatek nie m\u00f3g\u0142 ju\u017c wytrzyma\u0107!!! Kiedy przyjdzie Prosiaczek, ile mo\u017cna czeka\u0107! Przecie\u017c dzisiaj jest 24 grudnia. WIGILIA. Nie b\u0119dzie mo\u017cna zacz\u0105\u0107 &hellip; <a class=\"more-link\" href=\"https:\/\/czarna5.zhp.net.pl\/?page_id=698\">Czytaj dalej <span class=\"meta-nav\">&rarr;<\/span><\/a><\/p>\n","protected":false},"author":1,"featured_media":0,"parent":0,"menu_order":0,"comment_status":"closed","ping_status":"closed","template":"","meta":[],"_links":{"self":[{"href":"https:\/\/czarna5.zhp.net.pl\/index.php?rest_route=\/wp\/v2\/pages\/698"}],"collection":[{"href":"https:\/\/czarna5.zhp.net.pl\/index.php?rest_route=\/wp\/v2\/pages"}],"about":[{"href":"https:\/\/czarna5.zhp.net.pl\/index.php?rest_route=\/wp\/v2\/types\/page"}],"author":[{"embeddable":true,"href":"https:\/\/czarna5.zhp.net.pl\/index.php?rest_route=\/wp\/v2\/users\/1"}],"replies":[{"embeddable":true,"href":"https:\/\/czarna5.zhp.net.pl\/index.php?rest_route=%2Fwp%2Fv2%2Fcomments&post=698"}],"version-history":[{"count":4,"href":"https:\/\/czarna5.zhp.net.pl\/index.php?rest_route=\/wp\/v2\/pages\/698\/revisions"}],"predecessor-version":[{"id":702,"href":"https:\/\/czarna5.zhp.net.pl\/index.php?rest_route=\/wp\/v2\/pages\/698\/revisions\/702"}],"wp:attachment":[{"href":"https:\/\/czarna5.zhp.net.pl\/index.php?rest_route=%2Fwp%2Fv2%2Fmedia&parent=698"}],"curies":[{"name":"wp","href":"https:\/\/api.w.org\/{rel}","templated":true}]}}