{"id":814,"date":"2014-07-29T22:58:01","date_gmt":"2014-07-29T21:58:01","guid":{"rendered":"http:\/\/czarna5.zhp.net.pl\/?page_id=814"},"modified":"2014-07-29T23:06:34","modified_gmt":"2014-07-29T22:06:34","slug":"rozkazy-obozowe-2014","status":"publish","type":"page","link":"https:\/\/czarna5.zhp.net.pl\/?page_id=814","title":{"rendered":"rozkazy obozowe 2014"},"content":{"rendered":"<p>ZHP Chor\u0105giew \u015al\u0105ska Niesulice, dnia 05.07.2014r.<br \/>\nHufiec D\u0105browa G\u00f3rnicza<br \/>\nKomendantka Egaleo<\/p>\n<p><strong>Rozkaz L. 1\/2014<\/strong><\/p>\n<p>Kochani!<br \/>\nWitam Was serdeczne na pierwszym apelu naszego obozu \u2013 w krainie staro\u017cytnych Grek\u00f3w EGALEO. Niechaj Bogowie sprawuj\u0105 nad Wami opiek\u0119!<\/p>\n<p>1.Program dnia<br \/>\nPodaj\u0119 do wiadomo\u015bci nast\u0119puj\u0105cy program dnia:<br \/>\nPrzed po\u0142udniem &#8211; ci\u0105g dalszy pionierki obozowej<br \/>\nPo po\u0142udniu &#8211; ci\u0105g dalszy pionierki, zaj\u0119cia wprowadzaj\u0105ce do obrz\u0119dowo\u015bci w zast\u0119pach<br \/>\nWieczorem &#8211; zaj\u0119cia programowe w zast\u0119pach , o 21:00 dyskoteka inauguracyjna zgrupowania. <\/p>\n<p>2.Mianowania<br \/>\n2.1.Mianowania w kadrze obozu<br \/>\nMianuj\u0119 zast\u0119pc\u0105 komendantki obozu phm. Dari\u0119 Galant.<br \/>\nMianuj\u0119 kwatermistrzem obozu hm. Roberta Latacza.<br \/>\nMianuj\u0119 zast\u0119pc\u0105 komendantki obozu ds. organizacyjnych pwd. Damiana Twarowskiego.<br \/>\nMianuj\u0119 zast\u0119pc\u0105 komendantki obozu ds. programu sam. Magdalen\u0119 Robakowsk\u0105.<\/p>\n<p>3.Komunikaty<br \/>\nPrzypominam, \u017ce warta nie \u015bpi, nie m\u00f3wi, nie krzyczy! Warty nie wida\u0107, ale warta czuwa i jest wsz\u0119dzie!<\/p>\n<p>Czuwaj !<br \/>\nhm. Patrycja Makarska-Chachaj<\/p>\n<p>&#8212;&#8212;&#8212;&#8212;&#8212;&#8212;&#8212;&#8212;&#8212;&#8212;&#8212;&#8212;&#8212;<\/p>\n<p>ZHP Chor\u0105giew \u015al\u0105ska Niesulice, dnia 06.07.2014r.<br \/>\nHufiec D\u0105browa G\u00f3rnicza<br \/>\nKomendantka obozu Egaleo<\/p>\n<p><strong>Rozkaz L. 2\/2014<\/strong><\/p>\n<p>1.Program dnia<br \/>\nPodaj\u0119 do wiadomo\u015bci nast\u0119puj\u0105cy program dnia:<br \/>\nPrzed po\u0142udniem i popo\u0142udniu \u2013 zaj\u0119cia w pa\u0144stwach-miastach, 9:30 msza<br \/>\nWieczorem \u2013 ognisko staro\u017cytnych miast krainy Egaleo<\/p>\n<p>2 .S\u0142u\u017cba<br \/>\nS\u0142u\u017cb\u0119 w dniu dzisiejszym pe\u0142ni zast\u0119p Gwardia Artemidy<br \/>\nInstruktor s\u0142u\u017cbowy dh. pwd. Damian Twarowski.<\/p>\n<p>3. Zatwierdzenie sk\u0142adu rady obozu, rad dru\u017cyn, sk\u0142adu dru\u017cyn i zast\u0119p\u00f3w<br \/>\nZatwierdzam rad\u0119 obozu w sk\u0142adzie: Bartosz Zmys\u0142owski, Laura Chycka, Anna Malinka, Kacper Szymczak,<br \/>\nKamelia Caban, Daria Galant.<\/p>\n<p>4. Zatwierdzam nazw\u0119 obozu EGALEO.<\/p>\n<p>5. Zatwierdzenie nazw zast\u0119p\u00f3w obozowych<br \/>\nZatwierdzam nast\u0119puj\u0105ce nazwy zast\u0119p\u00f3w obozowych:<\/p>\n<p>Zast\u0119p 1 \u2013 Gwardia Artemidy<br \/>\nZast\u0119p 2 &#8211; Demos<br \/>\nZast\u0119p 3 &#8211; Sparta<br \/>\nZast\u0119p 4 &#8211; Lakedaimon<br \/>\nZast\u0119p 5 &#8211; Papagu<br \/>\nZast\u0119p 6 &#8211; Memorfosis<\/p>\n<p>7. Pochwa\u0142y. Nagrody. Wyr\u00f3\u017cnienia<br \/>\nUdzielam pochwa\u0142y pwd. Damianowi Twarowskiemu za sprawn\u0105 organizacj\u0119 pionierki obozowej.<br \/>\nUdzielam pochwa\u0142y dh. Kacprowi Szymczak za dodatkowe, pe\u0142ne zaanga\u017cowania prace na rzecz obozu.<br \/>\nWszystkim dzi\u0119kuj\u0119 za sprawne i efektywne przeprowadzone prac pionierkowych.<\/p>\n<p>Czuwaj !<br \/>\nhm. Patrycja Makarska-Chachaj<\/p>\n<p>&#8212;&#8212;&#8212;&#8212;&#8212;&#8212;&#8212;&#8212;&#8212;&#8212;&#8212;&#8212;&#8212;<\/p>\n<p>ZHP Chor\u0105giew \u015al\u0105ska Niesulice, dnia 07.07.2014r.<br \/>\nHufiec D\u0105browa G\u00f3rnicza<br \/>\nKomendantka obozu Egaleo<\/p>\n<p><strong>Rozkaz L. 3\/2014<\/strong><\/p>\n<p>1.Program dnia<br \/>\nPodaj\u0119 do wiadomo\u015bci nast\u0119puj\u0105cy program dnia<br \/>\nPrzed po\u0142udniem zaj\u0119cia w dru\u017cynach- odpowiedzialni dru\u017cynowi<br \/>\nPo po\u0142udniu zaj\u0119cia w dru\u017cynach \u2013 odpowiedzialni dru\u017cynowi<br \/>\nWieczorem Dionizje- odpowiedzialna w cz\u0119\u015bci zuchowej dh. Martyna Filip.<\/p>\n<p>2.S\u0142u\u017cba<br \/>\nS\u0142u\u017cb\u0119 w dniu pe\u0142ni zast\u0119p Demos<br \/>\nInstruktor s\u0142u\u017cbowy dh. pwd. Damian Twarowski.<\/p>\n<p>3. Zatwierdzenie sk\u0142adu zast\u0119p\u00f3w<br \/>\nZatwierdzam sk\u0142ad zast\u0119p\u00f3w:<br \/>\nZast\u0119p Gwardia Artemidy \u2013 zast\u0119powa dh. Aleksandra Malinka, sk\u0142ad: Natalia Skrzyniarz, Zuzanna Czubak,<br \/>\nAgnieszka Danecka, Kamelia Caban.<br \/>\nZast\u0119p Demos \u2013 zast\u0119powy dh. Juliusz Klimas, sk\u0142ad: Adam Taborek, Olaf Janukowicz, Oliwier Basi\u0144ski, Filip Ba\u0144ski.<br \/>\nZast\u0119p Sparta \u2013 zast\u0119powy dh. Kacper Szymczak, sk\u0142ad: Karol \u0141agosz, Tomasz Kapcia, Maciej Kokot, Jakub<br \/>\nKokot.<br \/>\nZast\u0119p Lakedaimon \u2013 zast\u0119powa dh. Anna Malinka, sk\u0142ad: Roksana Warmuz, Ewelina Stanek, Magdalena<br \/>\nRobakowska.<br \/>\nZast\u0119p Papagu \u2013 zast\u0119powa Laura Chycka, sk\u0142ad: Patrycja Okienica, Natasza Chachaj, Wiktoria Dobosz,<br \/>\nMatylda Taborek.<br \/>\nZast\u0119p Memorfosis \u2013 zast\u0119powy Bartosz Zmys\u0142owski, sk\u0142ad: Kamil Szewczyk, Oskar Twarowski, Julian<br \/>\nChory\u0144, Konrad Caban, Filip Ba\u0144ski.<\/p>\n<p>4.Otwarcie pr\u00f3b na pr\u00f3by, sprawno\u015bci, znak\u00f3w s\u0142u\u017cb i zaliczenie zada\u0144 zespo\u0142owych<br \/>\nNa wniosek Kapitu\u0142y Pr\u00f3b W\u0119drowniczych otwieram pr\u00f3b\u0119 w\u0119drownicz\u0105 dh. Annie Malince i dh. Ewelinie<br \/>\nStanek.<\/p>\n<p>5.Pochwa\u0142y. Nagrody. Wyr\u00f3\u017cnienia<br \/>\nNa wniosek druha obo\u017anego udzielam pochwa\u0142y zuchom Laurze Chyckiej i Wiktorii Dobosz za wzorowe<br \/>\npe\u0142nienie s\u0142u\u017cby wartowniczej.<\/p>\n<p>Czuwaj !<br \/>\nhm. Patrycja Makarska-Chachaj<\/p>\n<p>&#8212;&#8212;&#8212;&#8212;&#8212;&#8212;&#8212;&#8212;&#8212;&#8212;&#8212;&#8212;&#8212;-<\/p>\n<p>ZHP Chor\u0105giew \u015al\u0105ska Niesulice, dnia 08.07.2014r.<br \/>\nHufiec D\u0105browa G\u00f3rnicza<br \/>\nKomendantka Egaleo<\/p>\n<p><strong>Rozkaz L. 4\/2014<\/strong><\/p>\n<p>1.Program dnia<br \/>\nPodaj\u0119 do wiadomo\u015bci nast\u0119puj\u0105cy program dnia<br \/>\nPrzed po\u0142udniem zaj\u0119cia zgodnie z programem dru\u017cyn, Sparta w\u0119dr\u00f3wka<br \/>\nPo po\u0142udniu Ateny w\u0119dr\u00f3wka oraz Mykeny \u2013 niespodzianka<br \/>\nWiecz\u00f3r Ateny oraz Sparta w\u0119dr\u00f3wka, Mykeny \u2013 dalszy ci\u0105g niespodzianki<\/p>\n<p>2.S\u0142u\u017cba<br \/>\nS\u0142u\u017cb\u0119 w dniu dzisiejszym pe\u0142ni zast\u0119p Gwardia Artemidy<br \/>\nInstruktor s\u0142u\u017cbowy dh. hm. Robert Latacz<\/p>\n<p>3.Otwarcie pr\u00f3b na sprawno\u015bci, znak\u00f3w s\u0142u\u017cb i zaliczenie zada\u0144 zespo\u0142owych<br \/>\nOtwieram pr\u00f3b\u0119 na sprawno\u015b\u0107 P\u0142ywaka dh Adamowi Taborek.<br \/>\nOtwieram pr\u00f3b\u0119 na sprawno\u015b\u0107 Robinsona dh. Olafowi Janukowicz, m\u0142. Mateuszowi Robakowskiemu,<br \/>\ndh. Oliwerowi Basi\u0144skiemu oraz dh Juliuszowi Klimas.<br \/>\nOtwieram pr\u00f3b\u0119 na sprawno\u015b\u0107 P\u0142ywaka, Igie\u0142ki oraz Robinsona dh. Oliwerowi Basi\u0144skiemu oraz dh pr\u00f3b\u0119 na<br \/>\nsprawno\u015b\u0107 P\u0142ywaka, Igie\u0142ki Aleksandrze Malince.<br \/>\nOtwieram pr\u00f3b\u0119 na sprawno\u015b\u0107 Higienistki, M\u0142odego P\u0142ywaka, Stra\u017cnika Ognia oraz Pomocnej D\u0142oni dh.<br \/>\nAgnieszce Daneckiej.<br \/>\nOtwieram pr\u00f3b\u0119 na sprawno\u015b\u0107 Wartowniczki, Igie\u0142ki, Pomocnej D\u0142oni oraz Stra\u017cnika Ognia dh. Natalii<br \/>\nSkrzyniarz.<\/p>\n<p>4.Przyznanie plakietki szczepu<br \/>\nNa wniosek dru\u017cynowego 5 DDH \u201ead infinitum\u201d przyznaje plakietk\u0119 szczepu nast\u0119puj\u0105cym druhnom i druhom:<br \/>\ndh. Kameli Caban, dh. Olafowi Janukowicz, dh. Oliwerowi Basi\u0144skiemu.<\/p>\n<p>5. Sprostowanie<br \/>\n5.1 Zatwierdzenie sk\u0142adu zast\u0119p\u00f3w<br \/>\nZatwierdzam sk\u0142ad zast\u0119p\u00f3w:<br \/>\nZast\u0119p Demos \u2013 zast\u0119powy dh. Juliusz Klimas, sk\u0142ad: Marcin Sob\u00f3r, Mateusz Robakowski, Adam Taborek, Olaf Janukowicz, Oliwier Basi\u0144ski.<\/p>\n<p>Czuwaj !<br \/>\nhm. Patrycja Makarska-Chachaj<\/p>\n<p>&#8212;&#8212;&#8212;&#8212;&#8212;&#8212;&#8212;&#8212;&#8212;&#8212;&#8212;&#8212;&#8212;&#8211;<\/p>\n<p>ZHP Chor\u0105giew \u015al\u0105ska Niesulice, dnia 09.07.2014r.<br \/>\nHufiec D\u0105browa G\u00f3rnicza<br \/>\nKomendantka Egaleo<\/p>\n<p><strong>Rozkaz L. 5\/2014<\/strong><\/p>\n<p>1.Program dnia<br \/>\nPodaj\u0119 do wiadomo\u015bci nast\u0119puj\u0105cy program dnia<br \/>\nPrzed po\u0142udniem, popo\u0142udniu i wieczorem zaj\u0119cia zgodnie z programem dru\u017cyn \u2013 Mykeny ci\u0105g dalszy<br \/>\npuszcza\u0144stwa i terenoznawstwa.<\/p>\n<p>2.S\u0142u\u017cba<br \/>\nS\u0142u\u017cb\u0119 w dniu dzisiejszym pe\u0142ni zast\u0119p Demos<br \/>\nInstruktor s\u0142u\u017cbowy dh. hm. Robert Latacz<\/p>\n<p>3.Otwarcie pr\u00f3b na sprawno\u015bci, znak\u00f3w s\u0142u\u017cb i zaliczenie zada\u0144 zespo\u0142owych<br \/>\nOtwieram pr\u00f3b\u0119 na sprawno\u015b\u0107 milczka nast\u0119puj\u0105cym druhnom i druhom: Adam Taborek, Juliusz Klimas,<br \/>\nKamelia Caban.<br \/>\nOtwieram pr\u00f3b\u0119 na sprawno\u015b\u0107 przyrodniczki dh. Agnieszce Daneckiej.<br \/>\nOtwieram pr\u00f3b\u0119 na sprawno\u015b\u0107 wartowniczki i ognika dh. Zuzannie Czubak. <\/p>\n<p>Czuwaj !<br \/>\nhm. Patrycja Makarska-Chachaj<\/p>\n<p>&#8212;&#8212;&#8212;&#8212;&#8212;&#8212;&#8212;&#8212;&#8212;&#8212;&#8212;&#8212;&#8212;&#8211;<\/p>\n<p>ZHP Chor\u0105giew \u015al\u0105ska Niesulice, dnia 10.07.2014r.<br \/>\nHufiec D\u0105browa G\u00f3rnicza<br \/>\nKomendantka Egaleo<br \/>\n<strong><br \/>\nRozkaz L. 6\/2014<\/strong><\/p>\n<p>1.Program dnia<br \/>\nPodaj\u0119 do wiadomo\u015bci nast\u0119puj\u0105cy program dnia<br \/>\nPrzed po\u0142udniem, popo\u0142udniu i wieczorem zaj\u0119cia zgodnie z programem dru\u017cyn.<\/p>\n<p>2. S\u0142u\u017cba<br \/>\nS\u0142u\u017cb\u0119 w dniu dzisiejszym pe\u0142ni zast\u0119p Sparta<br \/>\nInstruktor s\u0142u\u017cbowy dh. pwd. Damian Twarowski.<\/p>\n<p>3. Otwarcie pr\u00f3b na sprawno\u015bci, znak\u00f3w s\u0142u\u017cb i zaliczenie zada\u0144 zespo\u0142owych<br \/>\nOtwieram pr\u00f3b\u0119 na sprawno\u015b\u0107 p\u0142ywaka, igie\u0142ki, przyrodniczki i sanitariuszki dh. Kamelii Caban.<br \/>\nOtwieram pr\u00f3b\u0119 na sprawno\u015b\u0107 milczka dh. Natalii Skrzyniarz.<\/p>\n<p>4.Przyznanie sprawno\u015bci, znak\u00f3w s\u0142u\u017cb i zada\u0144 zespo\u0142owych<br \/>\nPrzyznaj\u0119 sprawno\u015b\u0107 \u201ekronikarki\u201d dh. Aleksandrze Malince.<br \/>\nPrzyznaj\u0119 sprawno\u015b\u0107 \u201egrajka\u201d dh. Zuzannie Czubak.<\/p>\n<p>5. R\u00f3\u017cne<br \/>\n Dzisiaj urodziny swoje obchodz\u0105 dh. Kamelia Caban i zuch Natasza Chachaj. \u017byczymy im spe\u0142nienia marze\u0144,<br \/>\nzdrowia, a tak\u017ce wielkiej przygody oraz wielu przyjaci\u00f3\u0142.<\/p>\n<p>Czuwaj !<br \/>\nhm. Patrycja Makarska-Chachaj<\/p>\n<p>&#8212;&#8212;&#8212;&#8212;&#8212;&#8212;&#8212;&#8212;&#8212;&#8212;&#8212;&#8212;&#8212;-<\/p>\n<p>ZHP Chor\u0105giew \u015al\u0105ska Niesulice, dnia 11.07.2014r.<br \/>\nHufiec D\u0105browa G\u00f3rnicza<br \/>\nKomendantka Egaleo<\/p>\n<p><strong>Rozkaz L. 7\/2014<\/strong><\/p>\n<p>1.Program dnia<br \/>\nPodaj\u0119 do wiadomo\u015bci nast\u0119puj\u0105cy program dnia<br \/>\nPrzed po\u0142udniem, popo\u0142udniu i wieczorem zaj\u0119cia zgodnie z programem dru\u017cyn.<\/p>\n<p>2. S\u0142u\u017cba<br \/>\nS\u0142u\u017cb\u0119 w dniu dzisiejszym pe\u0142ni zast\u0119p Lakedaimon.<br \/>\nInstruktor s\u0142u\u017cbowy dh. pwd. Damian Twarowski.<\/p>\n<p>3. Otwarcie pr\u00f3b na sprawno\u015bci, znak\u00f3w s\u0142u\u017cb i zaliczenie zada\u0144 zespo\u0142owych<br \/>\nOtwieram pr\u00f3by na sprawno\u015b\u0107 stra\u017cnika ognia i wartownika druhom Marcinowi Sob\u00f3r i Olafowi<br \/>\nJanukowiczowi.<\/p>\n<p>4.Przyznanie sprawno\u015bci, znak\u00f3w s\u0142u\u017cb i zada\u0144 zespo\u0142owych<br \/>\nPrzyznaj\u0119 sprawno\u015b\u0107 milczka dh. Juliuszowi Klimas.<\/p>\n<p>5. R\u00f3\u017cne<br \/>\nNajlepsze \u017cyczenia z okazji urodzin dla zucha Oskara Twarowskiego, kt\u00f3remu \u017cyczymy wielu przyja\u017ani i<br \/>\nwspania\u0142ej zabawy na naszym obozie, STO LAT!<\/p>\n<p>5. Sprostowanie<br \/>\nW rozkazie L. 6\/2014 z dnia 10.07.2014r. powinien znale\u017a\u0107 si\u0119 nast\u0119puj\u0105cy zapis:<\/p>\n<p>3. Otwarcie pr\u00f3b na sprawno\u015bci, znak\u00f3w s\u0142u\u017cb i zaliczenie zada\u0144 zespo\u0142owych<br \/>\nOtwieram pr\u00f3b\u0119 na sprawno\u015b\u0107 trzech pi\u00f3r dh. Annie Malince.<\/p>\n<p>Czuwaj !<br \/>\nhm. Patrycja Makarska-Chachaj<\/p>\n<p>&#8212;&#8212;&#8212;&#8212;&#8212;&#8212;&#8212;&#8212;&#8212;&#8212;&#8212;&#8212;&#8212;-<\/p>\n<p>ZHP Chor\u0105giew \u015al\u0105ska Niesulice, dnia 12.07.2014r.<br \/>\nHufiec D\u0105browa G\u00f3rnicza<br \/>\nKomendantka Egaleo<\/p>\n<p><strong>Rozkaz L. 8\/2014<\/strong><\/p>\n<p>1.Program dnia<br \/>\nPodaj\u0119 do wiadomo\u015bci nast\u0119puj\u0105cy program dnia<br \/>\nPrzed po\u0142udniem, popo\u0142udniu i wieczorem zaj\u0119cia zgodnie z programem dru\u017cyn. Mykeny wychodz\u0105 na<br \/>\nw\u0119dr\u00f3wk\u0119. <\/p>\n<p>2. S\u0142u\u017cba<br \/>\nS\u0142u\u017cb\u0119 w dniu dzisiejszym pe\u0142ni sz\u00f3stka Papagu.<br \/>\nInstruktor s\u0142u\u017cbowy dh. pwd. Martyna Filip.<\/p>\n<p>3.Przyznanie sprawno\u015bci, znak\u00f3w s\u0142u\u017cb i zada\u0144 zespo\u0142owych<br \/>\nZamykam z wynikiem negatywnym sprawno\u015b\u0107 milczka dh. Kamelii Caban i dh. Adamowi Taborkowi.<\/p>\n<p>4. R\u00f3\u017cne<br \/>\nW dniu dzisiejszym swoje urodziny obchodzi dh. Ewelina Stanek. Wszyscy \u017cyczymy jej spe\u0142nieni marze\u0144,<br \/>\nsatysfakcji i rado\u015bci z pe\u0142nionych funkcji oraz ca\u0142ego mn\u00f3stwa pozytywnej energii na co dzie\u0144.<\/p>\n<p>Czuwaj !<br \/>\nhm. Patrycja Makarska-Chachaj<\/p>\n<p>&#8212;&#8212;&#8212;&#8212;&#8212;&#8212;&#8212;&#8212;&#8212;&#8212;&#8212;&#8212;&#8212;&#8212;<\/p>\n<p>ZHP Chor\u0105giew \u015al\u0105ska Niesulice, dnia 13.07.2014r.<br \/>\nHufiec D\u0105browa G\u00f3rnicza<br \/>\nKomendantka Egaleo<\/p>\n<p><strong>Rozkaz L. 9\/2014<\/strong><\/p>\n<p>1.Program dnia<br \/>\nPodaj\u0119 do wiadomo\u015bci nast\u0119puj\u0105cy program dnia<br \/>\nPrzed po\u0142udniem \u2013 msza w Niesulicach, popo\u0142udniu &#8211; zaj\u0119cia zgodnie z programem dru\u017cyn, wieczorem ognisko<br \/>\ntrzech szczep\u00f3w.<\/p>\n<p>2. S\u0142u\u017cba<br \/>\nS\u0142u\u017cb\u0119 w dniu dzisiejszym pe\u0142ni sz\u00f3stka Metamorfosis.<br \/>\nInstruktor s\u0142u\u017cbowy dh. pwd. Martyna Filip.<\/p>\n<p>3. Otwarcie pr\u00f3b na sprawno\u015bci, znak\u00f3w s\u0142u\u017cb i zaliczenie zada\u0144 zespo\u0142owych<br \/>\nOtwieram pr\u00f3b\u0119 na sprawno\u015b\u0107 milczka dh. Oliwierowi Basi\u0144skiemu.<br \/>\nOtwieram sprawno\u015b\u0107 galernika zuchom Matyldzie Taborek i Laurze Chyckiej. <\/p>\n<p>4. Przyznanie sprawno\u015bci, znak\u00f3w s\u0142u\u017cb i zada\u0144 zespo\u0142owych<br \/>\nPrzyznaj\u0119 sprawno\u015b\u0107 higienisty dh. Adamowi Taborkowi.<br \/>\nPrzyznaj\u0119 sprawno\u015b\u0107 sobieradka obozowego nast\u0119puj\u0105cym druhnom i druhom: Agnieszce Daneckiej, Kamelii<br \/>\nCaban, Zuzannie Czubak, Aleksandrze Malince, Natalii Skrzyniarz, Olafowi Janukowiczowi, Marcinowi<br \/>\nSoborowi, Juliuszowi Klimasowi, Adamowi Taborkowi i Oliwierowi Basi\u0144skiemu.<\/p>\n<p>5. Pochwa\u0142y, wyr\u00f3\u017cnienia, nagrody.<br \/>\nNa wniosek druha obo\u017anego udzielam szczeg\u00f3lnej pochwa\u0142y zuchowi Matyldzie Taborek za wzorowe pe\u0142nienie<br \/>\ns\u0142u\u017cby wartowniczej na naszym obozie w dniu wczorajszym.<\/p>\n<p>5. R\u00f3\u017cne<br \/>\nSTO LAT! Dla zucha Konrada Cabana z okazji urodzin. Najlepsze \u017cyczenia od ca\u0142ego obozu , du\u017co zdrowia,<br \/>\nrado\u015bci i przyjaci\u00f3\u0142 wko\u0142o.<\/p>\n<p>Czuwaj !<br \/>\nhm. Patrycja Makarska-Chachaj<\/p>\n<p>&#8212;&#8212;&#8212;&#8212;&#8212;&#8212;&#8212;&#8212;&#8212;&#8212;&#8212;&#8212;&#8212;&#8212;-<\/p>\n<p>ZHP Chor\u0105giew \u015al\u0105ska Niesulice, dnia 16.07.2014r.<br \/>\nHufiec D\u0105browa G\u00f3rnicza<br \/>\nKomendantka Egaleo<\/p>\n<p><strong>Rozkaz L. 10\/2014<\/strong><\/p>\n<p>1.Program dnia<br \/>\nPodaj\u0119 do wiadomo\u015bci nast\u0119puj\u0105cy program dnia:<br \/>\nRano olimpiada, popo\u0142udniu Sparta i Mykeny bieg harcerski, Ateny zaj\u0119cia wodne, wieczorem festiwal<br \/>\nzgrupowania.<\/p>\n<p>2. S\u0142u\u017cba<br \/>\nS\u0142u\u017cb\u0119 w dniu dzisiejszym pe\u0142ni sz\u00f3stka Metamorfosis.<br \/>\nInstruktor s\u0142u\u017cbowy dh. pwd. Martyna Filip.<\/p>\n<p>3. Przyznanie sprawno\u015bci, znak\u00f3w s\u0142u\u017cb i zada\u0144 zespo\u0142owych<br \/>\nPrzyznaj\u0119 sprawno\u015b\u0107 higienisty dh. Agnieszce Daneckiej.<br \/>\nPrzyznaj\u0119 sprawno\u015b\u0107 p\u0142ywaka dh. Aleksandrze Malince, dh. Adamowi Taborek.<br \/>\nPrzyznaj\u0119 sprawno\u015b\u0107 m\u0142odej p\u0142ywaczki dh. Agnieszce Daneckiej.<br \/>\nPrzyznaj\u0119 sprawno\u015b\u0107 robinsona dh. Juliuszowi Klimas, dh. Olafowi Janukowiczowi, dh. Oliwerowi<br \/>\nBasi\u0144skiemu, m\u0142. Mateuszowi Robakowskiemu.<br \/>\nPrzyznaj\u0119 sprawno\u015b\u0107 wartownika dh. Zuzannie Czubak, Marcinowi Sob\u00f3r, Olafowi Janukowiczowi.<br \/>\nZamykam z wynikiem negatywnym sprawno\u015b\u0107 milczka dh. Oliwerowi Basi\u0144skiemu.<\/p>\n<p>4. Komunikaty<br \/>\nPrzypominam o trwaj\u0105cych pr\u00f3bach na sprawno\u015bci: wartownika dh. Natalii Skrzyniarz, p\u0142ywaka dh. Kameli<br \/>\nCaban i dh. Oliwera Basi\u0144skiego oraz o dow\u00f3dcy warty m\u0142. Karola \u0141agosz. Dni do ko\u0144ca obozu mijaj\u0105<br \/>\nnieub\u0142aganie, ju\u017c coraz bli\u017cej ko\u0144ca naszej przygody.<\/p>\n<p>5. Sprawy r\u00f3\u017cne<br \/>\n5.1 Dzi\u0119kuj\u0119 ca\u0142ej kadrze za sprawny przebieg wczorajszego dnia w Berlinie.<br \/>\n5.2 W zwi\u0105zku z zapowiadanymi warunkami atmosferycznymi przypominam o konieczno\u015bci posiadania nakry\u0107<br \/>\ng\u0142owy podczas zaj\u0119\u0107 na otwartym terenie oraz uzupe\u0142nienia p\u0142yn\u00f3w w ci\u0105gu dnia. <\/p>\n<p>Czuwaj !<br \/>\nhm. Patrycja Makarska-Chachaj<\/p>\n<p>&#8212;&#8212;&#8212;&#8212;&#8212;&#8212;&#8212;&#8212;&#8212;&#8212;&#8212;&#8212;&#8212;&#8212;<\/p>\n<p>ZHP Chor\u0105giew \u015al\u0105ska Niesulice, dnia 17.07.2014r.<br \/>\nHufiec D\u0105browa G\u00f3rnicza<br \/>\nKomendantka Egaleo<\/p>\n<p><strong>Rozkaz L. 11\/2014<\/strong><\/p>\n<p>1.Program dnia<br \/>\nPodaj\u0119 do wiadomo\u015bci nast\u0119puj\u0105cy program dnia:<br \/>\nRano i popo\u0142udniu zaj\u0119cia zgodnie z programem dru\u017cyn, wieczorem ognisko podsumowuj\u0105ce.<\/p>\n<p>2. S\u0142u\u017cba<br \/>\nS\u0142u\u017cb\u0119 w dniu dzisiejszym pe\u0142ni zast\u0119p Gwardia Artemidy.<br \/>\nInstruktor s\u0142u\u017cbowy dh. pwd. Damian Twarowski.<\/p>\n<p>3. Przyznanie sprawno\u015bci, znak\u00f3w s\u0142u\u017cb i zada\u0144 zespo\u0142owych<br \/>\nPrzyznaj\u0119 sprawno\u015b\u0107 wartownika dh. Natalii Skrzyniarz.<br \/>\nZamykam z wynikiem negatywnym sprawno\u015b\u0107 galernika zuchom Laurze Chyckiej i Matyldzie Taborek.<\/p>\n<p>4.Pochwa\u0142y. Podzi\u0119kowania. Nagrody. Wyr\u00f3\u017cnienia<br \/>\n4.1 Udzielam pochwa\u0142y dh. Roksanie Warmuz i dh. Annie Malince za przygotowanie olimpiady zgrupowania.<br \/>\n4.2Udzielam pochwa\u0142y dh. pwd. Martynie Filip za sprawne zorganizowanie wyst\u0119pu szczepu na festiwalu.<\/p>\n<p>4.3 Bardzo dzi\u0119kuj\u0119 dh. Darii Galant za zorganizowanie biegu harcerskiego oraz wszystkim zaanga\u017cowanym w to wa\u017cne przedsi\u0119wzi\u0119cie. <\/p>\n<p>5. Komunikaty<br \/>\nPodaje do wiadomo\u015bci wyniki biegu harcerskiego:<br \/>\nZ wynikiem pozytywnym bieg na poziomie ochotniczki\/m\u0142odzika uko\u0144czyli: dh. Kamelia Caban, dh. Marcin<br \/>\nSob\u00f3r, dh. Juliusz Klimas, dh. Natalia Skrzyniarz.<br \/>\nZ wynikiem negatywnym bieg na poziomie ochotniczki\/m\u0142odzika uko\u0144czyli: dh. Agnieszka Danecka i dh.<br \/>\nOliwier Basi\u0144ski.<br \/>\nZ wynikiem pozytywnym bieg na poziomie tropicielki\/wywiadowcy uko\u0144czyli: dh. Mateusz Robakowski,<br \/>\ndh. Zuzanna Czubak, dh. Olaf Janukowicz.<br \/>\nZ wynikiem negatywnym bieg na poziomie tropicielki uko\u0144czy\u0142a dh. Aleksandra Malinka.<br \/>\nZ wynikiem negatywnym bieg na poziomie samarytanki uko\u0144czy\u0142a dh. Anna Malinka.<\/p>\n<p>6. Sprawy r\u00f3\u017cne<br \/>\n6.1 Dzi\u0119kuj\u0119 wszystkim za godne reprezentowanie obozu na wczorajszym festiwalu.<br \/>\n6.2 STO LAT! Dla dh. Juliusza Klimasa z okazji urodzin. Najlepsze \u017cyczenia od ca\u0142ego obozu , du\u017co zdrowia, rado\u015bci i przyjaci\u00f3\u0142 wko\u0142o.<\/p>\n<p>Czuwaj !<br \/>\nhm. Patrycja Makarska-Chachaj<\/p>\n<p>&#8212;&#8212;&#8212;&#8212;&#8212;&#8212;&#8212;&#8212;&#8212;&#8212;&#8212;&#8212;&#8212;&#8211;<\/p>\n<p>ZHP Chor\u0105giew \u015al\u0105ska Niesulice, dnia 18.07.2014r.<br \/>\nHufiec D\u0105browa G\u00f3rnicza<br \/>\nKomendantka Egaleo<\/p>\n<p><strong>Rozkaz L. 12\/2014<\/strong><\/p>\n<p>Kochani!<br \/>\nA\u017c trudno uwierzy\u0107 \u017ce mijaj\u0105 dwa tygodnie naszego obozu. Nadchodzi ten moment kiedy musimy po\u017cegna\u0107<br \/>\nmiejsce, kt\u00f3re przez dwa tygodnie by\u0142o naszym domem, miejscem zabawy i odpoczynku od codziennych spraw.<br \/>\nBardzo dzi\u0119kuj\u0119 cz\u0142onkom staro\u017cytnych miast greckich krainy Egaleo za kreatywno\u015b\u0107 i wytrwa\u0142o\u015b\u0107 i za<br \/>\ncodzienne wyzwania dla geruzji, a ca\u0142ej geruzji za w\u0142o\u017cony trud w organizacj\u0119 obozu i pe\u0142nion\u0105 s\u0142u\u017cb\u0119.<br \/>\nDo zobaczenia za rok!<\/p>\n<p>1.Program dnia<br \/>\nPodaj\u0119 do wiadomo\u015bci nast\u0119puj\u0105cy program dnia<br \/>\nPo po\u0142udniu \u2013 wyjazd do D\u0105browy G\u00f3rniczej<\/p>\n<p>2.S\u0142u\u017cba<br \/>\nS\u0142u\u017cb\u0119 w dniu dzisiejszym pe\u0142ni zast\u0119p Lakedaimon.<br \/>\nInstruktor s\u0142u\u017cbowy dh. pwd. Damian Twarowski.<\/p>\n<p>3.Zwolnienia<\/p>\n<p>3. 1 Zwolnienia z funkcji<br \/>\nZ momentem dojazdu do D\u0105browy G\u00f3rniczej zwalniam z funkcji:<br \/>\nzast\u0119pczyni komendantki obozu phm. Dari\u0119 Galant<br \/>\nkwatermistrza obozu hm. Roberta Latacza<br \/>\nzast\u0119pcy komendantki obozu ds. organizacyjnych pwd. Damiana Twarowskiego<br \/>\nzast\u0119pczyni komendantki obozu ds. programu sam. Magdalen\u0119 Robakowsk\u0105.<\/p>\n<p>4. Rozwi\u0105zanie zast\u0119p\u00f3w obozowych<br \/>\nZ momentem dojazdu do D\u0105browy G\u00f3rniczej rozwi\u0105zuj\u0119 zast\u0119py obozowe w nast\u0119puj\u0105cym sk\u0142adzie:<br \/>\nZast\u0119p Gwardia Artemidy &#8211; zast\u0119powa dh. Aleksandra Malinka, sk\u0142ad: Natalia Skrzyniarz, Zuzanna Czubak,<br \/>\nAgnieszka Danecka, Kamelia Caban.<br \/>\nZast\u0119p Demos \u2013 zast\u0119powy dh. Juliusz Klimas, sk\u0142ad: Adam Taborek, Olaf Janukowicz, Oliwier Basi\u0144ski,<br \/>\nMateusz Robakowski, Marcin Sob\u00f3r.<br \/>\nZast\u0119p Sparta \u2013 zast\u0119powy dh. Kacper Szymczak, sk\u0142ad: Karol \u0141agosz, Tomasz Kapcia, Maciej Kokot, Jakub<br \/>\nKokot.<br \/>\nZast\u0119p Lakedaimon \u2013 zast\u0119powa dh. Anna Malinka, sk\u0142ad: Roksana Warmuz, Ewelina Stanek, Magdalena<br \/>\nRobakowska.<br \/>\nZast\u0119p Papagu \u2013 zast\u0119powa Laura Chycka, sk\u0142ad: Patrycja Okienica, Natasza Chachaj, Wiktoria Dobosz,<br \/>\nMatylda Taborek.<br \/>\nZast\u0119p Metamorfosis \u2013 zast\u0119powy Bartosz Zmys\u0142owski, sk\u0142ad: Kamil Szewczyk, Oskar Twarowski, Julian<br \/>\nChory\u0144, Filip Ba\u0144ski, Konrad Caban. <\/p>\n<p>5. Przyznanie sprawno\u015bci, znak\u00f3w s\u0142u\u017cb i zada\u0144 zespo\u0142owych<br \/>\nPrzyznaj\u0119 sprawno\u015b\u0107 \u201ep\u0142ywaka\u201d dh. Kamelii Caban i dh. Oliwierowi Basi\u0144skiemu.<br \/>\nPrzyznaj\u0119 sprawno\u015b\u0107 \u201eognika\u201d dh. Oliwierowi Basi\u0144skiemu oraz dh. Zuzannie Czubak.<br \/>\nZamykam z wynikiem negatywnym pr\u00f3b\u0119 na sprawno\u015b\u0107 trzech pi\u00f3r dh. Annie Malince.<br \/>\nZamykam z wynikiem negatywnym pr\u00f3b\u0119 na sprawno\u015b\u0107 dow\u00f3dcy warty dh. Karolowi \u0141agosz.<\/p>\n<p>6. Pochwa\u0142y. Nagrody. Wyr\u00f3\u017cnienia<br \/>\nNa wniosek dh. Darii Galant udzielam szczeg\u00f3lnej pochwa\u0142y dh. Marcinowi Soborowi za zrealizowany wyczyn i przep\u0142yni\u0119cie jeziora Nies\u0142ysz. Gratuluj\u0119!<br \/>\nNa podstawie g\u0142osowania przeprowadzonego w\u015br\u00f3d cz\u0142onk\u00f3w geruzji postanowiono o przyznaniu szczeg\u00f3lnego<br \/>\nwyr\u00f3\u017cnienia dla zast\u0119powego dh. Kacpra Szymczaka za wykonywanie swoich obowi\u0105zk\u00f3w i prezentowan\u0105<br \/>\npostaw\u0119 po\u015br\u00f3d zast\u0119powych.<br \/>\nW swoim imieniu dzi\u0119kuj\u0119 bardzo ca\u0142ej kadrze za zaanga\u017cowanie w przygotowanie obozu i jego<br \/>\nprzeprowadzenie.<\/p>\n<p>7. Sprawy r\u00f3\u017cne<br \/>\nPrzypominam o konieczno\u015bci zachowania zasad bezpiecze\u0144stwa i porz\u0105dku podczas przejazdu autokarem<br \/>\nzgodnie z obowi\u0105zuj\u0105cymi przepisami.<br \/>\nZgodnie z dokonanymi wyliczeniami podaj\u0119 do wiadomo\u015bci wyniki wsp\u00f3\u0142zawodnictwa zast\u0119p\u00f3w:<br \/>\nMiejsce 1 \u2013 zast\u0119p Sparta pkt 72<br \/>\nMiejsce 2 \u2013 Metamorfosis pkt 70<br \/>\nMiejsce 3 \u2013 Demos pkt 42<br \/>\nMiejsce 4 \u2013 Gwardia Artemidy pkt 39<br \/>\nMiejsce 5 \u2013 Papagu pkt 20<br \/>\nGratuluj\u0119 zwyci\u0119stwa zast\u0119powi Spartan!<\/p>\n<p>Czuwaj !<br \/>\nhm. Patrycja Makarska-Chachaj<\/p>\n","protected":false},"excerpt":{"rendered":"<p>ZHP Chor\u0105giew \u015al\u0105ska Niesulice, dnia 05.07.2014r. Hufiec D\u0105browa G\u00f3rnicza Komendantka Egaleo Rozkaz L. 1\/2014 Kochani! Witam Was serdeczne na pierwszym apelu naszego obozu \u2013 w krainie staro\u017cytnych Grek\u00f3w EGALEO. Niechaj Bogowie sprawuj\u0105 nad Wami opiek\u0119! 1.Program dnia Podaj\u0119 do wiadomo\u015bci &hellip; <a class=\"more-link\" href=\"https:\/\/czarna5.zhp.net.pl\/?page_id=814\">Czytaj dalej <span class=\"meta-nav\">&rarr;<\/span><\/a><\/p>\n","protected":false},"author":1,"featured_media":0,"parent":0,"menu_order":0,"comment_status":"open","ping_status":"open","template":"","meta":[],"_links":{"self":[{"href":"https:\/\/czarna5.zhp.net.pl\/index.php?rest_route=\/wp\/v2\/pages\/814"}],"collection":[{"href":"https:\/\/czarna5.zhp.net.pl\/index.php?rest_route=\/wp\/v2\/pages"}],"about":[{"href":"https:\/\/czarna5.zhp.net.pl\/index.php?rest_route=\/wp\/v2\/types\/page"}],"author":[{"embeddable":true,"href":"https:\/\/czarna5.zhp.net.pl\/index.php?rest_route=\/wp\/v2\/users\/1"}],"replies":[{"embeddable":true,"href":"https:\/\/czarna5.zhp.net.pl\/index.php?rest_route=%2Fwp%2Fv2%2Fcomments&post=814"}],"version-history":[{"count":6,"href":"https:\/\/czarna5.zhp.net.pl\/index.php?rest_route=\/wp\/v2\/pages\/814\/revisions"}],"predecessor-version":[{"id":820,"href":"https:\/\/czarna5.zhp.net.pl\/index.php?rest_route=\/wp\/v2\/pages\/814\/revisions\/820"}],"wp:attachment":[{"href":"https:\/\/czarna5.zhp.net.pl\/index.php?rest_route=%2Fwp%2Fv2%2Fmedia&parent=814"}],"curies":[{"name":"wp","href":"https:\/\/api.w.org\/{rel}","templated":true}]}}