{"id":888,"date":"2014-11-07T09:58:29","date_gmt":"2014-11-07T08:58:29","guid":{"rendered":"http:\/\/czarna5.zhp.net.pl\/?page_id=888"},"modified":"2021-12-14T04:41:09","modified_gmt":"2021-12-14T03:41:09","slug":"pddh-astra","status":"publish","type":"page","link":"https:\/\/czarna5.zhp.net.pl\/?page_id=888","title":{"rendered":"25 D\u0105browska Dru\u017cyna Harcerska &#8222;astra&#8221;"},"content":{"rendered":"<p>Dru\u017cyna harcerska, za\u0142o\u017cona w 2014 roku, dzia\u0142a przy Szkole Podstawowej nr 20 w D\u0105browie G\u00f3rniczej.<br \/>\nSerdecznie zapraszamy wszystkich ch\u0119tnych w wieku 9 &#8211; 13 lat!<br \/>\nZbi\u00f3rki odbywaj\u0105 si\u0119 w ka\u017cdy pi\u0105tek w godzinach 16:20-18:20.<\/p>\n<p>Kontakt:<br \/>\nDru\u017cynowa dh. Natalia Skrzyniarz \u2013 tel. 507-264-072<\/p>\n","protected":false},"excerpt":{"rendered":"<p>Dru\u017cyna harcerska, za\u0142o\u017cona w 2014 roku, dzia\u0142a przy Szkole Podstawowej nr 20 w D\u0105browie G\u00f3rniczej. Serdecznie zapraszamy wszystkich ch\u0119tnych w wieku 9 &#8211; 13 lat! Zbi\u00f3rki odbywaj\u0105 si\u0119 w ka\u017cdy pi\u0105tek w godzinach 16:20-18:20. Kontakt: Dru\u017cynowa dh. Natalia Skrzyniarz \u2013 &hellip; <a class=\"more-link\" href=\"https:\/\/czarna5.zhp.net.pl\/?page_id=888\">Czytaj dalej <span class=\"meta-nav\">&rarr;<\/span><\/a><\/p>\n","protected":false},"author":1,"featured_media":0,"parent":0,"menu_order":0,"comment_status":"closed","ping_status":"closed","template":"","meta":[],"_links":{"self":[{"href":"https:\/\/czarna5.zhp.net.pl\/index.php?rest_route=\/wp\/v2\/pages\/888"}],"collection":[{"href":"https:\/\/czarna5.zhp.net.pl\/index.php?rest_route=\/wp\/v2\/pages"}],"about":[{"href":"https:\/\/czarna5.zhp.net.pl\/index.php?rest_route=\/wp\/v2\/types\/page"}],"author":[{"embeddable":true,"href":"https:\/\/czarna5.zhp.net.pl\/index.php?rest_route=\/wp\/v2\/users\/1"}],"replies":[{"embeddable":true,"href":"https:\/\/czarna5.zhp.net.pl\/index.php?rest_route=%2Fwp%2Fv2%2Fcomments&post=888"}],"version-history":[{"count":10,"href":"https:\/\/czarna5.zhp.net.pl\/index.php?rest_route=\/wp\/v2\/pages\/888\/revisions"}],"predecessor-version":[{"id":2024,"href":"https:\/\/czarna5.zhp.net.pl\/index.php?rest_route=\/wp\/v2\/pages\/888\/revisions\/2024"}],"wp:attachment":[{"href":"https:\/\/czarna5.zhp.net.pl\/index.php?rest_route=%2Fwp%2Fv2%2Fmedia&parent=888"}],"curies":[{"name":"wp","href":"https:\/\/api.w.org\/{rel}","templated":true}]}}