{"id":989,"date":"2015-02-05T19:05:11","date_gmt":"2015-02-05T18:05:11","guid":{"rendered":"http:\/\/czarna5.zhp.net.pl\/?page_id=989"},"modified":"2015-02-05T19:08:02","modified_gmt":"2015-02-05T18:08:02","slug":"rozkazy-zimowiska-w-zawoi","status":"publish","type":"page","link":"https:\/\/czarna5.zhp.net.pl\/?page_id=989","title":{"rendered":"Rozkazy zimowiska w Zawoi"},"content":{"rendered":"<h5>Zwi\u0105zek Harcerstwa Polskiego \u00a0 \u00a0 \u00a0 \u00a0 \u00a0 \u00a0 \u00a0 \u00a0 \u00a0 \u00a0 \u00a0Zawoja, dnia 31.01.2015r.<br \/>\nChor\u0105giew \u015al\u0105ska<br \/>\nHufiec D\u0105browa G\u00f3rnicza<br \/>\nV Szczep Harcerski \u201eCzarna Pi\u0105tka\u201d<br \/>\n8 DDH \u201eZ\u0142ota \u00d3semka\u201d<br \/>\nKomendantka Zimowiska<\/h5>\n<h5><\/h5>\n<h5><strong>Rozkaz L.1\/2015<\/strong><\/h5>\n<h5>Witam serdecznie na zimowych harcach V Szczepu \u201eCzarna Pi\u0105tka\u201d i 8 DDH \u201eZ\u0142ota \u00d3semka\u201d. \u017bycz\u0119 Wam wspania\u0142ego czasu zabawy, przyja\u017ani i \u015bniegu. Zimowisko czas zacz\u0105\u0107!<\/h5>\n<h5>Wyci\u0105g z rozkazu Komendanta Hufca ZHP z dnia 19.12.2014r. L.10\/2014<br \/>\n\u201e3. Dru\u017cyny<br \/>\n3.2 Zmiany organizacyjne<br \/>\nNa wniosek namiestniczki zuchowej zamykam okres pr\u00f3bny i nadaj\u0119 gromadzie \u201eDzielne Muminki\u201d numer 25<\/h5>\n<h5>Na wniosek komendantki V Szczepu \u201eCzarna Pi\u0105tka\u201d zmieniam nazw\u0119 z 50 WDDH \u201eZoya\u201d na 50 DDW \u201eZoya\u201d<\/h5>\n<h5>Powo\u0142uj\u0119 PDDSH \u201eNiez\u0142omni\u201d<\/h5>\n<h5>3.3 Zwolnienia i mianowania dru\u017cynowych<br \/>\nMianuj\u0119 dru\u017cynowym PDDSH \u201eNiez\u0142omi\u201d dh. Artura Gdulskiego\u201d<\/h5>\n<h5>7. Harcerska Akcja Letnia i Zimowa<br \/>\n7.1 Zwolnienia i mianowania komendant\u00f3w<br \/>\nMianuj\u0119 komendantk\u0105 zimowiska w Zawoi dh. hm. Patrycj\u0119 Makarsk\u0105 \u2013 Chachaj\u201d<\/h5>\n<h5>1. Mianowania<br \/>\n1.1 Powo\u0142uj\u0119 komend\u0119 HAZ 2015 w nast\u0119puj\u0105cym sk\u0142adzie:<br \/>\n&#8211; phm. Daria Galant \u2013 zast\u0119pczyni komendantki HAZ<\/h5>\n<h5>&#8211; hm. Robert Latacz \u2013 kwatermistrz HAZ 2015<\/h5>\n<h5>&#8211; sam. Roksana Warmuz \u2013 zast\u0119pczyni komendantki HAZ ds. programu<br \/>\n&#8211; pwd. Damian Twarowski \u2013 obo\u017any<br \/>\n&#8211; zesp\u00f3\u0142 programowy w sk\u0142adzie: dh. Agnieszka Skalska, sam. Ewelina Stanek, sam. Magdalena Robakowska, dh. Julia Majewska, dh. Mateusz W\u00f3jcik, dh. Kacper Szymczak, pwd. Wojciech Godecki.<br \/>\n2. Podaj\u0119 do wiadomo\u015bci nast\u0119puj\u0105cy harmonogram dnia:<\/h5>\n<h5>do 14:30 \u2013 zaj\u0119cia programowe, zaj\u0119cia w dru\u017cynach<br \/>\n14:30 \u2013 obiad, cisza poobiednia, podwieczorek<br \/>\n16:30 \u2013 zaj\u0119cia w dru\u017cynach<br \/>\n19:00 \u2013 kolacja, toaleta wieczorna<br \/>\n20:30 \u2013 kominek integracyjny<br \/>\n22:00 \u2013 cisza nocna<\/h5>\n<h5>Czuwaj!<\/h5>\n<h5>hm. P M-Ch<\/h5>\n<h5>komendantka zimowiska<\/h5>\n<h5>&#8212;&#8212;&#8212;&#8212;&#8212;&#8212;&#8212;&#8212;&#8212;&#8212;&#8212;&#8212;&#8212;&#8212;&#8212;&#8212;&#8212;&#8212;&#8212;&#8212;&#8212;&#8212;&#8212;&#8212;&#8212;&#8212;&#8212;&#8212;<\/h5>\n<h5><\/h5>\n<h5>Zwi\u0105zek Harcerstwa Polskiego \u00a0 \u00a0 \u00a0 \u00a0 \u00a0 \u00a0 \u00a0 \u00a0 \u00a0 \u00a0 \u00a0 \u00a0 \u00a0Zawoja, dnia 01.02.2015r.<br \/>\nChor\u0105giew \u015al\u0105ska<br \/>\nHufiec D\u0105browa G\u00f3rnicza<br \/>\nV Szczep Harcerski \u201eCzarna Pi\u0105tka\u201d<br \/>\n8 DDH \u201eZ\u0142ota \u00d3semka\u201d<br \/>\nKomendantka Zimowiska<\/h5>\n<h5><\/h5>\n<h5><strong>Rozkaz L.2\/2015<\/strong><\/h5>\n<h5>Za nami pierwszy dzie\u0144 harc\u00f3w, perspektywa dnia dzisiejszego jawi si\u0119 r\u00f3wnie aktywnie.<\/h5>\n<h5>1. Podaj\u0119 do wiadomo\u015bci nast\u0119puj\u0105cy harmonogram dnia:<\/h5>\n<h5>08:00 \u2013 \u015bniadanie<\/h5>\n<h5>10:00 \u2013 msza \u015bwi\u0119ta<\/h5>\n<h5>11:30 \u2013 wyjazd na lodowisko<br \/>\n13:30 \u2013 obiad, cisza poobiednia, podwieczorek<br \/>\n16:00 \u2013 zaj\u0119cia w dru\u017cynach<br \/>\n18:30 \u2013 kolacja, toaleta wieczorna<br \/>\n20:30 \u2013 zabawa taneczna<br \/>\n22:00 \u2013 cisza nocna<\/h5>\n<h5>2. S\u0142u\u017cba<\/h5>\n<h5>2.1 S\u0142u\u017cb\u0119 na zimowisku w dniu dzisiejszym pe\u0142ni grupa harcerzy starszych z pokoju nr 2.<\/h5>\n<h5>3. Stopnie, sprawno\u015bci<\/h5>\n<h5>3.1 Na wniosek dru\u017cynowego 8 DDH \u201eZ\u0142ota \u00d3semka\u201d otwieram pr\u00f3b\u0119 na sprawno\u015b\u0107 M\u0142oda Obywatelka dh. Martynie Kondel.<\/h5>\n<h5><\/h5>\n<h5><\/h5>\n<h5>Czuwaj!<\/h5>\n<h5>hm. P M-Ch<\/h5>\n<h5>komendantka zimowiska<\/h5>\n<h5><\/h5>\n<h5>&#8212;&#8212;&#8212;&#8212;&#8212;&#8212;&#8212;&#8212;&#8212;&#8212;&#8212;&#8212;&#8212;&#8212;&#8212;&#8212;&#8212;&#8212;&#8212;&#8212;&#8212;&#8212;&#8212;&#8212;&#8212;&#8212;&#8212;&#8212;&#8212;&#8212;&#8212;&#8212;<\/h5>\n<h5><\/h5>\n<h5>Zwi\u0105zek Harcerstwa Polskiego \u00a0 \u00a0 \u00a0 \u00a0 \u00a0 \u00a0 \u00a0 \u00a0 \u00a0 \u00a0 \u00a0 \u00a0 \u00a0Zawoja, dnia 02.02.2015r.<br \/>\nChor\u0105giew \u015al\u0105ska<br \/>\nHufiec D\u0105browa G\u00f3rnicza<br \/>\nV Szczep Harcerski \u201eCzarna Pi\u0105tka\u201d<br \/>\n8 DDH \u201eZ\u0142ota \u00d3semka\u201d<br \/>\nKomendantka Zimowiska<\/h5>\n<h5><\/h5>\n<h5><strong>Rozkaz L.3\/2015<\/strong><\/h5>\n<h5>1. Podaj\u0119 do wiadomo\u015bci nast\u0119puj\u0105cy harmonogram dnia:<\/h5>\n<h5>08:00 \u2013 \u015bniadanie<br \/>\n09:30 \u2013 wyj\u015bcie na w\u0119dr\u00f3wk\u0119 harcerz, harcerzy starszych, w\u0119drownik\u00f3w; zuchy zaj\u0119cia z z planem pracy<\/h5>\n<h5>13:30 \u2013 zuchy: obiad, cisza poobiednia, a w\u0119dr\u00f3wka trwa<br \/>\n16:00 \u2013 zuchy &#8211; zaj\u0119cia w dru\u017cynach, powr\u00f3t w\u0119dr\u00f3wki<br \/>\nok. 17:00 \u2013 obiad dla w\u0119drowc\u00f3w<\/h5>\n<h5>18:30 \u2013 kolacja dla zuch\u00f3w, toaleta wieczorna<br \/>\n20:30 \u2013 zaj\u0119cia w dru\u017cynach<br \/>\n22:00 \u2013 cisza nocna<\/h5>\n<h5>2. S\u0142u\u017cba<\/h5>\n<h5>2.1 S\u0142u\u017cb\u0119 na zimowisku w dniu dzisiejszym pe\u0142ni grupa harcerzy z pokoju nr 1.<\/h5>\n<h5>Instruktor s\u0142u\u017cbowy dh. Mateusz Robakowski<\/h5>\n<h5>3. Stopnie, sprawno\u015bci<\/h5>\n<h5>3.1 Na wniosek dru\u017cynowego 8 DDH \u201eZ\u0142ota \u00d3semka\u201d otwieram pr\u00f3b\u0119 na sprawno\u015b\u0107<\/h5>\n<h5>Znawczyni zwierz\u0105t dh. Magdalenie Stebleckiej.<\/h5>\n<h5>4. Podaj\u0119 do wiadomo\u015bci, \u017ce w dniu wczorajszy obietnic\u0105 zuchow\u0105 z\u0142o\u017cy\u0142y nast\u0119puj\u0105ce zuchy z 25 DGZ \u201eDzielne Muminki\u201d: Oliwia Kabat, Mateusz Nos, Maja Musia\u0142ek i Lena Pietrasik. W imieniu Druhy dru\u017cynowej i Druha przybocznego oraz kadry zimowiska sk\u0142adamy wielkie gratulacje \u2013 wielkie jak Dolina Mumink\u00f3w.<\/h5>\n<h5>5. Podaj\u0119 do wiadomo\u015bci, i\u017c w dniu dzisiejszym grono instruktorskie naszego szczepu powi\u0119kszy\u0142o si\u0119 o kolejnej, wspania\u0142\u0105 instruktork\u0119. Zobowi\u0105zanie z\u0142o\u017cy\u0142a dh. Magdalena Robakowska, kt\u00f3rej \u017cyczymy owocnej s\u0142u\u017cby na funkcji harcerskiego wychowawcy i realizacji przyj\u0119tych cel\u00f3w.<\/h5>\n<h5>6. Bardzo serdecznie witam w\u015br\u00f3d nas go\u015bci: dh. Magdalen\u0119 Goryl \u2013 przewodnika beskidzkiego oraz dh. Marcina Batona Koniecznego oraz dh. Adama Tworka.<\/h5>\n<h5>7. Sprostowanie<\/h5>\n<h5>W rozkazie specjalnym L.2\/2015 dosz\u0142o do pomy\u0142ki \u2013 pr\u00f3b\u0119 na sprawno\u015b\u0107 M\u0142odej Obywatelki otwar\u0142a dh. Julia Kondel.<\/h5>\n<h5>8. Inne<\/h5>\n<h5>Zobowi\u0105zuj\u0119 kadr\u0119 do szczeg\u00f3lnego przygotowania harcerzy do w\u0119dr\u00f3wki bior\u0105c pod uwag\u0119 panuj\u0105ce warunki zimowe. Do zobaczenia na szczycie!<\/h5>\n<h5><\/h5>\n<h5>Czuwaj!<\/h5>\n<h5>hm. P M-Ch<\/h5>\n<h5>komendantka zimowiska<\/h5>\n<h5><\/h5>\n<h5>&#8212;&#8212;&#8212;&#8212;&#8212;&#8212;&#8212;&#8212;&#8212;&#8212;&#8212;&#8212;&#8212;&#8212;&#8212;&#8212;&#8212;&#8212;&#8212;&#8212;&#8212;&#8212;&#8212;&#8212;&#8212;&#8212;&#8212;&#8212;&#8212;&#8212;&#8212;<\/h5>\n<h5><\/h5>\n<h5>Zwi\u0105zek Harcerstwa Polskiego \u00a0 \u00a0 \u00a0 \u00a0 \u00a0 \u00a0 \u00a0 \u00a0 \u00a0 Zawoja, dnia 03.02.2015r.<br \/>\nChor\u0105giew \u015al\u0105ska<br \/>\nHufiec D\u0105browa G\u00f3rnicza<br \/>\nV Szczep Harcerski \u201eCzarna Pi\u0105tka\u201d<br \/>\n8 \u00a0DDH \u201eZ\u0142ota \u00d3semka\u201d<br \/>\nKomendantka Zimowiska<\/h5>\n<h5><\/h5>\n<h5><strong>Rozkaz L.4\/2015<\/strong><\/h5>\n<h5>1. Podaj\u0119 do wiadomo\u015bci nast\u0119puj\u0105cy harmonogram dnia:<\/h5>\n<h5>08:00 \u2013 \u015bniadanie<\/h5>\n<h5>09:30 \u2013 zaj\u0119cia programowe w dru\u017cynach, bieg harcerski<br \/>\n13:30 \u2013 obiad<\/h5>\n<h5>14:00 \u2013 zaj\u0119cia programowe dla wszystkich uczestnik\u00f3w zimowiska w Zawoi: hala sportowa, strzelnica, zwiedzanie Zawoi<br \/>\n18:30 \u2013 kolacja, toaleta wieczorna<br \/>\n20:30 \u2013 kominek podsumowuj\u0105cy<br \/>\n22:00 \u2013 cisza nocna<\/h5>\n<h5>2. S\u0142u\u017cba<\/h5>\n<h5>2.1 S\u0142u\u017cb\u0119 na zimowisku w dniu dzisiejszym pe\u0142ni grupa harcerek\u00a0 pokoju nr 25.<\/h5>\n<h5>Instruktor s\u0142u\u017cbowy dh. Mateusz Robakowski.<\/h5>\n<h5>3. Stopnie, sprawno\u015bci, pr\u00f3by<\/h5>\n<h5>3.1 Na wniosek dru\u017cynowego 8 DDH \u201eZ\u0142ota \u00d3semka\u201d otwieram pr\u00f3b\u0119 na stopie\u0144 tropicielki ochotniczce Oliwii Kufel.<\/h5>\n<h5>3.2 Na wniosek dru\u017cynowego 8 DDH \u201eZ\u0142ota \u00d3semka\u201d otwieram pr\u00f3b\u0119 na stopie\u0144 \u0107wika dh. Norbertowi Godeckiemu.<\/h5>\n<h5>3.3 Na wniosek przewodnicz\u0105cej KPW z dnia 02.02.2015r. otwieram pr\u00f3b\u0119 na naramiennik w\u0119drowniczy sam. Karolinie Koza.<\/h5>\n<h5>4. Inne<\/h5>\n<h5>Przypominam o konieczno\u015b\u0107 utrzymywania przez nas wszystkich porz\u0105dku na terenie obiektu.<\/h5>\n<h5><\/h5>\n<h5>Czuwaj!<\/h5>\n<h5>hm. P M-Ch<\/h5>\n<h5>komendantka zimowiska<\/h5>\n<h5>&#8212;&#8212;&#8212;&#8212;&#8212;&#8212;&#8212;&#8212;&#8212;&#8212;&#8212;&#8212;&#8212;&#8212;&#8212;&#8212;&#8212;&#8212;&#8212;&#8212;&#8212;&#8212;&#8212;&#8212;&#8212;&#8212;&#8212;&#8212;&#8212;&#8212;&#8212;&#8212;&#8212;&#8212;&#8212;&#8212;&#8212;&#8212;&#8212;&#8212;&#8212;&#8212;&#8212;&#8212;&#8212;<\/h5>\n<h5><\/h5>\n<h5>Zwi\u0105zek Harcerstwa Polskiego \u00a0 \u00a0 \u00a0 \u00a0 \u00a0 \u00a0 \u00a0 \u00a0 \u00a0 \u00a0 \u00a0Zawoja, dnia 04.02.2015r.<br \/>\nChor\u0105giew \u015al\u0105ska<br \/>\nHufiec D\u0105browa G\u00f3rnicza<br \/>\nV Szczep Harcerski \u201eCzarna Pi\u0105tka\u201d<br \/>\n8 DDH \u201eZ\u0142ota \u00d3semka\u201d<br \/>\nKomendantka Zimowiska<\/h5>\n<h5><\/h5>\n<h5><strong>Rozkaz L.5\/2015<\/strong><\/h5>\n<h5><strong>Kochani, dzisiaj ko\u0144czymy nasze zimowe harcowanie w Zawoi. Wracamy pe\u0142ni wiedzy na temat tego, jak \u017cy\u0107 zdrowo. Wykorzystujmy t\u0105 wiedz\u0119 w naszym codziennym \u017cyciu. Bardzo Wam dzi\u0119kuj\u0119 za ten czas.<\/strong><\/h5>\n<h5>1. Zwolnienia z funkcji<\/h5>\n<h5>1.1. Z momentem przyjazdu do D\u0105browy G\u00f3rniczej zwalniam z funkcji nast\u0119puj\u0105ce druhny i druh\u00f3w:<br \/>\n&#8211; phm. Dari\u0119 Galant \u2013 z funkcji zast\u0119pczyni komendantki HAZ<\/h5>\n<h5>&#8211; hm. Roberta Latacza \u2013 z funkcji kwatermistrza HAZ 2015<\/h5>\n<h5>&#8211; sam. Roksan\u0119 Warmuz \u2013 z funkcji zast\u0119pczyni komendantki HAZ ds. programu<br \/>\n&#8211; pwd. Damiana Twarowskiego \u2013 z funkcji obo\u017anego<br \/>\n&#8211; ze sk\u0142adu zespo\u0142u programowego: dh. Agnieszk\u0119 Skalsk\u0105, sam. Ewelin\u0119 Stanek, pwd. Magdalen\u0119 Robakowsk\u0105, dh. Juli\u0119 Majewsk\u0105, dh. Mateusza W\u00f3jcika, dh. Kacpra Szymczaka, pwd. Wojciecha Godeckiego.<\/h5>\n<h5>2. Wst\u0105pienia do organizacji<\/h5>\n<h5>2.1 Podaj\u0119 do wiadomo\u015bci, \u017ce w dniu dzisiejszym, w p\u00f3\u017anych godzinach nocnych i wczesnych godzinach porannych Przyrzeczenie Harcerskie z\u0142o\u017cy\u0142y nast\u0119puj\u0105ce druhny i druhowie:<\/h5>\n<h5>&#8211; Maja Ch\u0119ci\u0144ska, Wiktoria Dobosz &#8211; 5 DDH \u201ead infinitum\u201d<\/h5>\n<h5>&#8211; Natalia Chojnowska, Martyna Nowak, Jessica Religa, Aleksandra Trzeciak, \u0141ukasz Kaznodziej, Pawe\u0142 Kaznodziej, Miko\u0142aj Koza \u2013 8 DDH \u201eZ\u0142ota \u00f3semka\u201d<\/h5>\n<h5>&#8211; Jakub Korona i Piotr Musia\u0142 \u2013 PDDH \u201eastra\u201d<\/h5>\n<h5>3. Rada szczepu<\/h5>\n<h5>3.1 Zmiany osobowe w radzie szczepu<\/h5>\n<h5>3.1.1 Powo\u0142uj\u0119 w sk\u0142ad rady szczepu nast\u0119puj\u0105cych druhny i druh\u00f3w: pwd. Magdalen\u0119 Robakowsk\u0105, sam. Ewelin\u0119 Stanek, odkr. Artura Gdulskiego.<\/h5>\n<h5>4. Zespo\u0142y, komisje<\/h5>\n<h5>4.1 Na wniosek zainteresowanej zwalniam ze sk\u0142adu KPW dh. phm. Dari\u0119 Galant, dzi\u0119kuj\u0105c za pe\u0142nion\u0105 s\u0142u\u017cb\u0119 i okazywane zaanga\u017cowanie w prac\u0119 wychowawcz\u0105 prowadzon\u0105 w zespole w\u0119drowniczym.<\/h5>\n<h5>5. Plakietki szczepu<\/h5>\n<h5>5.1 Na wniosek dru\u017cynowej 5 DDH \u201ead infinitum\u201d przyznaj\u0119 plakietk\u0119 szczepu nast\u0119puj\u0105cym druhnom i druhom: Julii Zarzyckiej, Mai Ch\u0119ci\u0144skiej, Filipowi Ba\u0144skiemu, Adamowi Taborkowi i Bartoszowi Zmys\u0142owskiemu.<\/h5>\n<h5>5.2 Na wniosek dru\u017cynowego PDDH \u201eastra\u201d przyznaj\u0119 plakietk\u0119 szczepu dh. Jakubowi Korona i dh. Piotrowi Musia\u0142owi.<\/h5>\n<h5>6. Stopnie, sprawno\u015bci, pr\u00f3by<\/h5>\n<h5>6.1 Na wniosek dru\u017cynowej 5 DDH \u201ead infinitum\u201d przyznaj\u0119 sprawno\u015b\u0107 Pomocnej d\u0142oni dh. Natalii Skrzyniarz.<\/h5>\n<h5>7. Wyniki biegu harcerskiego.<\/h5>\n<h5>7.1 Informuj\u0119, \u017ce bieg harcerski na stopie\u0144 ochotniczka\/m\u0142odzik z wynikiem negatywnym uko\u0144czy\u0142y nast\u0119puj\u0105ce druhny i druhowie: Piotr Musia\u0142, Bartosz Zmys\u0142owski, Maja Ch\u0119ci\u0144ska, Jakub Korona.<\/h5>\n<h5>7.2 Informuj\u0119, \u017ce bieg harcerski na stopie\u0144 tropicielki z wynikiem negatywnym uko\u0144czy\u0142a dh. Izabela Bukarewicz.<\/h5>\n<h5>7.3 1 Informuj\u0119, \u017ce bieg harcerski na stopie\u0144 ochotniczka\/m\u0142odzik z wynikiem pozytywnym uko\u0144czy\u0142y nast\u0119puj\u0105ce druhny i druhowie: Julia Zarzycka, Agnieszka Danecka, Wojciech Chechelski i Filip Ba\u0144ski.<\/h5>\n<h5>7.4 2 Informuj\u0119, \u017ce bieg harcerski na stopie\u0144 tropicielki z wynikiem pozytywnym uko\u0144czy\u0142y dh. Natalia Skrzyniarz i dh. Martyna Orszulak.<\/h5>\n<h5>8. Pochwa\u0142y, nagrody, wyr\u00f3\u017cnienia<\/h5>\n<h5>8.1 Gratuluj\u0119 8 DDH \u201eZ\u0142ota \u00d3semka\u201d zwyci\u0119stwa w rywalizacji gromad i dru\u017cyn na naszym zimowisku!<\/h5>\n<h5>8.2 Udzielam szczeg\u00f3lnej pochwa\u0142y przybocznym i dru\u017cynowym za zaanga\u017cowanie w przygotowania i organizacj\u0119 zimowiska, elastyczno\u015b\u0107 i umiej\u0119tno\u015b\u0107 wsp\u00f3\u0142pracy.<\/h5>\n<h5>8.3 Sk\u0142adam podzi\u0119kowania hm. Robertowi Lataczow, phm. Darii Galant oraz pwd. Damianowi Twarowskiemu za pe\u0142nion\u0105 s\u0142u\u017cb\u0119 i wzorowe wywi\u0105zywanie si\u0119 z pe\u0142nionych obowi\u0105zk\u00f3w. Praca z Wami to przyjemno\u015b\u0107.<\/h5>\n<h5>8.4 W imieniu uczestnik\u00f3w i kadry zimowiska w Zawoi sk\u0142adam gor\u0105ce podzi\u0119kowania dh. phm. Aleksandrze Nadolnej za pomoc w dofinansowaniu naszego zimowiska.<\/h5>\n<h5>9. Sprostowanie<\/h5>\n<h5>W rozkazie L.4\/2015 dosz\u0142o do pomy\u0142ki \u2013 dh. Norbertowi Godeckiemu zosta\u0142a otwarta pr\u00f3ba na stopie\u0144 odkrywcy.<\/h5>\n<h5><\/h5>\n<h5>Czuwaj!<\/h5>\n<h5>hm. P M-Ch<\/h5>\n<h5>komendantka zimowiska<\/h5>\n<h5><\/h5>\n<h5><\/h5>\n","protected":false},"excerpt":{"rendered":"<p>Zwi\u0105zek Harcerstwa Polskiego \u00a0 \u00a0 \u00a0 \u00a0 \u00a0 \u00a0 \u00a0 \u00a0 \u00a0 \u00a0 \u00a0Zawoja, dnia 31.01.2015r. Chor\u0105giew \u015al\u0105ska Hufiec D\u0105browa G\u00f3rnicza V Szczep Harcerski \u201eCzarna Pi\u0105tka\u201d 8 DDH \u201eZ\u0142ota \u00d3semka\u201d Komendantka Zimowiska Rozkaz L.1\/2015 Witam serdecznie na zimowych harcach V &hellip; <a class=\"more-link\" href=\"https:\/\/czarna5.zhp.net.pl\/?page_id=989\">Czytaj dalej <span class=\"meta-nav\">&rarr;<\/span><\/a><\/p>\n","protected":false},"author":1,"featured_media":0,"parent":0,"menu_order":0,"comment_status":"closed","ping_status":"closed","template":"","meta":[],"_links":{"self":[{"href":"https:\/\/czarna5.zhp.net.pl\/index.php?rest_route=\/wp\/v2\/pages\/989"}],"collection":[{"href":"https:\/\/czarna5.zhp.net.pl\/index.php?rest_route=\/wp\/v2\/pages"}],"about":[{"href":"https:\/\/czarna5.zhp.net.pl\/index.php?rest_route=\/wp\/v2\/types\/page"}],"author":[{"embeddable":true,"href":"https:\/\/czarna5.zhp.net.pl\/index.php?rest_route=\/wp\/v2\/users\/1"}],"replies":[{"embeddable":true,"href":"https:\/\/czarna5.zhp.net.pl\/index.php?rest_route=%2Fwp%2Fv2%2Fcomments&post=989"}],"version-history":[{"count":3,"href":"https:\/\/czarna5.zhp.net.pl\/index.php?rest_route=\/wp\/v2\/pages\/989\/revisions"}],"predecessor-version":[{"id":992,"href":"https:\/\/czarna5.zhp.net.pl\/index.php?rest_route=\/wp\/v2\/pages\/989\/revisions\/992"}],"wp:attachment":[{"href":"https:\/\/czarna5.zhp.net.pl\/index.php?rest_route=%2Fwp%2Fv2%2Fmedia&parent=989"}],"curies":[{"name":"wp","href":"https:\/\/api.w.org\/{rel}","templated":true}]}}